{"id":2104,"date":"2021-03-23T09:33:48","date_gmt":"2021-03-23T09:33:48","guid":{"rendered":"http:\/\/localhost\/nuss\/?page_id=167"},"modified":"2025-12-04T08:42:24","modified_gmt":"2025-12-04T08:42:24","slug":"unsere-geschichte","status":"publish","type":"page","link":"https:\/\/shuiyunlanhotel.com\/de\/our-story\/","title":{"rendered":"Unsere Geschichte"},"content":{"rendered":"<div data-elementor-type=\"wp-page\" data-elementor-id=\"2104\" class=\"elementor elementor-2104\">\n\t\t\t\t\t\t<section class=\"elementor-section elementor-top-section elementor-element elementor-element-8f5bb9d elementor-section-boxed elementor-section-gap-beside-yes elementor-section-height-default elementor-section-height-default elementor-section-column-vertical-align-stretch\" data-id=\"8f5bb9d\" data-element_type=\"section\" data-e-type=\"section\">\n\t\t\t\t\t\t<div class=\"elementor-container elementor-column-gap-extended\">\n\t\t\t\t\t<div class=\"elementor-column elementor-col-100 elementor-top-column elementor-element elementor-element-7ec4215\" data-id=\"7ec4215\" data-element_type=\"column\" data-e-type=\"column\">\n\t\t\t<div class=\"elementor-widget-wrap elementor-element-populated\">\n\t\t\t\t\t\t<div class=\"elementor-element elementor-element-edd9d03 elementor-widget__width-initial elementor-invisible elementor-widget elementor-widget-text-editor\" data-id=\"edd9d03\" data-element_type=\"widget\" data-e-type=\"widget\" data-settings=\"{&quot;_animation&quot;:&quot;nussFadeInUp&quot;}\" data-widget_type=\"text-editor.default\">\n\t\t\t\t\t\t\t\t\tUnsere Geschichte \u2013 Die Reise hinter dem Shuiyunlan Hotel in Wuhan  \t\t\t\t\t\t\t\t<\/div>\n\t\t\t\t\t<\/div>\n\t\t<\/div>\n\t\t\t\t\t<\/div>\n\t\t<\/section>\n\t\t<div class=\"elementor-element elementor-element-d2f641e e-flex e-con-boxed e-con e-parent\" data-id=\"d2f641e\" data-element_type=\"container\" data-e-type=\"container\">\n\t\t\t\t\t<div class=\"e-con-inner\">\n\t\t\t\t<div class=\"elementor-element elementor-element-8200e12 elementor-widget elementor-widget-text-editor\" data-id=\"8200e12\" data-element_type=\"widget\" data-e-type=\"widget\" data-widget_type=\"text-editor.default\">\n\t\t\t\t\t\t\t\t\t<p data-spm-anchor-id=\"a2ty_o01.29997173.0.i81.1216c921uN85es\">Jedes gro\u00dfartige Hotel hat eine Geschichte. Unsere beginnt mit einer einfachen, aber kraftvollen Vision: <strong>Gastfreundschaft in Wuhan neu zu definieren <\/strong> durch Mischen <strong>moderner Komfort, kulturelle Eleganz und pers\u00f6nlicher Service <\/strong> in jedes G\u00e4steerlebnis. Bei <strong>Shuiyunlan Hotel (\u6c34\u4e91\u5170\u9152 Aliexpress) <\/strong>, gelegen in <strong>1-16F, Geb\u00e4ude A, Yinhai Business Building, Jianghan 2nd Road, Bezirk Jianghan, Wuhan, Hubei, China <\/strong>, unsere Reise ist gepr\u00e4gt von Leidenschaft, Zielstrebigkeit und tiefer Wertsch\u00e4tzung f\u00fcr die Stadt, die wir unser Zuhause nennen.<\/p><h4><strong>In der Tradition verwurzelt, f\u00fcr die Zukunft konzipiert <\/strong><\/h4><p>Das Shuiyunlan Hotel entstand aus dem Wunsch, einen Raum zu schaffen, in dem <strong>Tradition trifft Innovation <\/strong>, wo das reiche kulturelle Erbe von <strong>Wuhan und die Provinz Hubei <\/strong> wird durch durchdachtes Design, herzliche Gastfreundschaft und modernen Komfort geehrt. Von Anfang an war es unser Ziel, nicht nur ein Hotel zu bauen, sondern <strong>ein Ziel gestalten <\/strong>\u2013 ein Ort, an dem Reisende beides sp\u00fcren k\u00f6nnen <strong>verbunden mit der Stadt und entfernt von ihrem t\u00e4glichen Stress <\/strong>.<\/p><p>Der Name <strong>\u201eShuiyunlan\u201c (\u6c34\u4e91\u5170) <\/strong> selbst spiegelt diese Philosophie wider. \u201eShui\u201c (\u6c34) bedeutet Wasser und symbolisiert Fl\u00fcssigkeit und Harmonie. \u201eYun\u201c (\u4e91) bedeutet Wolke und steht f\u00fcr Leichtigkeit und Gelassenheit. \u201eLan\u201c (\u5170) bezieht sich auf die Orchidee, ein traditionelles Symbol f\u00fcr Eleganz und Integrit\u00e4t in der chinesischen Kultur. Zusammen verk\u00f6rpern sie unsere Mission: G\u00e4sten ein Erlebnis zu bieten, das <strong>anmutig, ruhig und tief in chinesischen Werten verwurzelt <\/strong>, w\u00e4hrend sie die <strong>Effizienz und Raffinesse der modernen Gastfreundschaft <\/strong>.<\/p><h4><strong>Die Vision hinter der Marke <\/strong><\/h4><p>Im Herzen von <strong>Wuhans Bezirk Jianghan <\/strong>, einem der lebendigsten und historisch bedeutendsten Viertel der Stadt, sahen wir die Chance, etwas wirklich Besonderes zu schaffen. Der Bezirk Jianghan ist seit langem der <strong>wirtschaftlicher und kultureller Herzschlag von Wuhan <\/strong>, bekannt f\u00fcr seine gesch\u00e4ftigen Gesch\u00e4ftsstra\u00dfen, historischen Wahrzeichen und die vielf\u00e4ltige Gemeinschaft. Hier haben wir uns entschieden zu bauen <strong>Shuiyunlan Hotel <\/strong>\u2013 nicht nur als Unterkunft, sondern als <strong>kulturelle Br\u00fccke zwischen Vergangenheit und Gegenwart <\/strong>, zwischen lokalem Charme und globalen Standards.<\/p><p>Unsere Gr\u00fcnder, ein Team von <strong>erfahrene Hotelfachleute und lokale Unternehmer <\/strong>, wurden von der Idee inspiriert, dass ein Hotel mehr sein sollte als nur ein Zimmer mit einem Bett. Es sollte ein <strong>zweites Zuhause <\/strong>, A <strong>Ort der Verbindung <\/strong>und ein <strong>Spiegelbild der Gemeinschaft, der es dient <\/strong>. Mit dieser \u00dcberzeugung machten wir uns daran, ein Hotel zu entwerfen, das <strong>zeichnen sich nicht nur durch seine Annehmlichkeiten aus, sondern auch durch seine Seele <\/strong>.<\/p><h4><strong>Vom Konzept zur Realit\u00e4t \u2013 Schaffung eines einzigartigen G\u00e4steerlebnisses <\/strong><\/h4><p>Der Bau des Shuiyunlan Hotels begann mit einem tiefen Verst\u00e4ndnis daf\u00fcr, was moderne Reisende wirklich sch\u00e4tzen. Wir wussten, dass <strong>Sauberkeit, Komfort und Bequemlichkeit <\/strong> waren wichtig, aber wir glaubten auch, dass <strong>Authentizit\u00e4t, W\u00e4rme und Liebe zum Detail <\/strong> waren ebenso wichtig. Jedes Element des Hotels wurde sorgf\u00e4ltig durchdacht \u2013 von der <strong>Innenarchitektur inspiriert von traditioneller chinesischer \u00c4sthetik <\/strong>, zum <strong>technologiegest\u00fctzte G\u00e4steservices <\/strong>, zum <strong>In unserem Restaurant werden Zutaten aus der Region verwendet <\/strong>.<\/p><p>Wir arbeiteten mit <strong>lokale Handwerker, Architekten und Designer <\/strong> um sicherzustellen, dass jede Ecke des Hotels eine Geschichte erz\u00e4hlt. Das Ergebnis ist ein Raum, der sich sowohl anf\u00fchlt <strong>zeitgen\u00f6ssisch und zeitlos <\/strong>, Wo <strong>nat\u00fcrliche Materialien, sanfte Beleuchtung und kulturelle Motive <\/strong> kommen zusammen, um eine <strong>beruhigende und immersive Umgebung <\/strong>.<\/p><h4><strong>Unser Engagement f\u00fcr exzellenten Service <\/strong><\/h4><p>Vom ersten Gast an, der durch unsere T\u00fcren ging, sind wir unserem Engagement treu geblieben: <strong>Service mit einem L\u00e4cheln und Aufrichtigkeit <\/strong>Unser Team ist nicht nur in den Standards der Gastfreundschaft geschult, sondern auch in der Kunst der <strong>G\u00e4sten das Gef\u00fchl geben, wirklich willkommen und gesch\u00e4tzt zu sein <\/strong>. Ob es eine herzliche Begr\u00fc\u00dfung beim Check-in, eine durchdachte Empfehlung zur Erkundung von Wuhan oder ein mit einem L\u00e4cheln servierter Mitternachtssnack ist, wir glauben, dass <strong>Die kleinsten Gesten hinterlassen oft die gr\u00f6\u00dfte Wirkung <\/strong>.<\/p><p>Diese Hingabe zum Service hat uns <strong>gro\u00dfes Lob von G\u00e4sten aus aller Welt <\/strong>und hat uns geholfen, einen Ruf als einer der <strong>die vertrauensw\u00fcrdigsten und g\u00e4steorientiertesten Hotels in Wuhan <\/strong>.<\/p><h4><strong>Im Dienste der Gemeinschaft und dar\u00fcber hinaus <\/strong><\/h4><p>W\u00e4hrend unsere T\u00fcren f\u00fcr Reisende aus ganz China und der ganzen Welt offen stehen, sind wir auch stolz darauf, ein aktives Mitglied der <strong>Wuhan-Gemeinde <\/strong>Wir arbeiten zusammen mit <strong>lokale Unternehmen, Kultureinrichtungen und Tourismusorganisationen <\/strong> um das Erbe und die Attraktionen der Stadt zu f\u00f6rdern. Wir veranstalten <strong>kulturelle Veranstaltungen, Pr\u00e4sentationen lokaler Speisen und Gemeindetreffen <\/strong>und wir streben danach, ein <strong>verantwortungsvolles und nachhaltiges Wirtschaften <\/strong>, unterst\u00fctzt lokale Arbeitspl\u00e4tze und umweltfreundliche Praktiken.<\/p><h4><strong>Blick nach vorn \u2013 Unsere Zukunft wurzelt in unseren Werten <\/strong><\/h4><p>W\u00e4hrend wir weiter wachsen, bleibt unsere Mission unver\u00e4ndert: Wir bieten eine <strong>wirklich einzigartiges und bedeutungsvolles Gastfreundschaftserlebnis <\/strong> Das spiegelt den Geist von Wuhan und die W\u00e4rme der chinesischen Kultur wider. Egal, ob Sie gesch\u00e4ftlich, privat oder einfach nur auf der Durchreise sind, wir hoffen, dass Ihre Zeit bei <strong>Shuiyunlan Hotel <\/strong> wird ein Teil Ihrer eigenen Geschichte \u2013 eine Geschichte voller <strong>Trost, Verbundenheit und unvergessliche Erinnerungen <\/strong>.<\/p><div class=\"py-2 my-3\"><hr \/><\/div><h3>\ud83d\udccd <strong>Werden Sie Teil unserer Geschichte <\/strong><\/h3><p>Bei <strong>Shuiyunlan Hotel <\/strong>Wir glauben, dass jeder Gast Teil unserer Reise ist. Ihr Aufenthalt bei uns ist mehr als nur ein Besuch \u2013 es ist ein gemeinsamer Moment in einer Geschichte, die sich st\u00e4ndig weiterentwickelt.<\/p><p data-spm-anchor-id=\"a2ty_o01.29997173.0.i79.1216c921uN85es\"><strong>Besuchen Sie uns in Wuhan. <\/strong><br \/><strong>1-16F, Geb\u00e4ude A, Yinhai Business Building, Jianghan 2nd Road, Bezirk Jianghan, Wuhan, Hubei, China <\/strong><\/p>\t\t\t\t\t\t\t\t<\/div>\n\t\t\t\t\t<\/div>\n\t\t\t\t<\/div>\n\t\t\t\t<\/div>","protected":false},"excerpt":{"rendered":"<p>Our Story \u2013 The Journey Behind Shuiyunlan Hotel in Wuhan Every great hotel has a story. Ours begins with a simple yet powerful vision: to redefine hospitality in Wuhan by blending modern comfort, cultural elegance, and personalized service into every guest experience. At Shuiyunlan Hotel (\u6c34\u4e91\u5170\u9152\u5e97) , located at 1-16F, Building A, Yinhai Business Building, [&hellip;]<\/p>\n","protected":false},"author":1,"featured_media":0,"parent":0,"menu_order":0,"comment_status":"closed","ping_status":"closed","template":"","meta":{"footnotes":""},"class_list":["post-2104","page","type-page","status-publish","hentry","post-no-thumbnail"],"_links":{"self":[{"href":"https:\/\/shuiyunlanhotel.com\/de\/wp-json\/wp\/v2\/pages\/2104","targetHints":{"allow":["GET"]}}],"collection":[{"href":"https:\/\/shuiyunlanhotel.com\/de\/wp-json\/wp\/v2\/pages"}],"about":[{"href":"https:\/\/shuiyunlanhotel.com\/de\/wp-json\/wp\/v2\/types\/page"}],"author":[{"embeddable":true,"href":"https:\/\/shuiyunlanhotel.com\/de\/wp-json\/wp\/v2\/users\/1"}],"replies":[{"embeddable":true,"href":"https:\/\/shuiyunlanhotel.com\/de\/wp-json\/wp\/v2\/comments?post=2104"}],"version-history":[{"count":0,"href":"https:\/\/shuiyunlanhotel.com\/de\/wp-json\/wp\/v2\/pages\/2104\/revisions"}],"wp:attachment":[{"href":"https:\/\/shuiyunlanhotel.com\/de\/wp-json\/wp\/v2\/media?parent=2104"}],"curies":[{"name":"wp","href":"https:\/\/api.w.org\/{rel}","templated":true}]}}