{"id":2106,"date":"2021-03-25T04:08:26","date_gmt":"2021-03-25T04:08:26","guid":{"rendered":"http:\/\/localhost\/nuss\/?page_id=298"},"modified":"2025-07-18T05:44:03","modified_gmt":"2025-07-18T05:44:03","slug":"erlebnisse","status":"publish","type":"page","link":"https:\/\/shuiyunlanhotel.com\/de\/experiences\/","title":{"rendered":"Kundenerfahrungen &amp; Bewertungen"},"content":{"rendered":"<div data-elementor-type=\"wp-page\" data-elementor-id=\"2106\" class=\"elementor elementor-2106\">\n\t\t\t\t\t\t<section class=\"elementor-section elementor-top-section elementor-element elementor-element-1954ffc elementor-section-boxed elementor-section-gap-beside-yes elementor-section-height-default elementor-section-height-default elementor-section-column-vertical-align-stretch\" data-id=\"1954ffc\" data-element_type=\"section\" data-e-type=\"section\">\n\t\t\t\t\t\t<div class=\"elementor-container elementor-column-gap-extended\">\n\t\t\t\t\t<div class=\"elementor-column elementor-col-100 elementor-top-column elementor-element elementor-element-86aebc5\" data-id=\"86aebc5\" data-element_type=\"column\" data-e-type=\"column\">\n\t\t\t<div class=\"elementor-widget-wrap elementor-element-populated\">\n\t\t\t\t\t\t<div class=\"elementor-element elementor-element-11803d1 elementor-widget__width-initial elementor-invisible elementor-widget elementor-widget-text-editor\" data-id=\"11803d1\" data-element_type=\"widget\" data-e-type=\"widget\" data-settings=\"{&quot;_animation&quot;:&quot;nussFadeInUp&quot;}\" data-widget_type=\"text-editor.default\">\n\t\t\t\t\t\t\t\t\tEchte G\u00e4steerfahrungen und Bewertungen \u2013 Was Reisende \u00fcber das Shuiyunlan Hotel in Wuhan sagen  \t\t\t\t\t\t\t\t<\/div>\n\t\t\t\t\t<\/div>\n\t\t<\/div>\n\t\t\t\t\t<\/div>\n\t\t<\/section>\n\t\t<div class=\"elementor-element elementor-element-c7ae51e e-flex e-con-boxed e-con e-parent\" data-id=\"c7ae51e\" data-element_type=\"container\" data-e-type=\"container\">\n\t\t\t\t\t<div class=\"e-con-inner\">\n\t\t\t\t<div class=\"elementor-element elementor-element-722cfb1 elementor-widget elementor-widget-text-editor\" data-id=\"722cfb1\" data-element_type=\"widget\" data-e-type=\"widget\" data-widget_type=\"text-editor.default\">\n\t\t\t\t\t\t\t\t\t<p data-spm-anchor-id=\"a2ty_o01.29997173.0.i57.1216c921uN85es\">Bei <strong>Shuiyunlan Hotel (\u6c34\u4e91\u5170\u9152 Aliexpress) <\/strong>, gelegen im Herzen von <strong>Wuhans Bezirk Jianghan <\/strong>Wir glauben, dass der wahre Ma\u00dfstab unseres Erfolgs in den Erfahrungen und dem Feedback unserer G\u00e4ste liegt. Mit unserer erstklassigen Lage am <strong>1.-16. Stock, Geb\u00e4ude A, Yinhai-Gesch\u00e4ftsgeb\u00e4ude, Jianghan 2. Stra\u00dfe <\/strong>und unser unersch\u00fctterliches Engagement f\u00fcr die Gastfreundschaft haben wir uns den Ruf als einer der <strong>die vertrauensw\u00fcrdigsten und am besten bewerteten Hotels in Wuhan <\/strong>.<\/p><p>Im Laufe der Jahre haben Reisende aus aller Welt \u2013 Gesch\u00e4ftsleute, Familien, Alleinreisende und Touristen \u2013 das Shuiyunlan Hotel aufgrund seiner <strong>moderne Annehmlichkeiten, au\u00dfergew\u00f6hnlicher Service und strategische Lage <\/strong>. Ihre begeisterten Bewertungen und Erfahrungsberichte auf <strong>TripAdvisor, Ctrip, Qunar, Booking.com und andere Online-Reiseb\u00fcros (OTAs) <\/strong> spiegeln unser Engagement wider, Ihnen einen unvergesslichen und komfortablen Aufenthalt zu bieten.<\/p><h4><strong>Au\u00dfergew\u00f6hnlicher Service, der einen bleibenden Eindruck hinterl\u00e4sst <\/strong><\/h4><p>Eines der best\u00e4ndigsten Themen in unseren G\u00e4stebewertungen ist die <strong>herzlicher und professioneller Service <\/strong> Unser mehrsprachiges Personal sorgt f\u00fcr beste Qualit\u00e4t. G\u00e4ste loben h\u00e4ufig die <strong>aufmerksames Rezeptionsteam <\/strong>, <strong>prompter Reinigungsservice <\/strong>und die <strong>hilfsbereiter Concierge <\/strong>, die alles daran setzen, dass sich jeder Besucher willkommen und gut aufgehoben f\u00fchlt.<\/p><blockquote><p><em>\u201eDas Personal war unglaublich freundlich und hilfsbereit. Sie haben sogar einen Flughafentransfer f\u00fcr uns organisiert und uns Tipps zu den besten Restaurants in der N\u00e4he gegeben. Definitiv ein Highlight unseres Aufenthaltes!\u201c <\/em><br \/>\u2013 <strong>TripAdvisor-Rezensent <\/strong>, Wuhan, China<\/p><\/blockquote><h4><strong>Komfortable, moderne Zimmer, die die Erwartungen \u00fcbertreffen <\/strong><\/h4><p>Reisende bewerten unsere <strong>ger\u00e4umige und gepflegte Zimmer <\/strong> hoch, insbesondere die <strong>ergonomische Raumaufteilung, saubere Bettw\u00e4sche und moderne Einrichtung <\/strong>Viele G\u00e4ste sch\u00e4tzen die <strong>schallisolierte Fenster <\/strong>, <strong>Highspeed-WLAN <\/strong>, Und <strong>Panoramablick auf die Stadt <\/strong> von unseren oberen Etagen aus, die nach einem langen Tag voller Erkundungen in Wuhan oder der Teilnahme an Meetings einen ruhigen R\u00fcckzugsort bieten.<\/p><blockquote><p><em>\u201eIch war wirklich beeindruckt vom Zimmer \u2013 sauber, ruhig und wundersch\u00f6n eingerichtet. Das Bett war super bequem und das Badezimmer hatte alles, was man von einem Luxushotel erwartet.\u201c <\/em><br \/>\u2013 <strong>Ctrip-Rezensent <\/strong>, Shanghai, China<\/p><\/blockquote><h4><strong>Strategische Lage, beliebt bei Gesch\u00e4fts- und Urlaubsreisenden <\/strong><\/h4><p>Unser <strong>zentrale Lage im Wuhaner Bezirk Jianghan <\/strong> ist weiterhin ein gro\u00dfer Anziehungspunkt f\u00fcr G\u00e4ste. Nur wenige Schritte entfernt von <strong>U-Bahn-Station Jianghan 2nd Road <\/strong> und umgeben von gro\u00dfen Gesch\u00e4ftszentren, Einkaufszentren und Restaurants, wird unser Hotel f\u00fcr seine <strong>Komfort und Zug\u00e4nglichkeit <\/strong>.<\/p><blockquote><p><em>\u201ePerfekte Lage f\u00fcr Gesch\u00e4ftsreisen nach Wuhan. Nur 5 Gehminuten zum B\u00fcro unseres Kunden und in der N\u00e4he vieler toller Restaurants. Ich werde auf jeden Fall wieder hier \u00fcbernachten!\u201c <\/em><br \/>\u2013 <strong>Booking.com-Rezensent <\/strong>, Guangzhou, China<\/p><\/blockquote><h4><strong>Ausgezeichnete Einrichtungen und zus\u00e4tzliche Verg\u00fcnstigungen <\/strong><\/h4><p>G\u00e4ste heben h\u00e4ufig unsere <strong>moderne Hotelausstattung <\/strong>, einschlie\u00dflich der <strong>24-Stunden-Businesscenter <\/strong>, <strong>Caf\u00e9 vor Ort <\/strong>, <strong>Fitnesscenter <\/strong>, Und <strong>Tagungsr\u00e4ume <\/strong>Viele Gesch\u00e4ftsreisende sch\u00e4tzen die <strong>gut ausgestattete Konferenzr\u00e4ume <\/strong>, w\u00e4hrend Freizeitg\u00e4ste die <strong>entspannende Atmosph\u00e4re <\/strong> Und <strong>Preis-Leistungs-Verh\u00e4ltnis <\/strong>.<\/p><blockquote><p><em>\u201eDieses Hotel bietet alles, was man braucht \u2013 tolles Fr\u00fchst\u00fcck, schnelles Internet und sogar ein kleines Fitnessstudio. Das Business Center war f\u00fcr meine Last-Minute-Pr\u00e4sentation eine echte Rettung.\u201c <\/em><br \/>\u2013 <strong>Qunar-Rezensent <\/strong>, Peking, China<\/p><\/blockquote><h4><strong>Konstant hohe Bewertungen auf den wichtigsten Bewertungsplattformen <\/strong><\/h4><p>Das Shuiyunlan Hotel ist stolz darauf, <strong>konstant hohe Bewertungen auf allen gro\u00dfen Online-Reiseplattformen <\/strong>, einschlie\u00dflich:<\/p><ul><li><strong>TripAdvisor: \u2605\u2605\u2605\u2605\u2606 (4,5\/5) <\/strong> \u2013 Basierend auf Hunderten von verifizierten G\u00e4stebewertungen, die unseren Service, unsere Sauberkeit und unsere Lage loben<\/li><li><strong>Ctrip: 4,7\/5 <\/strong> \u2013 Mit einem speziellen \u201eTop Business Hotel\u201c-Abzeichen f\u00fcr herausragende Leistungen in der Zufriedenheit von Gesch\u00e4ftsreisenden<\/li><li><strong>Qunar: 4,6\/5 <\/strong> \u2013 H\u00e4ufig in Top-Hotellisten f\u00fcr Wuhan aufgef\u00fchrt<\/li><li><strong>Booking.com: 8,9\/10 <\/strong> \u2013 Hohe Bewertungen f\u00fcr Sauberkeit, Freundlichkeit des Personals und Preis-Leistungs-Verh\u00e4ltnis<\/li><\/ul><p>Diese Bewertungen spiegeln unser anhaltendes Engagement wider, <strong>ein nahtloses und zufriedenstellendes G\u00e4steerlebnis <\/strong>.<\/p><h4><strong>Was G\u00e4ste am Shuiyunlan Hotel am meisten lieben <\/strong><\/h4><p>Basierend auf echtem Feedback von echten G\u00e4sten sind hier einige der wichtigsten Gr\u00fcnde, warum sich Reisende f\u00fcr das Shuiyunlan Hotel entscheiden:<\/p><p>\u2705 <strong>Saubere und moderne Zimmer mit zeitgen\u00f6ssischem Dekor <\/strong><br \/>\u2705 <strong>Freundliches und professionelles Personal <\/strong><br \/>\u2705 <strong>Ausgezeichnete Lage im Herzen von Wuhan <\/strong><br \/>\u2705 <strong>Tolles Preis-Leistungs-Verh\u00e4ltnis <\/strong><br \/>\u2705 <strong>Schnelles und zuverl\u00e4ssiges WLAN f\u00fcr den gesch\u00e4ftlichen und privaten Gebrauch <\/strong><br \/>\u2705 <strong>Bequemer Zugang zu U-Bahn-Linien, Einkaufsm\u00f6glichkeiten und Restaurants <\/strong><br \/>\u2705 <strong>24\/7-Service f\u00fcr sp\u00e4te Ank\u00fcnfte und fr\u00fche Abreisen <\/strong><\/p><h4><strong>Schlie\u00dfen Sie sich den Reihen unserer zufriedenen G\u00e4ste an <\/strong><\/h4><p>Wir sind unglaublich stolz auf das positive Feedback, das wir im Laufe der Jahre erhalten haben, und wir streben weiterhin nach Exzellenz in jedem Aspekt unseres Services. Egal, ob Sie Wuhan besuchen f\u00fcr <strong>Gesch\u00e4fts-, Urlaubs- oder Familienreisen <\/strong>, Shuiyunlan Hotel verspricht eine <strong>komfortabler, unvergesslicher und stressfreier Aufenthalt <\/strong>.<\/p><p>Wir laden Sie ein, mehr von unserem <strong>echte G\u00e4stebewertungen <\/strong> An <strong>TripAdvisor, Ctrip, Qunar und Booking.com <\/strong>und erleben Sie die <strong>Shuiyunlan-Unterschied <\/strong> f\u00fcr dich selbst.<\/p><div class=\"py-2 my-3\"><hr \/><\/div><h3>\ud83d\udccd <strong>Besuchen Sie uns noch heute <\/strong><\/h3><p data-spm-anchor-id=\"a2ty_o01.29997173.0.i58.1216c921uN85es\"><strong>Shuiyunlan Hotel (\u6c34\u4e91\u5170\u9152 Aliexpress) <\/strong><br \/>1-16F, Geb\u00e4ude A, Yinhai Business Building, Jianghan 2nd Road, Bezirk Jianghan, Wuhan, Hubei, China<\/p>\t\t\t\t\t\t\t\t<\/div>\n\t\t\t\t\t<\/div>\n\t\t\t\t<\/div>\n\t\t\t\t<\/div>","protected":false},"excerpt":{"rendered":"<p>Real Guest Experiences &#038; Reviews \u2013 What Travelers Are Saying About Shuiyunlan Hotel in Wuhan At Shuiyunlan Hotel (\u6c34\u4e91\u5170\u9152\u5e97) , located in the heart of Wuhan\u2019s Jianghan District , we believe that the true measure of our success lies in the experiences and feedback of our guests. With our prime location at 1-16F, Building A, [&hellip;]<\/p>\n","protected":false},"author":1,"featured_media":0,"parent":0,"menu_order":0,"comment_status":"closed","ping_status":"closed","template":"","meta":{"footnotes":""},"class_list":["post-2106","page","type-page","status-publish","hentry","post-no-thumbnail"],"_links":{"self":[{"href":"https:\/\/shuiyunlanhotel.com\/de\/wp-json\/wp\/v2\/pages\/2106","targetHints":{"allow":["GET"]}}],"collection":[{"href":"https:\/\/shuiyunlanhotel.com\/de\/wp-json\/wp\/v2\/pages"}],"about":[{"href":"https:\/\/shuiyunlanhotel.com\/de\/wp-json\/wp\/v2\/types\/page"}],"author":[{"embeddable":true,"href":"https:\/\/shuiyunlanhotel.com\/de\/wp-json\/wp\/v2\/users\/1"}],"replies":[{"embeddable":true,"href":"https:\/\/shuiyunlanhotel.com\/de\/wp-json\/wp\/v2\/comments?post=2106"}],"version-history":[{"count":0,"href":"https:\/\/shuiyunlanhotel.com\/de\/wp-json\/wp\/v2\/pages\/2106\/revisions"}],"wp:attachment":[{"href":"https:\/\/shuiyunlanhotel.com\/de\/wp-json\/wp\/v2\/media?parent=2106"}],"curies":[{"name":"wp","href":"https:\/\/api.w.org\/{rel}","templated":true}]}}