{"id":5266,"date":"2021-07-18T08:03:35","date_gmt":"2021-07-18T08:03:35","guid":{"rendered":"https:\/\/nuss.uxper.co\/luxury-resort\/?page_id=5266"},"modified":"2025-12-04T08:41:44","modified_gmt":"2025-12-04T08:41:44","slug":"uber-uns","status":"publish","type":"page","link":"https:\/\/shuiyunlanhotel.com\/de\/about-us\/","title":{"rendered":"\u00dcber uns"},"content":{"rendered":"<div data-elementor-type=\"wp-page\" data-elementor-id=\"5266\" class=\"elementor elementor-5266\">\n\t\t\t\t\t\t<section class=\"elementor-section elementor-top-section elementor-element elementor-element-10416953 elementor-section-boxed elementor-section-gap-beside-yes elementor-section-height-default elementor-section-height-default elementor-section-column-vertical-align-stretch\" data-id=\"10416953\" data-element_type=\"section\" data-e-type=\"section\">\n\t\t\t\t\t\t<div class=\"elementor-container elementor-column-gap-extended\">\n\t\t\t\t\t<div class=\"elementor-column elementor-col-100 elementor-top-column elementor-element elementor-element-29c6aa8\" data-id=\"29c6aa8\" data-element_type=\"column\" data-e-type=\"column\">\n\t\t\t<div class=\"elementor-widget-wrap elementor-element-populated\">\n\t\t\t\t\t\t<div class=\"elementor-element elementor-element-7be18fe7 elementor-widget__width-initial elementor-invisible elementor-widget elementor-widget-text-editor\" data-id=\"7be18fe7\" data-element_type=\"widget\" data-e-type=\"widget\" data-settings=\"{&quot;_animation&quot;:&quot;nussFadeInUp&quot;}\" data-widget_type=\"text-editor.default\">\n\t\t\t\t\t\t\t\t\tWillkommen im Shuiyunlan Hotel \u2013 einem ruhigen R\u00fcckzugsort im Herzen von Wuhan  \t\t\t\t\t\t\t\t<\/div>\n\t\t\t\t\t<\/div>\n\t\t<\/div>\n\t\t\t\t\t<\/div>\n\t\t<\/section>\n\t\t\t\t<section class=\"elementor-section elementor-top-section elementor-element elementor-element-7d18327f elementor-section-boxed elementor-section-gap-beside-yes elementor-section-height-default elementor-section-height-default elementor-section-column-vertical-align-stretch\" data-id=\"7d18327f\" data-element_type=\"section\" data-e-type=\"section\">\n\t\t\t\t\t\t<div class=\"elementor-container elementor-column-gap-extended\">\n\t\t\t\t\t<div class=\"elementor-column elementor-col-50 elementor-top-column elementor-element elementor-element-56533670\" data-id=\"56533670\" data-element_type=\"column\" data-e-type=\"column\">\n\t\t\t<div class=\"elementor-widget-wrap elementor-element-populated\">\n\t\t\t\t\t\t<div class=\"elementor-element elementor-element-19c3f543 elementor-invisible elementor-widget elementor-widget-text-editor\" data-id=\"19c3f543\" data-element_type=\"widget\" data-e-type=\"widget\" data-settings=\"{&quot;_animation&quot;:&quot;nussFadeInUp&quot;}\" data-widget_type=\"text-editor.default\">\n\t\t\t\t\t\t\t\t\t<p data-spm-anchor-id=\"a2ty_o01.29997173.0.i4.1216c921uN85es\">Eingebettet in die pulsierende <strong>Bezirk Jianghan <\/strong> von <strong>Wuhan, Provinz Hubei <\/strong>, <strong>Shuiyunlan Hotel (\u6c34\u4e91\u5170\u9152 Aliexpress) <\/strong> bietet eine ruhige Flucht aus der Hektik der Stadt. Befindet sich in <strong>1.-16. Stock, Geb\u00e4ude A, Yinhai-Gesch\u00e4ftsgeb\u00e4ude, Jianghan 2. Stra\u00dfe <\/strong>Dieses elegante Hotel verbindet modernen Komfort mit traditioneller chinesischer Gastfreundschaft und ist damit das perfekte Reiseziel f\u00fcr Gesch\u00e4fts- und Urlaubsreisende.<\/p>\t\t\t\t\t\t\t\t<\/div>\n\t\t\t\t\t<\/div>\n\t\t<\/div>\n\t\t\t\t<div class=\"elementor-column elementor-col-50 elementor-top-column elementor-element elementor-element-30f14127\" data-id=\"30f14127\" data-element_type=\"column\" data-e-type=\"column\">\n\t\t\t<div class=\"elementor-widget-wrap elementor-element-populated\">\n\t\t\t\t\t\t<div class=\"elementor-element elementor-element-1c8a86c elementor-widget elementor-widget-image\" data-id=\"1c8a86c\" data-element_type=\"widget\" data-e-type=\"widget\" data-widget_type=\"image.default\">\n\t\t\t\t\t\t\t\t\t\t\t\t\t\t\t<img fetchpriority=\"high\" decoding=\"async\" width=\"1024\" height=\"682\" src=\"https:\/\/shuiyunlanhotel.com\/wp-content\/uploads\/2025\/07\/Shuiyunlan-Hotel-94-1024x682.webp\" class=\"attachment-large size-large wp-image-5646\" alt=\"\" srcset=\"https:\/\/shuiyunlanhotel.com\/wp-content\/uploads\/2025\/07\/Shuiyunlan-Hotel-94-1024x682.webp 1024w, https:\/\/shuiyunlanhotel.com\/wp-content\/uploads\/2025\/07\/Shuiyunlan-Hotel-94-300x200.webp 300w, https:\/\/shuiyunlanhotel.com\/wp-content\/uploads\/2025\/07\/Shuiyunlan-Hotel-94-768x512.webp 768w, https:\/\/shuiyunlanhotel.com\/wp-content\/uploads\/2025\/07\/Shuiyunlan-Hotel-94.webp 1280w\" sizes=\"(max-width: 1024px) 100vw, 1024px\" \/>\t\t\t\t\t\t\t\t\t\t\t\t\t\t\t<\/div>\n\t\t\t\t\t<\/div>\n\t\t<\/div>\n\t\t\t\t\t<\/div>\n\t\t<\/section>\n\t\t\t\t<section class=\"elementor-section elementor-top-section elementor-element elementor-element-29fb8578 elementor-section-height-min-height elementor-section-stretched elementor-section-full_width elementor-section-items-stretch elementor-section-height-default elementor-section-column-vertical-align-stretch\" data-id=\"29fb8578\" data-element_type=\"section\" data-e-type=\"section\" data-settings=\"{&quot;stretch_section&quot;:&quot;section-stretched&quot;}\">\n\t\t\t\t\t\t<div class=\"elementor-container elementor-column-gap-no\">\n\t\t\t\t\t<div class=\"elementor-column elementor-col-50 elementor-top-column elementor-element elementor-element-40ac270b\" data-id=\"40ac270b\" data-element_type=\"column\" data-e-type=\"column\">\n\t\t\t<div class=\"elementor-widget-wrap elementor-element-populated\">\n\t\t\t\t\t\t<div class=\"elementor-element elementor-element-20872773 elementor-widget__width-initial elementor-widget-mobile__width-inherit elementor-invisible nuss-elementor-loading nuss-slide-in-right elementor-widget elementor-widget-image\" data-id=\"20872773\" data-element_type=\"widget\" data-e-type=\"widget\" data-settings=\"{&quot;_animation&quot;:&quot;nussSlideInRight&quot;}\" data-widget_type=\"image.default\">\n\t\t\t\t\t\t\t\t\t\t\t\t\t\t\t<img decoding=\"async\" width=\"1280\" height=\"853\" src=\"https:\/\/shuiyunlanhotel.com\/wp-content\/uploads\/2025\/07\/Shuiyunlan-Hotel-97.webp\" class=\"attachment-full size-full wp-image-5649\" alt=\"\" srcset=\"https:\/\/shuiyunlanhotel.com\/wp-content\/uploads\/2025\/07\/Shuiyunlan-Hotel-97.webp 1280w, https:\/\/shuiyunlanhotel.com\/wp-content\/uploads\/2025\/07\/Shuiyunlan-Hotel-97-300x200.webp 300w, https:\/\/shuiyunlanhotel.com\/wp-content\/uploads\/2025\/07\/Shuiyunlan-Hotel-97-1024x682.webp 1024w, https:\/\/shuiyunlanhotel.com\/wp-content\/uploads\/2025\/07\/Shuiyunlan-Hotel-97-768x512.webp 768w\" sizes=\"(max-width: 1280px) 100vw, 1280px\" \/>\t\t\t\t\t\t\t\t\t\t\t\t\t\t\t<\/div>\n\t\t\t\t\t<\/div>\n\t\t<\/div>\n\t\t\t\t<div class=\"elementor-column elementor-col-50 elementor-top-column elementor-element elementor-element-2dac103\" data-id=\"2dac103\" data-element_type=\"column\" data-e-type=\"column\">\n\t\t\t<div class=\"elementor-widget-wrap elementor-element-populated\">\n\t\t\t\t\t\t<div class=\"elementor-element elementor-element-1ab88d95 elementor-invisible elementor-widget elementor-widget-heading\" data-id=\"1ab88d95\" data-element_type=\"widget\" data-e-type=\"widget\" data-settings=\"{&quot;_animation&quot;:&quot;nussFadeInUp&quot;}\" data-widget_type=\"heading.default\">\n\t\t\t\t\t<h3 class=\"elementor-heading-title elementor-size-default\">Strategische Lage im Handelszentrum von Wuhan  <\/h3>\t\t\t\t<\/div>\n\t\t\t\t<div class=\"elementor-element elementor-element-6f1b8966 elementor-invisible elementor-widget elementor-widget-text-editor\" data-id=\"6f1b8966\" data-element_type=\"widget\" data-e-type=\"widget\" data-settings=\"{&quot;_animation&quot;:&quot;nussFadeInUp&quot;}\" data-widget_type=\"text-editor.default\">\n\t\t\t\t\t\t\t\t\t<p>G\u00fcnstig gelegen im Herzen von Wuhans gesch\u00e4ftigem <strong>Gesch\u00e4ftsviertel Jianghan <\/strong>Das Shuiyunlan Hotel ist von wichtigen Gesch\u00e4ftszentren, Einkaufszentren und Regierungsgeb\u00e4uden umgeben. Ob Sie zu einem Gesch\u00e4ftstreffen kommen oder die kulturellen und historischen Sehensw\u00fcrdigkeiten von Wuhan erkunden, unser Hotel bietet einfachen Zugang zu wichtigen Sehensw\u00fcrdigkeiten und Verkehrsknotenpunkten. Die nahegelegene <strong>U-Bahn-Station Jianghan 2nd Road <\/strong> sorgt f\u00fcr eine nahtlose Anbindung an den Rest der Stadt, w\u00e4hrend <strong>Internationaler Flughafen Wuhan Tianhe <\/strong> Und <strong>Bahnhof Wuhan <\/strong> sind nur eine kurze Autofahrt entfernt.<\/p>\t\t\t\t\t\t\t\t<\/div>\n\t\t\t\t\t<\/div>\n\t\t<\/div>\n\t\t\t\t\t<\/div>\n\t\t<\/section>\n\t\t\t\t<section class=\"elementor-section elementor-top-section elementor-element elementor-element-2f0f57d elementor-section-height-min-height elementor-section-stretched elementor-section-full_width elementor-section-items-stretch elementor-section-height-default elementor-section-column-vertical-align-stretch\" data-id=\"2f0f57d\" data-element_type=\"section\" data-e-type=\"section\" data-settings=\"{&quot;stretch_section&quot;:&quot;section-stretched&quot;}\">\n\t\t\t\t\t\t<div class=\"elementor-container elementor-column-gap-no\">\n\t\t\t\t\t<div class=\"elementor-column elementor-col-50 elementor-top-column elementor-element elementor-element-f729403\" data-id=\"f729403\" data-element_type=\"column\" data-e-type=\"column\">\n\t\t\t<div class=\"elementor-widget-wrap elementor-element-populated\">\n\t\t\t\t\t\t<div class=\"elementor-element elementor-element-6bcc674 elementor-invisible elementor-widget elementor-widget-heading\" data-id=\"6bcc674\" data-element_type=\"widget\" data-e-type=\"widget\" data-settings=\"{&quot;_animation&quot;:&quot;nussFadeInUp&quot;}\" data-widget_type=\"heading.default\">\n\t\t\t\t\t<h3 class=\"elementor-heading-title elementor-size-default\">Anspruchsvolle, auf Komfort ausgelegte Unterkunft  <\/h3>\t\t\t\t<\/div>\n\t\t\t\t<div class=\"elementor-element elementor-element-94bdd70 elementor-invisible elementor-widget elementor-widget-text-editor\" data-id=\"94bdd70\" data-element_type=\"widget\" data-e-type=\"widget\" data-settings=\"{&quot;_animation&quot;:&quot;nussFadeInUp&quot;}\" data-widget_type=\"text-editor.default\">\n\t\t\t\t\t\t\t\t\t<p data-spm-anchor-id=\"a2ty_o01.29997173.0.i9.1216c921uN85es\">Im Shuiyunlan Hotel sind wir stolz darauf, <strong>luxuri\u00f6se, gut ausgestattete G\u00e4stezimmer und Suiten <\/strong> die den Bed\u00fcrfnissen moderner Reisender gerecht werden. Jedes Zimmer ist sorgf\u00e4ltig gestaltet mit einer Mischung aus <strong>zeitgen\u00f6ssische \u00c4sthetik und traditionelle Eleganz <\/strong>, mit hochwertiger Bettw\u00e4sche, Highspeed-WLAN, Flachbildfernsehern, Klimaanlage und Panoramablick auf die Skyline der Stadt. Unsere mehrst\u00f6ckigen Unterk\u00fcnfte (\u00fcber <strong>Etagen 1 bis 16 <\/strong>) sorgen daf\u00fcr, dass die G\u00e4ste nach einem langen Tag voller Meetings oder Besichtigungen einen ruhigen und privaten R\u00fcckzugsort genie\u00dfen k\u00f6nnen.<\/p>\t\t\t\t\t\t\t\t<\/div>\n\t\t\t\t\t<\/div>\n\t\t<\/div>\n\t\t\t\t<div class=\"elementor-column elementor-col-50 elementor-top-column elementor-element elementor-element-e79c408\" data-id=\"e79c408\" data-element_type=\"column\" data-e-type=\"column\">\n\t\t\t<div class=\"elementor-widget-wrap elementor-element-populated\">\n\t\t\t\t\t\t<div class=\"elementor-element elementor-element-9939c42 elementor-widget__width-initial elementor-widget-mobile__width-inherit elementor-invisible nuss-elementor-loading nuss-slide-in-right elementor-widget elementor-widget-image\" data-id=\"9939c42\" data-element_type=\"widget\" data-e-type=\"widget\" data-settings=\"{&quot;_animation&quot;:&quot;nussSlideInRight&quot;}\" data-widget_type=\"image.default\">\n\t\t\t\t\t\t\t\t\t\t\t\t\t\t\t<img decoding=\"async\" width=\"1280\" height=\"853\" src=\"https:\/\/shuiyunlanhotel.com\/wp-content\/uploads\/2025\/07\/Shuiyunlan-Hotel-95.webp\" class=\"attachment-full size-full wp-image-5647\" alt=\"\" srcset=\"https:\/\/shuiyunlanhotel.com\/wp-content\/uploads\/2025\/07\/Shuiyunlan-Hotel-95.webp 1280w, https:\/\/shuiyunlanhotel.com\/wp-content\/uploads\/2025\/07\/Shuiyunlan-Hotel-95-300x200.webp 300w, https:\/\/shuiyunlanhotel.com\/wp-content\/uploads\/2025\/07\/Shuiyunlan-Hotel-95-1024x682.webp 1024w, https:\/\/shuiyunlanhotel.com\/wp-content\/uploads\/2025\/07\/Shuiyunlan-Hotel-95-768x512.webp 768w\" sizes=\"(max-width: 1280px) 100vw, 1280px\" \/>\t\t\t\t\t\t\t\t\t\t\t\t\t\t\t<\/div>\n\t\t\t\t\t<\/div>\n\t\t<\/div>\n\t\t\t\t\t<\/div>\n\t\t<\/section>\n\t\t\t\t<section class=\"elementor-section elementor-top-section elementor-element elementor-element-d046f50 elementor-section-height-min-height elementor-section-stretched elementor-section-full_width elementor-section-items-stretch elementor-section-height-default elementor-section-column-vertical-align-stretch\" data-id=\"d046f50\" data-element_type=\"section\" data-e-type=\"section\" data-settings=\"{&quot;stretch_section&quot;:&quot;section-stretched&quot;}\">\n\t\t\t\t\t\t<div class=\"elementor-container elementor-column-gap-no\">\n\t\t\t\t\t<div class=\"elementor-column elementor-col-50 elementor-top-column elementor-element elementor-element-3a8d80b\" data-id=\"3a8d80b\" data-element_type=\"column\" data-e-type=\"column\">\n\t\t\t<div class=\"elementor-widget-wrap elementor-element-populated\">\n\t\t\t\t\t\t<div class=\"elementor-element elementor-element-e459c2f elementor-widget__width-initial elementor-widget-mobile__width-inherit elementor-invisible nuss-elementor-loading nuss-slide-in-right elementor-widget elementor-widget-image\" data-id=\"e459c2f\" data-element_type=\"widget\" data-e-type=\"widget\" data-settings=\"{&quot;_animation&quot;:&quot;nussSlideInRight&quot;}\" data-widget_type=\"image.default\">\n\t\t\t\t\t\t\t\t\t\t\t\t\t\t\t<img loading=\"lazy\" decoding=\"async\" width=\"1137\" height=\"853\" src=\"https:\/\/shuiyunlanhotel.com\/wp-content\/uploads\/2025\/07\/Shuiyunlan-Hotel-59.webp\" class=\"attachment-full size-full wp-image-5610\" alt=\"\" srcset=\"https:\/\/shuiyunlanhotel.com\/wp-content\/uploads\/2025\/07\/Shuiyunlan-Hotel-59.webp 1137w, https:\/\/shuiyunlanhotel.com\/wp-content\/uploads\/2025\/07\/Shuiyunlan-Hotel-59-300x225.webp 300w, https:\/\/shuiyunlanhotel.com\/wp-content\/uploads\/2025\/07\/Shuiyunlan-Hotel-59-1024x768.webp 1024w, https:\/\/shuiyunlanhotel.com\/wp-content\/uploads\/2025\/07\/Shuiyunlan-Hotel-59-768x576.webp 768w\" sizes=\"(max-width: 1137px) 100vw, 1137px\" \/>\t\t\t\t\t\t\t\t\t\t\t\t\t\t\t<\/div>\n\t\t\t\t\t<\/div>\n\t\t<\/div>\n\t\t\t\t<div class=\"elementor-column elementor-col-50 elementor-top-column elementor-element elementor-element-04543a0\" data-id=\"04543a0\" data-element_type=\"column\" data-e-type=\"column\">\n\t\t\t<div class=\"elementor-widget-wrap elementor-element-populated\">\n\t\t\t\t\t\t<div class=\"elementor-element elementor-element-9d260cb elementor-invisible elementor-widget elementor-widget-heading\" data-id=\"9d260cb\" data-element_type=\"widget\" data-e-type=\"widget\" data-settings=\"{&quot;_animation&quot;:&quot;nussFadeInUp&quot;}\" data-widget_type=\"heading.default\">\n\t\t\t\t\t<h3 class=\"elementor-heading-title elementor-size-default\">Au\u00dfergew\u00f6hnliche Einrichtungen und Dienstleistungen  <\/h3>\t\t\t\t<\/div>\n\t\t\t\t<div class=\"elementor-element elementor-element-8ea8d7c elementor-invisible elementor-widget elementor-widget-text-editor\" data-id=\"8ea8d7c\" data-element_type=\"widget\" data-e-type=\"widget\" data-settings=\"{&quot;_animation&quot;:&quot;nussFadeInUp&quot;}\" data-widget_type=\"text-editor.default\">\n\t\t\t\t\t\t\t\t\t<p>Unser Hotel ist mehr als nur ein Ort zum Ausruhen \u2013 es ist ein Reiseziel f\u00fcr sich. Die G\u00e4ste k\u00f6nnen eine Reihe von <strong>Premium-Annehmlichkeiten <\/strong>, einschlie\u00dflich:<\/p><ul data-spm-anchor-id=\"a2ty_o01.29997173.0.i11.1216c921uN85es\"><li><strong>24\/7 Rezeption und Concierge-Service <\/strong><\/li><li><strong>Drahtloser Highspeed-Internetzugang <\/strong><\/li><li><strong data-spm-anchor-id=\"a2ty_o01.29997173.0.i14.1216c921uN85es\">Tagungs- und Konferenzr\u00e4ume <\/strong><\/li><li><strong>Gehobene Speisem\u00f6glichkeiten und hauseigenes Caf\u00e9 <\/strong><\/li><li><strong>Fitnesscenter <\/strong><\/li><li><strong>Spa- und Massageservices <\/strong><\/li><li><strong>Kostenloses Fr\u00fchst\u00fcck <\/strong><\/li><\/ul><p>Wir bieten auch <strong>Flughafenshuttle <\/strong>, Gep\u00e4ckaufbewahrung und mehrsprachiges Personal, um sicherzustellen, dass Ihr Aufenthalt so reibungslos und angenehm wie m\u00f6glich verl\u00e4uft.<\/p>\t\t\t\t\t\t\t\t<\/div>\n\t\t\t\t\t<\/div>\n\t\t<\/div>\n\t\t\t\t\t<\/div>\n\t\t<\/section>\n\t\t\t\t<section class=\"elementor-section elementor-top-section elementor-element elementor-element-1d3db8b elementor-section-height-min-height elementor-section-stretched elementor-section-full_width elementor-section-items-stretch elementor-section-height-default elementor-section-column-vertical-align-stretch\" data-id=\"1d3db8b\" data-element_type=\"section\" data-e-type=\"section\" data-settings=\"{&quot;stretch_section&quot;:&quot;section-stretched&quot;}\">\n\t\t\t\t\t\t<div class=\"elementor-container elementor-column-gap-no\">\n\t\t\t\t\t<div class=\"elementor-column elementor-col-50 elementor-top-column elementor-element elementor-element-c4b7ead\" data-id=\"c4b7ead\" data-element_type=\"column\" data-e-type=\"column\">\n\t\t\t<div class=\"elementor-widget-wrap elementor-element-populated\">\n\t\t\t\t\t\t<div class=\"elementor-element elementor-element-d59aade elementor-invisible elementor-widget elementor-widget-heading\" data-id=\"d59aade\" data-element_type=\"widget\" data-e-type=\"widget\" data-settings=\"{&quot;_animation&quot;:&quot;nussFadeInUp&quot;}\" data-widget_type=\"heading.default\">\n\t\t\t\t\t<h3 class=\"elementor-heading-title elementor-size-default\">Ein Tor zur Kultur und K\u00fcche Wuhans  <\/h3>\t\t\t\t<\/div>\n\t\t\t\t<div class=\"elementor-element elementor-element-7f952d3 elementor-invisible elementor-widget elementor-widget-text-editor\" data-id=\"7f952d3\" data-element_type=\"widget\" data-e-type=\"widget\" data-settings=\"{&quot;_animation&quot;:&quot;nussFadeInUp&quot;}\" data-widget_type=\"text-editor.default\">\n\t\t\t\t\t\t\t\t\t<p data-spm-anchor-id=\"a2ty_o01.29997173.0.i17.1216c921uN85es\">\u00dcbernachten in <strong>Shuiyunlan Hotel <\/strong> bietet Ihnen die perfekte Ausgangslage, um das reiche kulturelle und kulinarische Erbe Wuhans zu erkunden. In unmittelbarer N\u00e4he des Hotels finden Sie ber\u00fchmte Sehensw\u00fcrdigkeiten wie:<\/p><ul><li><strong>Provinzmuseum Hubei <\/strong><\/li><li><strong>Landschaftsgebiet East Lake <\/strong><\/li><li><strong>Gelber Kranturm <\/strong><\/li><li><strong>Fu\u00dfg\u00e4ngerzone Jianghan Road <\/strong><\/li><li><strong>Wuhan-Jangtse-Br\u00fccke <\/strong><\/li><\/ul><p>Egal, ob Sie Lust auf lokale Hubei-K\u00f6stlichkeiten oder internationale K\u00fcche haben, die Umgebung bietet eine gro\u00dfe Auswahl an <strong>Restaurants, Caf\u00e9s und Streetfood-M\u00e4rkte <\/strong> die das Beste der Esskultur von Wuhan pr\u00e4sentieren.<\/p>\t\t\t\t\t\t\t\t<\/div>\n\t\t\t\t\t<\/div>\n\t\t<\/div>\n\t\t\t\t<div class=\"elementor-column elementor-col-50 elementor-top-column elementor-element elementor-element-b12780b\" data-id=\"b12780b\" data-element_type=\"column\" data-e-type=\"column\">\n\t\t\t<div class=\"elementor-widget-wrap elementor-element-populated\">\n\t\t\t\t\t\t<div class=\"elementor-element elementor-element-9005b7a elementor-widget__width-initial elementor-widget-mobile__width-inherit elementor-invisible nuss-elementor-loading nuss-slide-in-right elementor-widget elementor-widget-image\" data-id=\"9005b7a\" data-element_type=\"widget\" data-e-type=\"widget\" data-settings=\"{&quot;_animation&quot;:&quot;nussSlideInRight&quot;}\" data-widget_type=\"image.default\">\n\t\t\t\t\t\t\t\t\t\t\t\t\t\t\t<img loading=\"lazy\" decoding=\"async\" width=\"1137\" height=\"853\" src=\"https:\/\/shuiyunlanhotel.com\/wp-content\/uploads\/2025\/07\/Shuiyunlan-Hotel-26.webp\" class=\"attachment-full size-full wp-image-5577\" alt=\"\" srcset=\"https:\/\/shuiyunlanhotel.com\/wp-content\/uploads\/2025\/07\/Shuiyunlan-Hotel-26.webp 1137w, https:\/\/shuiyunlanhotel.com\/wp-content\/uploads\/2025\/07\/Shuiyunlan-Hotel-26-300x225.webp 300w, https:\/\/shuiyunlanhotel.com\/wp-content\/uploads\/2025\/07\/Shuiyunlan-Hotel-26-1024x768.webp 1024w, https:\/\/shuiyunlanhotel.com\/wp-content\/uploads\/2025\/07\/Shuiyunlan-Hotel-26-768x576.webp 768w\" sizes=\"(max-width: 1137px) 100vw, 1137px\" \/>\t\t\t\t\t\t\t\t\t\t\t\t\t\t\t<\/div>\n\t\t\t\t\t<\/div>\n\t\t<\/div>\n\t\t\t\t\t<\/div>\n\t\t<\/section>\n\t\t<div class=\"elementor-element elementor-element-5c9d4af e-flex e-con-boxed e-con e-parent\" data-id=\"5c9d4af\" data-element_type=\"container\" data-e-type=\"container\">\n\t\t\t\t\t<div class=\"e-con-inner\">\n\t\t\t\t<div class=\"elementor-element elementor-element-1638a28 elementor-widget elementor-widget-text-editor\" data-id=\"1638a28\" data-element_type=\"widget\" data-e-type=\"widget\" data-widget_type=\"text-editor.default\">\n\t\t\t\t\t\t\t\t\t<h4><strong>Perfekt f\u00fcr Gesch\u00e4fts- und Urlaubsreisende <\/strong><\/h4><p data-spm-anchor-id=\"a2ty_o01.29997173.0.i18.1216c921uN85es\">Egal, ob Sie f\u00fcr eine Firmenveranstaltung, einen Familienurlaub oder ein Solo-Abenteuer in Wuhan sind, <strong>Shuiyunlan Hotel <\/strong> ist Ihr ideales Zuhause auf Zeit. Mit seinem <strong>zentrale Lage, elegante Unterk\u00fcnfte und au\u00dfergew\u00f6hnlicher Service <\/strong>, wir sind bestrebt, den Aufenthalt jedes Gastes unvergesslich und komfortabel zu machen.<\/p><h4 data-spm-anchor-id=\"a2ty_o01.29997173.0.i19.1216c921uN85es\"><strong data-spm-anchor-id=\"a2ty_o01.29997173.0.i20.1216c921uN85es\">Buchen Sie noch heute Ihren Aufenthalt im Shuiyunlan Hotel <\/strong><\/h4><p data-spm-anchor-id=\"a2ty_o01.29997173.0.i21.1216c921uN85es\">Erleben Sie die perfekte Mischung aus Luxus, Komfort und Charme bei <strong>Shuiyunlan Hotel in Wuhan <\/strong>. Egal, ob Sie einen ruhigen R\u00fcckzugsort oder einen strategischen Ausgangspunkt f\u00fcr die Erkundung der Stadt suchen, wir hei\u00dfen Sie mit offenen Armen und unserem Engagement f\u00fcr Spitzenleistungen willkommen.<\/p><p data-spm-anchor-id=\"a2ty_o01.29997173.0.i22.1216c921uN85es\"><strong>Adresse: <\/strong><br \/>Shuiyunlan Hotel (\u6c34\u4e91\u5170\u9152 Aliexpress)<br \/>1-16F, Geb\u00e4ude A, Yinhai Business Building, Jianghan 2nd Road, Bezirk Jianghan, Wuhan, Hubei, China<\/p>\t\t\t\t\t\t\t\t<\/div>\n\t\t\t\t\t<\/div>\n\t\t\t\t<\/div>\n\t\t\t\t<\/div>","protected":false},"excerpt":{"rendered":"<p>Welcome to Shuiyunlan Hotel \u2013 A Tranquil Retreat in the Heart of Wuhan Nestled within the vibrant Jianghan District of Wuhan, Hubei Province , Shuiyunlan Hotel (\u6c34\u4e91\u5170\u9152\u5e97) offers a serene escape from the hustle and bustle of the city. Located at 1-16F, Building A, Yinhai Business Building, Jianghan 2nd Road , this elegant hotel blends [&hellip;]<\/p>\n","protected":false},"author":1,"featured_media":0,"parent":0,"menu_order":0,"comment_status":"closed","ping_status":"closed","template":"","meta":{"footnotes":""},"class_list":["post-5266","page","type-page","status-publish","hentry","post-no-thumbnail"],"_links":{"self":[{"href":"https:\/\/shuiyunlanhotel.com\/de\/wp-json\/wp\/v2\/pages\/5266","targetHints":{"allow":["GET"]}}],"collection":[{"href":"https:\/\/shuiyunlanhotel.com\/de\/wp-json\/wp\/v2\/pages"}],"about":[{"href":"https:\/\/shuiyunlanhotel.com\/de\/wp-json\/wp\/v2\/types\/page"}],"author":[{"embeddable":true,"href":"https:\/\/shuiyunlanhotel.com\/de\/wp-json\/wp\/v2\/users\/1"}],"replies":[{"embeddable":true,"href":"https:\/\/shuiyunlanhotel.com\/de\/wp-json\/wp\/v2\/comments?post=5266"}],"version-history":[{"count":0,"href":"https:\/\/shuiyunlanhotel.com\/de\/wp-json\/wp\/v2\/pages\/5266\/revisions"}],"wp:attachment":[{"href":"https:\/\/shuiyunlanhotel.com\/de\/wp-json\/wp\/v2\/media?parent=5266"}],"curies":[{"name":"wp","href":"https:\/\/api.w.org\/{rel}","templated":true}]}}