{"id":612,"date":"2021-03-26T10:04:13","date_gmt":"2021-03-26T10:04:13","guid":{"rendered":"http:\/\/localhost\/nuss\/?page_id=612"},"modified":"2025-12-04T08:42:33","modified_gmt":"2025-12-04T08:42:33","slug":"restaurant","status":"publish","type":"page","link":"https:\/\/shuiyunlanhotel.com\/de\/restaurant\/","title":{"rendered":"Restaurant"},"content":{"rendered":"<div data-elementor-type=\"wp-page\" data-elementor-id=\"612\" class=\"elementor elementor-612\">\n\t\t\t\t\t\t<section class=\"elementor-section elementor-top-section elementor-element elementor-element-e2effe8 elementor-section-boxed elementor-section-gap-beside-yes elementor-section-height-default elementor-section-height-default elementor-section-column-vertical-align-stretch\" data-id=\"e2effe8\" data-element_type=\"section\" data-e-type=\"section\">\n\t\t\t\t\t\t<div class=\"elementor-container elementor-column-gap-extended\">\n\t\t\t\t\t<div class=\"elementor-column elementor-col-100 elementor-top-column elementor-element elementor-element-e18f688\" data-id=\"e18f688\" data-element_type=\"column\" data-e-type=\"column\">\n\t\t\t<div class=\"elementor-widget-wrap elementor-element-populated\">\n\t\t\t\t\t\t<div class=\"elementor-element elementor-element-6db146d elementor-widget__width-initial elementor-invisible elementor-widget elementor-widget-text-editor\" data-id=\"6db146d\" data-element_type=\"widget\" data-e-type=\"widget\" data-settings=\"{&quot;_animation&quot;:&quot;nussFadeInUp&quot;}\" data-widget_type=\"text-editor.default\">\n\t\t\t\t\t\t\t\t\tGenie\u00dfen Sie die Aromen von Wuhan und Umgebung im hauseigenen Restaurant des Shuiyunlan Hotels\t\t\t\t\t\t\t\t<\/div>\n\t\t\t\t\t<\/div>\n\t\t<\/div>\n\t\t\t\t\t<\/div>\n\t\t<\/section>\n\t\t<div class=\"elementor-element elementor-element-37513e8 e-flex e-con-boxed e-con e-parent\" data-id=\"37513e8\" data-element_type=\"container\" data-e-type=\"container\">\n\t\t\t\t\t<div class=\"e-con-inner\">\n\t\t\t\t<div class=\"elementor-element elementor-element-bd1cdbd elementor-widget elementor-widget-text-editor\" data-id=\"bd1cdbd\" data-element_type=\"widget\" data-e-type=\"widget\" data-widget_type=\"text-editor.default\">\n\t\t\t\t\t\t\t\t\t<p data-spm-anchor-id=\"a2ty_o01.29997173.0.i67.1216c921uN85es\">Bei <strong data-spm-anchor-id=\"a2ty_o01.29997173.0.i69.1216c921uN85es\">Shuiyunlan Hotel (\u6c34\u4e91\u5170\u9152 Aliexpress) <\/strong>, gelegen im gesch\u00e4ftigen <strong>Bezirk Jianghan in Wuhan <\/strong> bei <strong>1.-16. Stock, Geb\u00e4ude A, Yinhai-Gesch\u00e4ftsgeb\u00e4ude, Jianghan 2. Stra\u00dfe <\/strong>, unser <strong>Hotelrestaurant <\/strong> ist mehr als nur ein Ort zum Essen \u2013 es ist ein Ziel, wo die G\u00e4ste eine kulinarische Reise unternehmen k\u00f6nnen, die sich verbindet <strong>lokale Hubei-Aromen mit internationaler K\u00fcche <\/strong>, alles in einer eleganten und komfortablen Atmosph\u00e4re.<\/p><p>Egal, ob Sie ein <strong>Gesch\u00e4ftsreisende, die vor einem anstrengenden Tag ein ruhiges Fr\u00fchst\u00fcck suchen <\/strong>, A <strong>Tourist, der authentische Wuhan-Gerichte probieren m\u00f6chte <\/strong>oder ein <strong>einheimischer Gast, der ein entspanntes Essen genie\u00dfen m\u00f6chte <\/strong>, unser hoteleigenes Restaurant bietet eine <strong>warmes Ambiente, aufmerksamer Service und ein Men\u00fc, das Ihren Gaumen erfreut <\/strong>.<\/p><h4><strong>Ein kulinarisches Erlebnis, das in Tradition und Innovation verwurzelt ist <\/strong><\/h4><p>Unser Restaurant im Shuiyunlan Hotel ist sorgf\u00e4ltig gestaltet, um die <strong>kultureller Reichtum von Wuhan und der Region Hubei <\/strong>und gleichzeitig die <strong>vielf\u00e4ltigen Geschmack unserer internationalen G\u00e4ste <\/strong>. Sobald Sie eintreten, werden Sie von einem <strong>moderner und doch eleganter Essbereich <\/strong>, verst\u00e4rkt durch <strong>sanfte Beleuchtung, bequeme Sitzgelegenheiten und eine beruhigende Atmosph\u00e4re <\/strong> das macht jede Mahlzeit zu etwas Besonderem.<\/p><p>Das Men\u00fc ist eine Hommage an <strong>authentische lokale Gerichte <\/strong> wie zum Beispiel <strong>hei\u00dfe trockene Nudeln (\u70ed\u5e72\u9762), ged\u00e4mpfter Fisch aus dem Dongting-See und geschmortes Schweinefleisch nach Hubei-Art <\/strong>, neben einer Auswahl von <strong>internationale Favoriten <\/strong> einschlie\u00dflich <strong>Westliches Fr\u00fchst\u00fcck, panasiatische Gerichte und Hauptgerichte im europ\u00e4ischen Stil <\/strong>. Diese perfekte Balance stellt sicher, dass f\u00fcr jeden Geschmack etwas dabei ist, egal, ob Sie sich nach einem Hauch von Heimat oder einem abenteuerlichen neuen Geschmack sehnen.<\/p><h4><strong>Beginnen Sie Ihren Tag mit einem leckeren Fr\u00fchst\u00fcck <\/strong><\/h4><p>F\u00fcr unsere <strong>Gesch\u00e4ftsreisende und Fr\u00fchaufsteher <\/strong>bietet das Restaurant eine <strong>reichhaltiges Fr\u00fchst\u00fccksbuffet <\/strong> mit einer Mischung aus <strong>Chinesische und westliche Gerichte <\/strong>, aus <strong>ged\u00e4mpfte Br\u00f6tchen, Congee und Dim Sum <\/strong> Zu <strong>R\u00fchrei, Toast, Geb\u00e4ck, Obst und frisch gebr\u00fchter Kaffee oder Tee <\/strong>Das Fr\u00fchst\u00fcck ist nicht nur lecker, sondern auch so konzipiert, <strong>Tanken Sie Energie und Komfort f\u00fcr Ihren Tag <\/strong>, egal ob Sie zu einem Meeting gehen oder die Stadt erkunden.<\/p><p data-spm-anchor-id=\"a2ty_o01.29997173.0.i71.1216c921uN85es\">G\u00e4ste loben h\u00e4ufig die <strong>Vielfalt und Qualit\u00e4t des Fr\u00fchst\u00fccks <\/strong>, wobei er feststellt, dass es beides ist <strong>nahrhaft und s\u00e4ttigend <\/strong>, und viele Stammg\u00e4ste legen Wert darauf, hier jeden Morgen ihr Fr\u00fchst\u00fcck zu genie\u00dfen.<\/p>\t\t\t\t\t\t\t\t<\/div>\n\t\t\t\t\t<\/div>\n\t\t\t\t<\/div>\n\t\t<div class=\"elementor-element elementor-element-56ea7a3 e-flex e-con-boxed e-con e-parent\" data-id=\"56ea7a3\" data-element_type=\"container\" data-e-type=\"container\">\n\t\t\t\t\t<div class=\"e-con-inner\">\n\t\t\t\t<div class=\"elementor-element elementor-element-4223be1 elementor-widget elementor-widget-nuss-image-gallery\" data-id=\"4223be1\" data-element_type=\"widget\" data-e-type=\"widget\" data-widget_type=\"nuss-image-gallery.default\">\n\t\t\t\t<div class=\"elementor-widget-container\">\n\t\t\t\t\t\t\t<div class=\"nuss-grid-wrapper\" data-grid=\"{&quot;type&quot;:&quot;grid&quot;,&quot;ratio&quot;:null,&quot;columns&quot;:3,&quot;gutter&quot;:30}\">\r\n\t\t\t<div class=\"nuss-grid lazy-grid\">\r\n\t\t\t\t<div class=\"grid-sizer\"><\/div>\r\n\r\n\t\t\t\t\t\t\t\t\t\t\t\t<div class=\"grid-item\">\r\n\t\t\t\t\t\t<div class=\"nuss-box\">\t\t<div class=\"nuss-image image\">\r\n\t\t\t<img decoding=\"async\"  src=\"https:\/\/shuiyunlanhotel.com\/wp-content\/uploads\/2025\/07\/Shuiyunlan-Hotel-34.webp\" alt=\"Shuiyunlan Hotel (34)\" \/>\t\t<\/div>\r\n\t\t\t\t<\/div>\t\t\t\t\t<\/div>\r\n\t\t\t\t\t\t<div class=\"grid-item\">\r\n\t\t\t\t\t\t<div class=\"nuss-box\">\t\t<div class=\"nuss-image image\">\r\n\t\t\t<img decoding=\"async\"  src=\"https:\/\/shuiyunlanhotel.com\/wp-content\/uploads\/2025\/07\/Shuiyunlan-Hotel-33.webp\" alt=\"Shuiyunlan Hotel (33)\" \/>\t\t<\/div>\r\n\t\t\t\t<\/div>\t\t\t\t\t<\/div>\r\n\t\t\t\t\t\t<div class=\"grid-item\">\r\n\t\t\t\t\t\t<div class=\"nuss-box\">\t\t<div class=\"nuss-image image\">\r\n\t\t\t<img decoding=\"async\"  src=\"https:\/\/shuiyunlanhotel.com\/wp-content\/uploads\/2025\/07\/Shuiyunlan-Hotel-32.webp\" alt=\"Shuiyunlan Hotel (32)\" \/>\t\t<\/div>\r\n\t\t\t\t<\/div>\t\t\t\t\t<\/div>\r\n\t\t\t\t\t\t<div class=\"grid-item\">\r\n\t\t\t\t\t\t<div class=\"nuss-box\">\t\t<div class=\"nuss-image image\">\r\n\t\t\t<img decoding=\"async\"  src=\"https:\/\/shuiyunlanhotel.com\/wp-content\/uploads\/2025\/07\/Shuiyunlan-Hotel-28.webp\" alt=\"Shuiyunlan Hotel (28)\" \/>\t\t<\/div>\r\n\t\t\t\t<\/div>\t\t\t\t\t<\/div>\r\n\t\t\t\t\t\t<div class=\"grid-item\">\r\n\t\t\t\t\t\t<div class=\"nuss-box\">\t\t<div class=\"nuss-image image\">\r\n\t\t\t<img decoding=\"async\"  src=\"https:\/\/shuiyunlanhotel.com\/wp-content\/uploads\/2025\/07\/Shuiyunlan-Hotel-27.webp\" alt=\"Shuiyunlan Hotel (27)\" \/>\t\t<\/div>\r\n\t\t\t\t<\/div>\t\t\t\t\t<\/div>\r\n\t\t\t\t\t\t<div class=\"grid-item\">\r\n\t\t\t\t\t\t<div class=\"nuss-box\">\t\t<div class=\"nuss-image image\">\r\n\t\t\t<img decoding=\"async\"  src=\"https:\/\/shuiyunlanhotel.com\/wp-content\/uploads\/2025\/07\/Shuiyunlan-Hotel-26.webp\" alt=\"Shuiyunlan Hotel (26)\" \/>\t\t<\/div>\r\n\t\t\t\t<\/div>\t\t\t\t\t<\/div>\r\n\t\t\t\t\t\t<div class=\"grid-item\">\r\n\t\t\t\t\t\t<div class=\"nuss-box\">\t\t<div class=\"nuss-image image\">\r\n\t\t\t<img decoding=\"async\"  src=\"https:\/\/shuiyunlanhotel.com\/wp-content\/uploads\/2025\/07\/Shuiyunlan-Hotel-24.webp\" alt=\"Shuiyunlan Hotel (24)\" \/>\t\t<\/div>\r\n\t\t\t\t<\/div>\t\t\t\t\t<\/div>\r\n\t\t\t\t\t\t<div class=\"grid-item\">\r\n\t\t\t\t\t\t<div class=\"nuss-box\">\t\t<div class=\"nuss-image image\">\r\n\t\t\t<img decoding=\"async\"  src=\"https:\/\/shuiyunlanhotel.com\/wp-content\/uploads\/2025\/07\/Shuiyunlan-Hotel-23.webp\" alt=\"Shuiyunlan Hotel (23)\" \/>\t\t<\/div>\r\n\t\t\t\t<\/div>\t\t\t\t\t<\/div>\r\n\t\t\t\t\t\t\t\r\n\t\t\t<\/div>\r\n\t\t<\/div>\r\n\t\t\t\t\t\t<\/div>\n\t\t\t\t<\/div>\n\t\t\t\t\t<\/div>\n\t\t\t\t<\/div>\n\t\t<div class=\"elementor-element elementor-element-f97a88c e-flex e-con-boxed e-con e-parent\" data-id=\"f97a88c\" data-element_type=\"container\" data-e-type=\"container\">\n\t\t\t\t\t<div class=\"e-con-inner\">\n\t\t\t\t<div class=\"elementor-element elementor-element-28d8050 elementor-widget elementor-widget-text-editor\" data-id=\"28d8050\" data-element_type=\"widget\" data-e-type=\"widget\" data-widget_type=\"text-editor.default\">\n\t\t\t\t\t\t\t\t\t<h4><strong>Mittag- und Abendessen: Ein Hauch von Wuhan mit einem modernen Touch <\/strong><\/h4><p>Den ganzen Tag \u00fcber bereiten unsere K\u00f6che <strong>frische, regionale Zutaten <\/strong> in k\u00f6stliche Gerichte, die die <strong>reiches kulinarisches Erbe der Provinz Hubei <\/strong>Zu den Highlights z\u00e4hlen:<\/p><ul><li><strong>W\u00fcrziger Wuchang-Fisch (\u6b66\u660c\u9c7c) <\/strong> \u2013 Eine lokale Spezialit\u00e4t, perfekt ged\u00e4mpft<\/li><li><strong>Geschmorter Schweinebauch (\u7ea2\u70e7\u8089) <\/strong> \u2013 Langsam gegart und reichhaltig gew\u00fcrzt<\/li><li><strong>Vegetarische Tofu-Platte <\/strong> \u2013 Perfekt f\u00fcr gesundheitsbewusste Esser<\/li><li><strong>Panasiatische Pfannengerichte und Nudeln <\/strong> \u2013 Ideal f\u00fcr eine schnelle und dennoch s\u00e4ttigende Mahlzeit<\/li><li><strong>Gegrilltes H\u00e4hnchen, Pasta und kontinentale Gerichte <\/strong> \u2013 F\u00fcr alle, die internationale Aromen lieben<\/li><\/ul><p>Auf unserer Speisekarte finden Sie au\u00dferdem eine Auswahl an <strong>vegetarische, halal und glutenfreie Optionen <\/strong>, wobei sichergestellt wird, dass alle Ern\u00e4hrungspr\u00e4ferenzen respektiert und ber\u00fccksichtigt werden.<\/p><h4><strong>Private Dining- und Gesch\u00e4ftsessen-Optionen <\/strong><\/h4><p>F\u00fcr <strong>Firmenessen, kleine Feiern oder intime Abendessen <\/strong>, unser Restaurant bietet <strong>halbprivate Essbereiche <\/strong> die eine <strong>ruhige und professionelle Umgebung <\/strong>Diese R\u00e4ume sind ideal f\u00fcr <strong>Gesch\u00e4ftstreffen, Kundenessen oder Familientreffen <\/strong>und bietet eine <strong>personalisiertes Men\u00fc und aufmerksamer Service <\/strong> auf die Bed\u00fcrfnisse Ihrer Gruppe zugeschnitten.<\/p><p>Viele unserer Gesch\u00e4ftsg\u00e4ste haben das Restaurant als das <strong>perfekter Ort f\u00fcr informelle Kundentreffen <\/strong>, mit seinem <strong>ruhige Umgebung, professioneller Service und leckeres Essen <\/strong> tr\u00e4gt dazu bei, einen positiven Eindruck zu hinterlassen.<\/p><h4><strong>Entspannen Sie sich bei einem einzigartigen Getr\u00e4nk <\/strong><\/h4><p>Zus\u00e4tzlich zu unseren Vollmahlzeiten serviert das Restaurant auch eine Auswahl an <strong>erfrischende Getr\u00e4nke <\/strong>, einschlie\u00dflich:<\/p><ul><li><strong>Frisch aufgebr\u00fchter chinesischer Tee <\/strong> wie zum Beispiel <strong>Oolong, Jasmin und Pu&#039;er <\/strong><\/li><li><strong>Espresso, Cappuccino und andere westliche Kaffeesorten <\/strong><\/li><li><strong>Frische Fruchts\u00e4fte und Softdrinks <\/strong><\/li><li><strong>Lokale Craft-Biere und leichte Snacks <\/strong> perfekt f\u00fcr eine Pause am sp\u00e4ten Nachmittag<\/li><\/ul><p data-spm-anchor-id=\"a2ty_o01.29997173.0.i73.1216c921uN85es\">Unser <strong>Nachmittagsteeservice <\/strong> Und <strong>leichtes Snackmen\u00fc <\/strong> sind besonders beliebt bei G\u00e4sten, die <strong>Entspannen Sie sich nach einem langen Tag voller Meetings oder Besichtigungen <\/strong>und bietet einen ruhigen Ort zum Entspannen und Erholen.<\/p>\t\t\t\t\t\t\t\t<\/div>\n\t\t\t\t\t<\/div>\n\t\t\t\t<\/div>\n\t\t<div class=\"elementor-element elementor-element-221c8af e-flex e-con-boxed e-con e-parent\" data-id=\"221c8af\" data-element_type=\"container\" data-e-type=\"container\">\n\t\t\t\t\t<div class=\"e-con-inner\">\n\t\t\t\t<div class=\"elementor-element elementor-element-09d4111 elementor-widget elementor-widget-nuss-image-gallery\" data-id=\"09d4111\" data-element_type=\"widget\" data-e-type=\"widget\" data-widget_type=\"nuss-image-gallery.default\">\n\t\t\t\t<div class=\"elementor-widget-container\">\n\t\t\t\t\t\t\t<div class=\"nuss-grid-wrapper\" data-grid=\"{&quot;type&quot;:&quot;grid&quot;,&quot;ratio&quot;:null,&quot;columns&quot;:3,&quot;gutter&quot;:30}\">\r\n\t\t\t<div class=\"nuss-grid lazy-grid\">\r\n\t\t\t\t<div class=\"grid-sizer\"><\/div>\r\n\r\n\t\t\t\t\t\t\t\t\t\t\t\t<div class=\"grid-item\">\r\n\t\t\t\t\t\t<div class=\"nuss-box\">\t\t<div class=\"nuss-image image\">\r\n\t\t\t<img decoding=\"async\"  src=\"https:\/\/shuiyunlanhotel.com\/wp-content\/uploads\/2025\/07\/Shuiyunlan-Hotel-40.webp\" alt=\"Shuiyunlan Hotel (40)\" \/>\t\t<\/div>\r\n\t\t\t\t<\/div>\t\t\t\t\t<\/div>\r\n\t\t\t\t\t\t<div class=\"grid-item\">\r\n\t\t\t\t\t\t<div class=\"nuss-box\">\t\t<div class=\"nuss-image image\">\r\n\t\t\t<img decoding=\"async\"  src=\"https:\/\/shuiyunlanhotel.com\/wp-content\/uploads\/2025\/07\/Shuiyunlan-Hotel-39.webp\" alt=\"Shuiyunlan Hotel (39)\" \/>\t\t<\/div>\r\n\t\t\t\t<\/div>\t\t\t\t\t<\/div>\r\n\t\t\t\t\t\t<div class=\"grid-item\">\r\n\t\t\t\t\t\t<div class=\"nuss-box\">\t\t<div class=\"nuss-image image\">\r\n\t\t\t<img decoding=\"async\"  src=\"https:\/\/shuiyunlanhotel.com\/wp-content\/uploads\/2025\/07\/Shuiyunlan-Hotel-36.webp\" alt=\"Shuiyunlan Hotel (36)\" \/>\t\t<\/div>\r\n\t\t\t\t<\/div>\t\t\t\t\t<\/div>\r\n\t\t\t\t\t\t<div class=\"grid-item\">\r\n\t\t\t\t\t\t<div class=\"nuss-box\">\t\t<div class=\"nuss-image image\">\r\n\t\t\t<img decoding=\"async\"  src=\"https:\/\/shuiyunlanhotel.com\/wp-content\/uploads\/2025\/07\/Shuiyunlan-Hotel-31.webp\" alt=\"Shuiyunlan Hotel (31)\" \/>\t\t<\/div>\r\n\t\t\t\t<\/div>\t\t\t\t\t<\/div>\r\n\t\t\t\t\t\t<div class=\"grid-item\">\r\n\t\t\t\t\t\t<div class=\"nuss-box\">\t\t<div class=\"nuss-image image\">\r\n\t\t\t<img decoding=\"async\"  src=\"https:\/\/shuiyunlanhotel.com\/wp-content\/uploads\/2025\/07\/Shuiyunlan-Hotel-29.webp\" alt=\"Shuiyunlan Hotel (29)\" \/>\t\t<\/div>\r\n\t\t\t\t<\/div>\t\t\t\t\t<\/div>\r\n\t\t\t\t\t\t<div class=\"grid-item\">\r\n\t\t\t\t\t\t<div class=\"nuss-box\">\t\t<div class=\"nuss-image image\">\r\n\t\t\t<img decoding=\"async\"  src=\"https:\/\/shuiyunlanhotel.com\/wp-content\/uploads\/2025\/07\/Shuiyunlan-Hotel-17.webp\" alt=\"Shuiyunlan Hotel (17)\" \/>\t\t<\/div>\r\n\t\t\t\t<\/div>\t\t\t\t\t<\/div>\r\n\t\t\t\t\t\t\t\r\n\t\t\t<\/div>\r\n\t\t<\/div>\r\n\t\t\t\t\t\t<\/div>\n\t\t\t\t<\/div>\n\t\t\t\t\t<\/div>\n\t\t\t\t<\/div>\n\t\t<div class=\"elementor-element elementor-element-80e250a e-flex e-con-boxed e-con e-parent\" data-id=\"80e250a\" data-element_type=\"container\" data-e-type=\"container\">\n\t\t\t\t\t<div class=\"e-con-inner\">\n\t\t\t\t<div class=\"elementor-element elementor-element-34df4da elementor-widget elementor-widget-text-editor\" data-id=\"34df4da\" data-element_type=\"widget\" data-e-type=\"widget\" data-widget_type=\"text-editor.default\">\n\t\t\t\t\t\t\t\t\t<h4><strong data-spm-anchor-id=\"a2ty_o01.29997173.0.i74.1216c921uN85es\">Warum G\u00e4ste unser Restaurant lieben <\/strong><\/h4><p>Basierend auf echtem G\u00e4stefeedback und Bewertungen von Plattformen wie <strong>TripAdvisor, Ctrip und Qunar <\/strong>, hier sind einige der Gr\u00fcnde, warum unser Restaurant heraussticht:<\/p><p>\u2705 <strong>Authentische lokale Gerichte mit moderner Pr\u00e4sentation <\/strong><br \/>\u2705 <strong>Gleichbleibend hohe Lebensmittelqualit\u00e4t und Portionsgr\u00f6\u00dfen <\/strong><br \/>\u2705 <strong>Freundlicher und aufmerksamer Service <\/strong><br \/>\u2705 <strong>Komfortable und saubere Essumgebung <\/strong><br \/>\u2705 <strong>Tolles Preis-Leistungs-Verh\u00e4ltnis <\/strong><br \/>\u2705 <strong>Praktisch f\u00fcr Hotelg\u00e4ste und Besucher aus der Umgebung <\/strong><\/p><div class=\"py-2 my-3\"><hr \/><\/div><h3><strong>Erleben Sie die besten Aromen Wuhans im Shuiyunlan Hotel Restaurant <\/strong><\/h3><p>Ob Sie bei uns \u00fcbernachten oder einfach nur auf der Suche nach einem <strong>leckerer und entspannender Ort zum Essen in Wuhan <\/strong>, unser Restaurant im <strong>Shuiyunlan Hotel <\/strong> verspricht eine <strong>unvergessliches kulinarisches Erlebnis <\/strong>. Von der <strong>vom ersten Bissen bis zum letzten Schluck <\/strong>, jedes Detail ist darauf ausgelegt, dass Ihre Mahlzeit nicht nur zufriedenstellend, sondern auch unvergesslich ist.<\/p><p data-spm-anchor-id=\"a2ty_o01.29997173.0.i75.1216c921uN85es\">Kommen Sie und genie\u00dfen Sie eine <strong>Mischung aus Tradition und Moderne <\/strong>, Wo <strong>Lokale Hubei-Aromen treffen auf globalen Geschmack <\/strong>, alles innerhalb der <strong>Komfort und Eleganz unseres Hotelrestaurants <\/strong>.<\/p>\t\t\t\t\t\t\t\t<\/div>\n\t\t\t\t\t<\/div>\n\t\t\t\t<\/div>\n\t\t\t\t<\/div>","protected":false},"excerpt":{"rendered":"<p>Savor the Flavors of Wuhan and Beyond at Shuiyunlan Hotel\u2019s In-House Restaurant At Shuiyunlan Hotel (\u6c34\u4e91\u5170\u9152\u5e97) , located in the bustling Jianghan District of Wuhan at 1-16F, Building A, Yinhai Business Building, Jianghan 2nd Road , our hotel restaurant is more than just a place to eat\u2014it\u2019s a destination where guests can indulge in a [&hellip;]<\/p>\n","protected":false},"author":1,"featured_media":0,"parent":0,"menu_order":0,"comment_status":"closed","ping_status":"closed","template":"","meta":{"footnotes":""},"class_list":["post-612","page","type-page","status-publish","hentry","post-no-thumbnail"],"_links":{"self":[{"href":"https:\/\/shuiyunlanhotel.com\/de\/wp-json\/wp\/v2\/pages\/612","targetHints":{"allow":["GET"]}}],"collection":[{"href":"https:\/\/shuiyunlanhotel.com\/de\/wp-json\/wp\/v2\/pages"}],"about":[{"href":"https:\/\/shuiyunlanhotel.com\/de\/wp-json\/wp\/v2\/types\/page"}],"author":[{"embeddable":true,"href":"https:\/\/shuiyunlanhotel.com\/de\/wp-json\/wp\/v2\/users\/1"}],"replies":[{"embeddable":true,"href":"https:\/\/shuiyunlanhotel.com\/de\/wp-json\/wp\/v2\/comments?post=612"}],"version-history":[{"count":0,"href":"https:\/\/shuiyunlanhotel.com\/de\/wp-json\/wp\/v2\/pages\/612\/revisions"}],"wp:attachment":[{"href":"https:\/\/shuiyunlanhotel.com\/de\/wp-json\/wp\/v2\/media?parent=612"}],"curies":[{"name":"wp","href":"https:\/\/api.w.org\/{rel}","templated":true}]}}