{"id":2104,"date":"2021-03-23T09:33:48","date_gmt":"2021-03-23T09:33:48","guid":{"rendered":"http:\/\/localhost\/nuss\/?page_id=167"},"modified":"2025-12-04T08:42:24","modified_gmt":"2025-12-04T08:42:24","slug":"nuestra-historia","status":"publish","type":"page","link":"https:\/\/shuiyunlanhotel.com\/es\/our-story\/","title":{"rendered":"Nuestra historia"},"content":{"rendered":"<div data-elementor-type=\"wp-page\" data-elementor-id=\"2104\" class=\"elementor elementor-2104\">\n\t\t\t\t\t\t<section class=\"elementor-section elementor-top-section elementor-element elementor-element-8f5bb9d elementor-section-boxed elementor-section-gap-beside-yes elementor-section-height-default elementor-section-height-default elementor-section-column-vertical-align-stretch\" data-id=\"8f5bb9d\" data-element_type=\"section\" data-e-type=\"section\">\n\t\t\t\t\t\t<div class=\"elementor-container elementor-column-gap-extended\">\n\t\t\t\t\t<div class=\"elementor-column elementor-col-100 elementor-top-column elementor-element elementor-element-7ec4215\" data-id=\"7ec4215\" data-element_type=\"column\" data-e-type=\"column\">\n\t\t\t<div class=\"elementor-widget-wrap elementor-element-populated\">\n\t\t\t\t\t\t<div class=\"elementor-element elementor-element-edd9d03 elementor-widget__width-initial elementor-invisible elementor-widget elementor-widget-text-editor\" data-id=\"edd9d03\" data-element_type=\"widget\" data-e-type=\"widget\" data-settings=\"{&quot;_animation&quot;:&quot;nussFadeInUp&quot;}\" data-widget_type=\"text-editor.default\">\n\t\t\t\t\t\t\t\t\tNuestra historia: el viaje detr\u00e1s del Hotel Shuiyunlan en Wuhan  \t\t\t\t\t\t\t\t<\/div>\n\t\t\t\t\t<\/div>\n\t\t<\/div>\n\t\t\t\t\t<\/div>\n\t\t<\/section>\n\t\t<div class=\"elementor-element elementor-element-d2f641e e-flex e-con-boxed e-con e-parent\" data-id=\"d2f641e\" data-element_type=\"container\" data-e-type=\"container\">\n\t\t\t\t\t<div class=\"e-con-inner\">\n\t\t\t\t<div class=\"elementor-element elementor-element-8200e12 elementor-widget elementor-widget-text-editor\" data-id=\"8200e12\" data-element_type=\"widget\" data-e-type=\"widget\" data-widget_type=\"text-editor.default\">\n\t\t\t\t\t\t\t\t\t<p data-spm-anchor-id=\"a2ty_o01.29997173.0.i81.1216c921uN85es\">Todo gran hotel tiene una historia. La nuestra comienza con una visi\u00f3n sencilla pero poderosa: <strong>Redefinir la hospitalidad en Wuhan <\/strong> mediante la mezcla <strong>Comodidad moderna, elegancia cultural y servicio personalizado. <\/strong> en cada experiencia del hu\u00e9sped. En <strong>Shuiyunlan Hotel <\/strong>, ubicado en <strong>1-16F, Edificio A, Edificio Empresarial Yinhai, Jianghan 2nd Road, Distrito de Jianghan, Wuhan, Hubei, China <\/strong>Nuestro viaje es uno de pasi\u00f3n, prop\u00f3sito y un profundo aprecio por la ciudad que llamamos hogar.<\/p><h4><strong>Arraigado en la tradici\u00f3n, dise\u00f1ado para el futuro <\/strong><\/h4><p>El Hotel Shuiyunlan naci\u00f3 del deseo de crear un espacio donde <strong>La tradici\u00f3n se encuentra con la innovaci\u00f3n <\/strong>, donde se encuentra el rico patrimonio cultural de <strong>Provincia de Wuhan y Hubei <\/strong> Se honra con un dise\u00f1o cuidado, una c\u00e1lida hospitalidad y comodidades modernas. Desde el principio, nuestro objetivo no fue solo construir un hotel, sino... <strong>crear un destino <\/strong>\u2014un lugar donde los viajeros pudieran sentir ambas cosas <strong>Conectado a la ciudad y alejado de su ajetreo diario. <\/strong>.<\/p><p>El nombre <strong>\u201cShuiyunlan\u201d (\u6c34\u4e91\u5170) <\/strong> El concepto en s\u00ed mismo refleja esta filosof\u00eda. &quot;Shui&quot; (\u6c34) significa agua, simbolizando fluidez y armon\u00eda. &quot;Yun&quot; (\u4e91) significa nube, representando ligereza y serenidad. &quot;Lan&quot; (\u5170) se refiere a la orqu\u00eddea, un s\u00edmbolo tradicional de elegancia e integridad en la cultura china. Juntos, encarnan nuestra misi\u00f3n: ofrecer a los hu\u00e9spedes una experiencia que sea... <strong>Elegante, tranquilo y profundamente arraigado en los valores chinos. <\/strong>, mientras abrazaba el <strong>eficiencia y sofisticaci\u00f3n de la hospitalidad moderna <\/strong>.<\/p><h4><strong>La visi\u00f3n detr\u00e1s de la marca <\/strong><\/h4><p>En el coraz\u00f3n de <strong>Distrito de Jianghan de Wuhan <\/strong>, uno de los barrios m\u00e1s vibrantes e hist\u00f3ricamente significativos de la ciudad, vimos la oportunidad de crear algo verdaderamente especial. El distrito de Jianghan ha sido durante mucho tiempo el... <strong>el coraz\u00f3n econ\u00f3mico y cultural de Wuhan <\/strong>, conocido por sus vibrantes corredores comerciales, monumentos hist\u00f3ricos y una comunidad diversa. Fue aqu\u00ed donde decidimos construir <strong>Shuiyunlan Hotel <\/strong>\u2014no s\u00f3lo como un lugar para quedarse, sino como un <strong>puente cultural entre el pasado y el presente <\/strong>, entre el encanto local y los est\u00e1ndares globales.<\/p><p>Nuestros fundadores, un equipo de <strong>profesionales de la hosteler\u00eda con experiencia y empresarios locales <\/strong>, se inspiraron en la idea de que un hotel deber\u00eda ser m\u00e1s que una simple habitaci\u00f3n con cama. Deber\u00eda ser un <strong>un hogar lejos del hogar <\/strong>, a <strong>lugar de conexi\u00f3n <\/strong>, y un <strong>reflejo de la comunidad a la que sirve <\/strong>Con esa convicci\u00f3n, nos propusimos dise\u00f1ar un hotel que... <strong>Destaca no solo por sus comodidades, sino por su alma. <\/strong>.<\/p><h4><strong>Del concepto a la realidad: creando una experiencia \u00fanica para el hu\u00e9sped <\/strong><\/h4><p>La construcci\u00f3n del Hotel Shuiyunlan comenz\u00f3 con una profunda comprensi\u00f3n de lo que los viajeros modernos realmente valoran. Sab\u00edamos que <strong>limpieza, comodidad y conveniencia <\/strong> eran esenciales, pero tambi\u00e9n cre\u00edamos que <strong>Autenticidad, calidez y atenci\u00f3n al detalle <\/strong> eran igual de importantes. Cada elemento del hotel fue cuidadosamente considerado, desde el <strong>Dise\u00f1o de interiores inspirado en la est\u00e9tica tradicional china. <\/strong>, hacia <strong>Servicios para hu\u00e9spedes con tecnolog\u00eda habilitada <\/strong>, hacia <strong>Ingredientes de origen local utilizados en nuestro restaurante. <\/strong>.<\/p><p>Trabajamos con <strong>artesanos, arquitectos y dise\u00f1adores locales <\/strong> para asegurar que cada rinc\u00f3n del hotel contara una historia. El resultado es un espacio que se siente a la vez <strong>contempor\u00e1neo y atemporal <\/strong>, d\u00f3nde <strong>Materiales naturales, iluminaci\u00f3n suave y motivos culturales. <\/strong> Unirse para crear una <strong>ambiente tranquilo y envolvente <\/strong>.<\/p><h4><strong>Un compromiso con la excelencia en el servicio <\/strong><\/h4><p>Desde el primer hu\u00e9sped que cruz\u00f3 nuestras puertas, nos hemos mantenido firmes en nuestro compromiso con <strong>Servicio con una sonrisa y sinceridad <\/strong>Nuestro equipo est\u00e1 capacitado no solo en est\u00e1ndares de hospitalidad, sino en el arte de <strong>Hacer que los hu\u00e9spedes se sientan verdaderamente bienvenidos y valorados <\/strong>Ya sea un c\u00e1lido saludo al registrarse, una atenta recomendaci\u00f3n para explorar Wuhan o un refrigerio nocturno servido con una sonrisa, creemos que <strong>Los gestos m\u00e1s peque\u00f1os a menudo dejan el mayor impacto <\/strong>.<\/p><p>Esta dedicaci\u00f3n al servicio nos ha hecho ganar <strong>Grandes elogios de hu\u00e9spedes de todo el mundo <\/strong>, y nos ha ayudado a construir una reputaci\u00f3n como uno de los <strong>Los hoteles m\u00e1s confiables y centrados en el hu\u00e9sped en Wuhan <\/strong>.<\/p><h4><strong>Sirviendo a la comunidad y m\u00e1s all\u00e1 <\/strong><\/h4><p>Si bien nuestras puertas est\u00e1n abiertas a viajeros de toda China y de todo el mundo, tambi\u00e9n estamos orgullosos de ser un miembro activo de la <strong>Comunidad de Wuhan <\/strong>Nos asociamos con <strong>empresas locales, instituciones culturales y organizaciones tur\u00edsticas <\/strong> Para promover el patrimonio y las atracciones de la ciudad. Organizamos <strong>eventos culturales, exhibiciones de comida local y reuniones comunitarias <\/strong>y nos esforzamos por ser un <strong>negocio responsable y sostenible <\/strong>, apoyando el empleo local y las pr\u00e1cticas ecol\u00f3gicas.<\/p><h4><strong>Mirando hacia el futuro: nuestro futuro se basa en nuestros valores <\/strong><\/h4><p>A medida que continuamos creciendo, nuestra misi\u00f3n permanece inalterada: ofrecer una <strong>Una experiencia de hospitalidad verdaderamente \u00fanica y significativa <\/strong> que refleja el esp\u00edritu de Wuhan y la calidez de la cultura china. Ya sea que nos visite por negocios, placer o simplemente de paso, esperamos que su tiempo en <strong>Shuiyunlan Hotel <\/strong> se convierte en parte de tu propia historia, una llena de <strong>Comodidad, conexi\u00f3n y recuerdos inolvidables. <\/strong>.<\/p><div class=\"py-2 my-3\"><hr \/><\/div><h3>\ud83d\udccd <strong>Ven y s\u00e9 parte de nuestra historia <\/strong><\/h3><p>En <strong>Shuiyunlan Hotel <\/strong>Creemos que cada hu\u00e9sped forma parte de nuestra experiencia. Su estancia con nosotros es m\u00e1s que una simple visita: es un momento compartido en una historia que contin\u00faa desarroll\u00e1ndose.<\/p><p data-spm-anchor-id=\"a2ty_o01.29997173.0.i79.1216c921uN85es\"><strong>\u00danase a nosotros en Wuhan. <\/strong><br \/><strong>1-16F, Edificio A, Edificio Empresarial Yinhai, Jianghan 2nd Road, Distrito de Jianghan, Wuhan, Hubei, China <\/strong><\/p>\t\t\t\t\t\t\t\t<\/div>\n\t\t\t\t\t<\/div>\n\t\t\t\t<\/div>\n\t\t\t\t<\/div>","protected":false},"excerpt":{"rendered":"<p>Our Story \u2013 The Journey Behind Shuiyunlan Hotel in Wuhan Every great hotel has a story. Ours begins with a simple yet powerful vision: to redefine hospitality in Wuhan by blending modern comfort, cultural elegance, and personalized service into every guest experience. At Shuiyunlan Hotel (\u6c34\u4e91\u5170\u9152\u5e97) , located at 1-16F, Building A, Yinhai Business Building, [&hellip;]<\/p>\n","protected":false},"author":1,"featured_media":0,"parent":0,"menu_order":0,"comment_status":"closed","ping_status":"closed","template":"","meta":{"footnotes":""},"class_list":["post-2104","page","type-page","status-publish","hentry","post-no-thumbnail"],"_links":{"self":[{"href":"https:\/\/shuiyunlanhotel.com\/es\/wp-json\/wp\/v2\/pages\/2104","targetHints":{"allow":["GET"]}}],"collection":[{"href":"https:\/\/shuiyunlanhotel.com\/es\/wp-json\/wp\/v2\/pages"}],"about":[{"href":"https:\/\/shuiyunlanhotel.com\/es\/wp-json\/wp\/v2\/types\/page"}],"author":[{"embeddable":true,"href":"https:\/\/shuiyunlanhotel.com\/es\/wp-json\/wp\/v2\/users\/1"}],"replies":[{"embeddable":true,"href":"https:\/\/shuiyunlanhotel.com\/es\/wp-json\/wp\/v2\/comments?post=2104"}],"version-history":[{"count":0,"href":"https:\/\/shuiyunlanhotel.com\/es\/wp-json\/wp\/v2\/pages\/2104\/revisions"}],"wp:attachment":[{"href":"https:\/\/shuiyunlanhotel.com\/es\/wp-json\/wp\/v2\/media?parent=2104"}],"curies":[{"name":"gracias","href":"https:\/\/api.w.org\/{rel}","templated":true}]}}