{"id":612,"date":"2021-03-26T10:04:13","date_gmt":"2021-03-26T10:04:13","guid":{"rendered":"http:\/\/localhost\/nuss\/?page_id=612"},"modified":"2025-12-04T08:42:33","modified_gmt":"2025-12-04T08:42:33","slug":"restaurante","status":"publish","type":"page","link":"https:\/\/shuiyunlanhotel.com\/es\/restaurant\/","title":{"rendered":"Restaurante"},"content":{"rendered":"<div data-elementor-type=\"wp-page\" data-elementor-id=\"612\" class=\"elementor elementor-612\">\n\t\t\t\t\t\t<section class=\"elementor-section elementor-top-section elementor-element elementor-element-e2effe8 elementor-section-boxed elementor-section-gap-beside-yes elementor-section-height-default elementor-section-height-default elementor-section-column-vertical-align-stretch\" data-id=\"e2effe8\" data-element_type=\"section\" data-e-type=\"section\">\n\t\t\t\t\t\t<div class=\"elementor-container elementor-column-gap-extended\">\n\t\t\t\t\t<div class=\"elementor-column elementor-col-100 elementor-top-column elementor-element elementor-element-e18f688\" data-id=\"e18f688\" data-element_type=\"column\" data-e-type=\"column\">\n\t\t\t<div class=\"elementor-widget-wrap elementor-element-populated\">\n\t\t\t\t\t\t<div class=\"elementor-element elementor-element-6db146d elementor-widget__width-initial elementor-invisible elementor-widget elementor-widget-text-editor\" data-id=\"6db146d\" data-element_type=\"widget\" data-e-type=\"widget\" data-settings=\"{&quot;_animation&quot;:&quot;nussFadeInUp&quot;}\" data-widget_type=\"text-editor.default\">\n\t\t\t\t\t\t\t\t\tDisfrute de los sabores de Wuhan y m\u00e1s all\u00e1 en el restaurante del Hotel Shuiyunlan\t\t\t\t\t\t\t\t<\/div>\n\t\t\t\t\t<\/div>\n\t\t<\/div>\n\t\t\t\t\t<\/div>\n\t\t<\/section>\n\t\t<div class=\"elementor-element elementor-element-37513e8 e-flex e-con-boxed e-con e-parent\" data-id=\"37513e8\" data-element_type=\"container\" data-e-type=\"container\">\n\t\t\t\t\t<div class=\"e-con-inner\">\n\t\t\t\t<div class=\"elementor-element elementor-element-bd1cdbd elementor-widget elementor-widget-text-editor\" data-id=\"bd1cdbd\" data-element_type=\"widget\" data-e-type=\"widget\" data-widget_type=\"text-editor.default\">\n\t\t\t\t\t\t\t\t\t<p data-spm-anchor-id=\"a2ty_o01.29997173.0.i67.1216c921uN85es\">En <strong data-spm-anchor-id=\"a2ty_o01.29997173.0.i69.1216c921uN85es\">Shuiyunlan Hotel <\/strong>, ubicado en el bullicioso <strong>Distrito de Jianghan de Wuhan <\/strong> en <strong>Piso 1-16, Edificio A, Edificio Comercial Yinhai, Carretera Jianghan 2 <\/strong>, nuestro <strong>restaurante del hotel <\/strong> es m\u00e1s que un lugar para comer: es un destino donde los hu\u00e9spedes pueden disfrutar de un viaje culinario que combina <strong>Sabores locales de Hubei con cocina internacional <\/strong>, todo ello dentro de un ambiente refinado y confortable.<\/p><p>Ya sea que seas un <strong>Viajero de negocios que busca un desayuno tranquilo antes de un d\u00eda ajetreado. <\/strong>, a <strong>Turista que busca probar aut\u00e9nticos platos de Wuhan <\/strong>, o una <strong>Hu\u00e9sped local que desee disfrutar de una comida relajante. <\/strong>Nuestro restaurante en el lugar ofrece un <strong>Ambiente c\u00e1lido, servicio atento y un men\u00fa dise\u00f1ado para deleitar su paladar. <\/strong>.<\/p><h4><strong>Una experiencia culinaria arraigada en la tradici\u00f3n y la innovaci\u00f3n <\/strong><\/h4><p>Nuestro restaurante en el Hotel Shuiyunlan est\u00e1 cuidadosamente dise\u00f1ado para reflejar la <strong>La riqueza cultural de Wuhan y la regi\u00f3n de Hubei <\/strong>, al mismo tiempo que atiende a la <strong>los diversos gustos de nuestros hu\u00e9spedes internacionales <\/strong>Desde el momento en que entras, ser\u00e1s recibido por un <strong>Comedor moderno pero elegante <\/strong>, mejorado por <strong>Iluminaci\u00f3n suave, asientos c\u00f3modos y un ambiente relajante. <\/strong> Que hace que cada comida se sienta especial.<\/p><p>El men\u00fa es una celebraci\u00f3n de <strong>aut\u00e9nticos platos locales <\/strong> como <strong>Fideos secos calientes (\u70ed\u5e72\u9762), pescado al vapor del lago Dongting y cerdo estofado al estilo Hubei <\/strong>, junto con una selecci\u00f3n de <strong>favoritos internacionales <\/strong> incluido <strong>Desayunos occidentales, platos panasi\u00e1ticos y platos principales de estilo europeo. <\/strong>Este equilibrio perfecto garantiza que, ya sea que anheles un sabor casero o un sabor nuevo y aventurero, haya algo para cada paladar.<\/p><h4><strong>Empieza el d\u00eda con un desayuno sabroso <\/strong><\/h4><p>Para nuestro <strong>viajeros de negocios y madrugadores <\/strong>, el restaurante ofrece una <strong>suntuoso desayuno buffet <\/strong> Presentando una mezcla de <strong>platos chinos y occidentales <\/strong>, de <strong>bollos al vapor, congee y dim sum <\/strong> a <strong>huevos revueltos, tostadas, pasteles, frutas y caf\u00e9 o t\u00e9 reci\u00e9n hecho <\/strong>El desayuno no solo es delicioso sino que tambi\u00e9n est\u00e1 dise\u00f1ado para <strong>Alimenta tu d\u00eda con energ\u00eda y comodidad <\/strong>, ya sea que se dirija a una reuni\u00f3n o a explorar la ciudad.<\/p><p data-spm-anchor-id=\"a2ty_o01.29997173.0.i71.1216c921uN85es\">Los hu\u00e9spedes elogian con frecuencia el <strong>Variedad y calidad del desayuno <\/strong>, se\u00f1alando que es a la vez <strong>nutritivo y satisfactorio <\/strong>, y muchos hu\u00e9spedes que regresan se aseguran de disfrutar del desayuno aqu\u00ed todas las ma\u00f1anas.<\/p>\t\t\t\t\t\t\t\t<\/div>\n\t\t\t\t\t<\/div>\n\t\t\t\t<\/div>\n\t\t<div class=\"elementor-element elementor-element-56ea7a3 e-flex e-con-boxed e-con e-parent\" data-id=\"56ea7a3\" data-element_type=\"container\" data-e-type=\"container\">\n\t\t\t\t\t<div class=\"e-con-inner\">\n\t\t\t\t<div class=\"elementor-element elementor-element-4223be1 elementor-widget elementor-widget-nuss-image-gallery\" data-id=\"4223be1\" data-element_type=\"widget\" data-e-type=\"widget\" data-widget_type=\"nuss-image-gallery.default\">\n\t\t\t\t<div class=\"elementor-widget-container\">\n\t\t\t\t\t\t\t<div class=\"nuss-grid-wrapper\" data-grid=\"{&quot;type&quot;:&quot;grid&quot;,&quot;ratio&quot;:null,&quot;columns&quot;:3,&quot;gutter&quot;:30}\">\r\n\t\t\t<div class=\"nuss-grid lazy-grid\">\r\n\t\t\t\t<div class=\"grid-sizer\"><\/div>\r\n\r\n\t\t\t\t\t\t\t\t\t\t\t\t<div class=\"grid-item\">\r\n\t\t\t\t\t\t<div class=\"nuss-box\">\t\t<div class=\"nuss-image image\">\r\n\t\t\t<img decoding=\"async\"  src=\"https:\/\/shuiyunlanhotel.com\/wp-content\/uploads\/2025\/07\/Shuiyunlan-Hotel-34.webp\" alt=\"Shuiyunlan Hotel (34)\" \/>\t\t<\/div>\r\n\t\t\t\t<\/div>\t\t\t\t\t<\/div>\r\n\t\t\t\t\t\t<div class=\"grid-item\">\r\n\t\t\t\t\t\t<div class=\"nuss-box\">\t\t<div class=\"nuss-image image\">\r\n\t\t\t<img decoding=\"async\"  src=\"https:\/\/shuiyunlanhotel.com\/wp-content\/uploads\/2025\/07\/Shuiyunlan-Hotel-33.webp\" alt=\"Shuiyunlan Hotel (33)\" \/>\t\t<\/div>\r\n\t\t\t\t<\/div>\t\t\t\t\t<\/div>\r\n\t\t\t\t\t\t<div class=\"grid-item\">\r\n\t\t\t\t\t\t<div class=\"nuss-box\">\t\t<div class=\"nuss-image image\">\r\n\t\t\t<img decoding=\"async\"  src=\"https:\/\/shuiyunlanhotel.com\/wp-content\/uploads\/2025\/07\/Shuiyunlan-Hotel-32.webp\" alt=\"Shuiyunlan Hotel (32)\" \/>\t\t<\/div>\r\n\t\t\t\t<\/div>\t\t\t\t\t<\/div>\r\n\t\t\t\t\t\t<div class=\"grid-item\">\r\n\t\t\t\t\t\t<div class=\"nuss-box\">\t\t<div class=\"nuss-image image\">\r\n\t\t\t<img decoding=\"async\"  src=\"https:\/\/shuiyunlanhotel.com\/wp-content\/uploads\/2025\/07\/Shuiyunlan-Hotel-28.webp\" alt=\"Shuiyunlan Hotel (28)\" \/>\t\t<\/div>\r\n\t\t\t\t<\/div>\t\t\t\t\t<\/div>\r\n\t\t\t\t\t\t<div class=\"grid-item\">\r\n\t\t\t\t\t\t<div class=\"nuss-box\">\t\t<div class=\"nuss-image image\">\r\n\t\t\t<img decoding=\"async\"  src=\"https:\/\/shuiyunlanhotel.com\/wp-content\/uploads\/2025\/07\/Shuiyunlan-Hotel-27.webp\" alt=\"Shuiyunlan Hotel (27)\" \/>\t\t<\/div>\r\n\t\t\t\t<\/div>\t\t\t\t\t<\/div>\r\n\t\t\t\t\t\t<div class=\"grid-item\">\r\n\t\t\t\t\t\t<div class=\"nuss-box\">\t\t<div class=\"nuss-image image\">\r\n\t\t\t<img decoding=\"async\"  src=\"https:\/\/shuiyunlanhotel.com\/wp-content\/uploads\/2025\/07\/Shuiyunlan-Hotel-26.webp\" alt=\"Shuiyunlan Hotel (26)\" \/>\t\t<\/div>\r\n\t\t\t\t<\/div>\t\t\t\t\t<\/div>\r\n\t\t\t\t\t\t<div class=\"grid-item\">\r\n\t\t\t\t\t\t<div class=\"nuss-box\">\t\t<div class=\"nuss-image image\">\r\n\t\t\t<img decoding=\"async\"  src=\"https:\/\/shuiyunlanhotel.com\/wp-content\/uploads\/2025\/07\/Shuiyunlan-Hotel-24.webp\" alt=\"Shuiyunlan Hotel (24)\" \/>\t\t<\/div>\r\n\t\t\t\t<\/div>\t\t\t\t\t<\/div>\r\n\t\t\t\t\t\t<div class=\"grid-item\">\r\n\t\t\t\t\t\t<div class=\"nuss-box\">\t\t<div class=\"nuss-image image\">\r\n\t\t\t<img decoding=\"async\"  src=\"https:\/\/shuiyunlanhotel.com\/wp-content\/uploads\/2025\/07\/Shuiyunlan-Hotel-23.webp\" alt=\"Shuiyunlan Hotel (23)\" \/>\t\t<\/div>\r\n\t\t\t\t<\/div>\t\t\t\t\t<\/div>\r\n\t\t\t\t\t\t\t\r\n\t\t\t<\/div>\r\n\t\t<\/div>\r\n\t\t\t\t\t\t<\/div>\n\t\t\t\t<\/div>\n\t\t\t\t\t<\/div>\n\t\t\t\t<\/div>\n\t\t<div class=\"elementor-element elementor-element-f97a88c e-flex e-con-boxed e-con e-parent\" data-id=\"f97a88c\" data-element_type=\"container\" data-e-type=\"container\">\n\t\t\t\t\t<div class=\"e-con-inner\">\n\t\t\t\t<div class=\"elementor-element elementor-element-28d8050 elementor-widget elementor-widget-text-editor\" data-id=\"28d8050\" data-element_type=\"widget\" data-e-type=\"widget\" data-widget_type=\"text-editor.default\">\n\t\t\t\t\t\t\t\t\t<h4><strong>Almuerzo y cena: un sabor de Wuhan con un toque moderno <\/strong><\/h4><p>A lo largo del d\u00eda, nuestros chefs preparan <strong>ingredientes frescos de origen local <\/strong> en platos deliciosos que reflejan la <strong>El rico patrimonio culinario de la provincia de Hubei <\/strong>Los aspectos m\u00e1s destacados incluyen:<\/p><ul><li><strong>Pescado Wuchang picante (\u6b66\u660c\u9c7c) <\/strong> \u2013 Una especialidad local cocinada al vapor a la perfecci\u00f3n<\/li><li><strong>Panceta de cerdo estofada (\u7ea2\u70e7\u8089) <\/strong> \u2013 Cocinado a fuego lento y con un sabor intenso.<\/li><li><strong>Plato de tofu vegetariano <\/strong> \u2013 Perfecto para comensales preocupados por la salud<\/li><li><strong>Salteados y fideos panasi\u00e1ticos <\/strong> \u2013 Ideal para una comida r\u00e1pida pero satisfactoria.<\/li><li><strong>Pollo a la parrilla, pasta y platos continentales <\/strong> \u2013 Para aquellos que anhelan sabores internacionales<\/li><\/ul><p>Nuestro men\u00fa tambi\u00e9n incluye una variedad de <strong>Opciones vegetarianas, halal y sin gluten <\/strong>, garantizando que se respeten y tengan en cuenta todas las preferencias diet\u00e9ticas.<\/p><h4><strong>Opciones de cenas privadas y comidas de negocios <\/strong><\/h4><p>Para <strong>almuerzos corporativos, peque\u00f1as celebraciones o cenas \u00edntimas <\/strong>, nuestro restaurante ofrece <strong>\u00e1reas de comedor semiprivadas <\/strong> que proporcionan una <strong>entorno tranquilo y profesional <\/strong>Estos espacios son ideales para <strong>reuniones de negocios, cenas con clientes o reuniones familiares <\/strong>, ofreciendo una <strong>Men\u00fa personalizado y servicio atento. <\/strong> Adaptado a las necesidades de su grupo.<\/p><p>Muchos de nuestros hu\u00e9spedes de negocios han elogiado el restaurante como el <strong>Lugar perfecto para reuniones informales con clientes. <\/strong>, con su <strong>Ambiente tranquilo, servicio profesional y comida deliciosa. <\/strong> ayudando a crear una impresi\u00f3n positiva.<\/p><h4><strong>Rel\u00e1jese y descanse con una bebida exclusiva <\/strong><\/h4><p>Adem\u00e1s de nuestras comidas completas, el restaurante tambi\u00e9n sirve una selecci\u00f3n de <strong>bebidas refrescantes <\/strong>, incluido:<\/p><ul><li><strong>T\u00e9s chinos reci\u00e9n hechos <\/strong> como <strong>oolong, jazm\u00edn y pu&#039;er <\/strong><\/li><li><strong>Espresso, capuchino y otros caf\u00e9s de estilo occidental <\/strong><\/li><li><strong>Jugos de frutas frescas y refrescos <\/strong><\/li><li><strong>Cervezas artesanales locales y aperitivos ligeros. <\/strong> Perfecto para un descanso al final de la tarde<\/li><\/ul><p data-spm-anchor-id=\"a2ty_o01.29997173.0.i73.1216c921uN85es\">Nuestro <strong>servicio de t\u00e9 de la tarde <\/strong> y <strong>men\u00fa de refrigerios ligeros <\/strong> Son especialmente populares entre los hu\u00e9spedes que desean <strong>Rel\u00e1jese despu\u00e9s de un largo d\u00eda de reuniones o turismo <\/strong>, ofreciendo un espacio tranquilo para relajarse y recargar energ\u00edas.<\/p>\t\t\t\t\t\t\t\t<\/div>\n\t\t\t\t\t<\/div>\n\t\t\t\t<\/div>\n\t\t<div class=\"elementor-element elementor-element-221c8af e-flex e-con-boxed e-con e-parent\" data-id=\"221c8af\" data-element_type=\"container\" data-e-type=\"container\">\n\t\t\t\t\t<div class=\"e-con-inner\">\n\t\t\t\t<div class=\"elementor-element elementor-element-09d4111 elementor-widget elementor-widget-nuss-image-gallery\" data-id=\"09d4111\" data-element_type=\"widget\" data-e-type=\"widget\" data-widget_type=\"nuss-image-gallery.default\">\n\t\t\t\t<div class=\"elementor-widget-container\">\n\t\t\t\t\t\t\t<div class=\"nuss-grid-wrapper\" data-grid=\"{&quot;type&quot;:&quot;grid&quot;,&quot;ratio&quot;:null,&quot;columns&quot;:3,&quot;gutter&quot;:30}\">\r\n\t\t\t<div class=\"nuss-grid lazy-grid\">\r\n\t\t\t\t<div class=\"grid-sizer\"><\/div>\r\n\r\n\t\t\t\t\t\t\t\t\t\t\t\t<div class=\"grid-item\">\r\n\t\t\t\t\t\t<div class=\"nuss-box\">\t\t<div class=\"nuss-image image\">\r\n\t\t\t<img decoding=\"async\"  src=\"https:\/\/shuiyunlanhotel.com\/wp-content\/uploads\/2025\/07\/Shuiyunlan-Hotel-40.webp\" alt=\"Shuiyunlan Hotel (40)\" \/>\t\t<\/div>\r\n\t\t\t\t<\/div>\t\t\t\t\t<\/div>\r\n\t\t\t\t\t\t<div class=\"grid-item\">\r\n\t\t\t\t\t\t<div class=\"nuss-box\">\t\t<div class=\"nuss-image image\">\r\n\t\t\t<img decoding=\"async\"  src=\"https:\/\/shuiyunlanhotel.com\/wp-content\/uploads\/2025\/07\/Shuiyunlan-Hotel-39.webp\" alt=\"Shuiyunlan Hotel (39)\" \/>\t\t<\/div>\r\n\t\t\t\t<\/div>\t\t\t\t\t<\/div>\r\n\t\t\t\t\t\t<div class=\"grid-item\">\r\n\t\t\t\t\t\t<div class=\"nuss-box\">\t\t<div class=\"nuss-image image\">\r\n\t\t\t<img decoding=\"async\"  src=\"https:\/\/shuiyunlanhotel.com\/wp-content\/uploads\/2025\/07\/Shuiyunlan-Hotel-36.webp\" alt=\"Shuiyunlan Hotel (36)\" \/>\t\t<\/div>\r\n\t\t\t\t<\/div>\t\t\t\t\t<\/div>\r\n\t\t\t\t\t\t<div class=\"grid-item\">\r\n\t\t\t\t\t\t<div class=\"nuss-box\">\t\t<div class=\"nuss-image image\">\r\n\t\t\t<img decoding=\"async\"  src=\"https:\/\/shuiyunlanhotel.com\/wp-content\/uploads\/2025\/07\/Shuiyunlan-Hotel-31.webp\" alt=\"Shuiyunlan Hotel (31)\" \/>\t\t<\/div>\r\n\t\t\t\t<\/div>\t\t\t\t\t<\/div>\r\n\t\t\t\t\t\t<div class=\"grid-item\">\r\n\t\t\t\t\t\t<div class=\"nuss-box\">\t\t<div class=\"nuss-image image\">\r\n\t\t\t<img decoding=\"async\"  src=\"https:\/\/shuiyunlanhotel.com\/wp-content\/uploads\/2025\/07\/Shuiyunlan-Hotel-29.webp\" alt=\"Shuiyunlan Hotel (29)\" \/>\t\t<\/div>\r\n\t\t\t\t<\/div>\t\t\t\t\t<\/div>\r\n\t\t\t\t\t\t<div class=\"grid-item\">\r\n\t\t\t\t\t\t<div class=\"nuss-box\">\t\t<div class=\"nuss-image image\">\r\n\t\t\t<img decoding=\"async\"  src=\"https:\/\/shuiyunlanhotel.com\/wp-content\/uploads\/2025\/07\/Shuiyunlan-Hotel-17.webp\" alt=\"Shuiyunlan Hotel (17)\" \/>\t\t<\/div>\r\n\t\t\t\t<\/div>\t\t\t\t\t<\/div>\r\n\t\t\t\t\t\t\t\r\n\t\t\t<\/div>\r\n\t\t<\/div>\r\n\t\t\t\t\t\t<\/div>\n\t\t\t\t<\/div>\n\t\t\t\t\t<\/div>\n\t\t\t\t<\/div>\n\t\t<div class=\"elementor-element elementor-element-80e250a e-flex e-con-boxed e-con e-parent\" data-id=\"80e250a\" data-element_type=\"container\" data-e-type=\"container\">\n\t\t\t\t\t<div class=\"e-con-inner\">\n\t\t\t\t<div class=\"elementor-element elementor-element-34df4da elementor-widget elementor-widget-text-editor\" data-id=\"34df4da\" data-element_type=\"widget\" data-e-type=\"widget\" data-widget_type=\"text-editor.default\">\n\t\t\t\t\t\t\t\t\t<h4><strong data-spm-anchor-id=\"a2ty_o01.29997173.0.i74.1216c921uN85es\">Por qu\u00e9 a los hu\u00e9spedes les encanta nuestro restaurante <\/strong><\/h4><p>Basado en comentarios y rese\u00f1as de hu\u00e9spedes reales de plataformas como <strong>TripAdvisor, Ctrip y Qunar <\/strong>, estas son algunas de las razones por las que nuestro restaurante destaca:<\/p><p>\u2705 <strong>Aut\u00e9nticos platos locales con presentaci\u00f3n moderna. <\/strong><br \/>\u2705 <strong>Calidad de alimentos y tama\u00f1os de porciones constantemente altos <\/strong><br \/>\u2705 <strong>Servicio amable y atento. <\/strong><br \/>\u2705 <strong>Ambiente de comedor c\u00f3modo y limpio. <\/strong><br \/>\u2705 <strong>Excelente relaci\u00f3n calidad-precio <\/strong><br \/>\u2705 <strong>Conveniente tanto para los hu\u00e9spedes del hotel como para los visitantes locales. <\/strong><\/p><div class=\"py-2 my-3\"><hr \/><\/div><h3><strong>Experimente lo mejor de los sabores de Wuhan en el restaurante del Hotel Shuiyunlan <\/strong><\/h3><p>Ya sea que se hospede con nosotros o simplemente est\u00e9 buscando un... <strong>Un lugar delicioso y relajante para cenar en Wuhan. <\/strong>, nuestro restaurante en <strong>Shuiyunlan Hotel <\/strong> promete una <strong>experiencia culinaria inolvidable <\/strong>. Desde el <strong>Desde el primer bocado hasta el \u00faltimo sorbo <\/strong>Cada detalle est\u00e1 elaborado para garantizar que su comida no solo sea satisfactoria sino tambi\u00e9n memorable.<\/p><p data-spm-anchor-id=\"a2ty_o01.29997173.0.i75.1216c921uN85es\">Ven y disfruta de un <strong>mezcla de tradici\u00f3n y modernidad <\/strong>, d\u00f3nde <strong>Los sabores locales de Hubei se encuentran con los gustos globales <\/strong>, todo dentro del <strong>Comodidad y elegancia en el restaurante de nuestro hotel. <\/strong>.<\/p>\t\t\t\t\t\t\t\t<\/div>\n\t\t\t\t\t<\/div>\n\t\t\t\t<\/div>\n\t\t\t\t<\/div>","protected":false},"excerpt":{"rendered":"<p>Savor the Flavors of Wuhan and Beyond at Shuiyunlan Hotel\u2019s In-House Restaurant At Shuiyunlan Hotel (\u6c34\u4e91\u5170\u9152\u5e97) , located in the bustling Jianghan District of Wuhan at 1-16F, Building A, Yinhai Business Building, Jianghan 2nd Road , our hotel restaurant is more than just a place to eat\u2014it\u2019s a destination where guests can indulge in a [&hellip;]<\/p>\n","protected":false},"author":1,"featured_media":0,"parent":0,"menu_order":0,"comment_status":"closed","ping_status":"closed","template":"","meta":{"footnotes":""},"class_list":["post-612","page","type-page","status-publish","hentry","post-no-thumbnail"],"_links":{"self":[{"href":"https:\/\/shuiyunlanhotel.com\/es\/wp-json\/wp\/v2\/pages\/612","targetHints":{"allow":["GET"]}}],"collection":[{"href":"https:\/\/shuiyunlanhotel.com\/es\/wp-json\/wp\/v2\/pages"}],"about":[{"href":"https:\/\/shuiyunlanhotel.com\/es\/wp-json\/wp\/v2\/types\/page"}],"author":[{"embeddable":true,"href":"https:\/\/shuiyunlanhotel.com\/es\/wp-json\/wp\/v2\/users\/1"}],"replies":[{"embeddable":true,"href":"https:\/\/shuiyunlanhotel.com\/es\/wp-json\/wp\/v2\/comments?post=612"}],"version-history":[{"count":0,"href":"https:\/\/shuiyunlanhotel.com\/es\/wp-json\/wp\/v2\/pages\/612\/revisions"}],"wp:attachment":[{"href":"https:\/\/shuiyunlanhotel.com\/es\/wp-json\/wp\/v2\/media?parent=612"}],"curies":[{"name":"gracias","href":"https:\/\/api.w.org\/{rel}","templated":true}]}}