{"id":5266,"date":"2021-07-18T08:03:35","date_gmt":"2021-07-18T08:03:35","guid":{"rendered":"https:\/\/nuss.uxper.co\/luxury-resort\/?page_id=5266"},"modified":"2025-12-04T08:41:44","modified_gmt":"2025-12-04T08:41:44","slug":"a-propos-de-nous","status":"publish","type":"page","link":"https:\/\/shuiyunlanhotel.com\/fr\/about-us\/","title":{"rendered":"\u00c0 propos de nous"},"content":{"rendered":"<div data-elementor-type=\"wp-page\" data-elementor-id=\"5266\" class=\"elementor elementor-5266\">\n\t\t\t\t\t\t<section class=\"elementor-section elementor-top-section elementor-element elementor-element-10416953 elementor-section-boxed elementor-section-gap-beside-yes elementor-section-height-default elementor-section-height-default elementor-section-column-vertical-align-stretch\" data-id=\"10416953\" data-element_type=\"section\" data-e-type=\"section\">\n\t\t\t\t\t\t<div class=\"elementor-container elementor-column-gap-extended\">\n\t\t\t\t\t<div class=\"elementor-column elementor-col-100 elementor-top-column elementor-element elementor-element-29c6aa8\" data-id=\"29c6aa8\" data-element_type=\"column\" data-e-type=\"column\">\n\t\t\t<div class=\"elementor-widget-wrap elementor-element-populated\">\n\t\t\t\t\t\t<div class=\"elementor-element elementor-element-7be18fe7 elementor-widget__width-initial elementor-invisible elementor-widget elementor-widget-text-editor\" data-id=\"7be18fe7\" data-element_type=\"widget\" data-e-type=\"widget\" data-settings=\"{&quot;_animation&quot;:&quot;nussFadeInUp&quot;}\" data-widget_type=\"text-editor.default\">\n\t\t\t\t\t\t\t\t\tBienvenue \u00e0 l&#039;h\u00f4tel Shuiyunlan \u2013 Un havre de paix au c\u0153ur de Wuhan  \t\t\t\t\t\t\t\t<\/div>\n\t\t\t\t\t<\/div>\n\t\t<\/div>\n\t\t\t\t\t<\/div>\n\t\t<\/section>\n\t\t\t\t<section class=\"elementor-section elementor-top-section elementor-element elementor-element-7d18327f elementor-section-boxed elementor-section-gap-beside-yes elementor-section-height-default elementor-section-height-default elementor-section-column-vertical-align-stretch\" data-id=\"7d18327f\" data-element_type=\"section\" data-e-type=\"section\">\n\t\t\t\t\t\t<div class=\"elementor-container elementor-column-gap-extended\">\n\t\t\t\t\t<div class=\"elementor-column elementor-col-50 elementor-top-column elementor-element elementor-element-56533670\" data-id=\"56533670\" data-element_type=\"column\" data-e-type=\"column\">\n\t\t\t<div class=\"elementor-widget-wrap elementor-element-populated\">\n\t\t\t\t\t\t<div class=\"elementor-element elementor-element-19c3f543 elementor-invisible elementor-widget elementor-widget-text-editor\" data-id=\"19c3f543\" data-element_type=\"widget\" data-e-type=\"widget\" data-settings=\"{&quot;_animation&quot;:&quot;nussFadeInUp&quot;}\" data-widget_type=\"text-editor.default\">\n\t\t\t\t\t\t\t\t\t<p data-spm-anchor-id=\"a2ty_o01.29997173.0.i4.1216c921uN85es\">Nich\u00e9 dans le quartier anim\u00e9 <strong>District de Jianghan <\/strong> de <strong>Wuhan, province du Hubei <\/strong>, <strong>H\u00f4tel Shuiyunlan (\u6c34\u4e91\u5170\u9152\u5e97) <\/strong> offre une \u00e9vasion sereine loin de l&#039;agitation de la ville. Situ\u00e9 \u00e0 <strong>1-16F, B\u00e2timent A, Immeuble d&#039;affaires Yinhai, Jianghan 2nd Road <\/strong>, cet \u00e9l\u00e9gant h\u00f4tel allie le confort moderne \u00e0 l&#039;hospitalit\u00e9 traditionnelle chinoise, ce qui en fait la destination id\u00e9ale pour les voyageurs d&#039;affaires et de loisirs.<\/p>\t\t\t\t\t\t\t\t<\/div>\n\t\t\t\t\t<\/div>\n\t\t<\/div>\n\t\t\t\t<div class=\"elementor-column elementor-col-50 elementor-top-column elementor-element elementor-element-30f14127\" data-id=\"30f14127\" data-element_type=\"column\" data-e-type=\"column\">\n\t\t\t<div class=\"elementor-widget-wrap elementor-element-populated\">\n\t\t\t\t\t\t<div class=\"elementor-element elementor-element-1c8a86c elementor-widget elementor-widget-image\" data-id=\"1c8a86c\" data-element_type=\"widget\" data-e-type=\"widget\" data-widget_type=\"image.default\">\n\t\t\t\t\t\t\t\t\t\t\t\t\t\t\t<img fetchpriority=\"high\" decoding=\"async\" width=\"1024\" height=\"682\" src=\"https:\/\/shuiyunlanhotel.com\/wp-content\/uploads\/2025\/07\/Shuiyunlan-Hotel-94-1024x682.webp\" class=\"attachment-large size-large wp-image-5646\" alt=\"\" srcset=\"https:\/\/shuiyunlanhotel.com\/wp-content\/uploads\/2025\/07\/Shuiyunlan-Hotel-94-1024x682.webp 1024w, https:\/\/shuiyunlanhotel.com\/wp-content\/uploads\/2025\/07\/Shuiyunlan-Hotel-94-300x200.webp 300w, https:\/\/shuiyunlanhotel.com\/wp-content\/uploads\/2025\/07\/Shuiyunlan-Hotel-94-768x512.webp 768w, https:\/\/shuiyunlanhotel.com\/wp-content\/uploads\/2025\/07\/Shuiyunlan-Hotel-94.webp 1280w\" sizes=\"(max-width: 1024px) 100vw, 1024px\" \/>\t\t\t\t\t\t\t\t\t\t\t\t\t\t\t<\/div>\n\t\t\t\t\t<\/div>\n\t\t<\/div>\n\t\t\t\t\t<\/div>\n\t\t<\/section>\n\t\t\t\t<section class=\"elementor-section elementor-top-section elementor-element elementor-element-29fb8578 elementor-section-height-min-height elementor-section-stretched elementor-section-full_width elementor-section-items-stretch elementor-section-height-default elementor-section-column-vertical-align-stretch\" data-id=\"29fb8578\" data-element_type=\"section\" data-e-type=\"section\" data-settings=\"{&quot;stretch_section&quot;:&quot;section-stretched&quot;}\">\n\t\t\t\t\t\t<div class=\"elementor-container elementor-column-gap-no\">\n\t\t\t\t\t<div class=\"elementor-column elementor-col-50 elementor-top-column elementor-element elementor-element-40ac270b\" data-id=\"40ac270b\" data-element_type=\"column\" data-e-type=\"column\">\n\t\t\t<div class=\"elementor-widget-wrap elementor-element-populated\">\n\t\t\t\t\t\t<div class=\"elementor-element elementor-element-20872773 elementor-widget__width-initial elementor-widget-mobile__width-inherit elementor-invisible nuss-elementor-loading nuss-slide-in-right elementor-widget elementor-widget-image\" data-id=\"20872773\" data-element_type=\"widget\" data-e-type=\"widget\" data-settings=\"{&quot;_animation&quot;:&quot;nussSlideInRight&quot;}\" data-widget_type=\"image.default\">\n\t\t\t\t\t\t\t\t\t\t\t\t\t\t\t<img decoding=\"async\" width=\"1280\" height=\"853\" src=\"https:\/\/shuiyunlanhotel.com\/wp-content\/uploads\/2025\/07\/Shuiyunlan-Hotel-97.webp\" class=\"attachment-full size-full wp-image-5649\" alt=\"\" srcset=\"https:\/\/shuiyunlanhotel.com\/wp-content\/uploads\/2025\/07\/Shuiyunlan-Hotel-97.webp 1280w, https:\/\/shuiyunlanhotel.com\/wp-content\/uploads\/2025\/07\/Shuiyunlan-Hotel-97-300x200.webp 300w, https:\/\/shuiyunlanhotel.com\/wp-content\/uploads\/2025\/07\/Shuiyunlan-Hotel-97-1024x682.webp 1024w, https:\/\/shuiyunlanhotel.com\/wp-content\/uploads\/2025\/07\/Shuiyunlan-Hotel-97-768x512.webp 768w\" sizes=\"(max-width: 1280px) 100vw, 1280px\" \/>\t\t\t\t\t\t\t\t\t\t\t\t\t\t\t<\/div>\n\t\t\t\t\t<\/div>\n\t\t<\/div>\n\t\t\t\t<div class=\"elementor-column elementor-col-50 elementor-top-column elementor-element elementor-element-2dac103\" data-id=\"2dac103\" data-element_type=\"column\" data-e-type=\"column\">\n\t\t\t<div class=\"elementor-widget-wrap elementor-element-populated\">\n\t\t\t\t\t\t<div class=\"elementor-element elementor-element-1ab88d95 elementor-invisible elementor-widget elementor-widget-heading\" data-id=\"1ab88d95\" data-element_type=\"widget\" data-e-type=\"widget\" data-settings=\"{&quot;_animation&quot;:&quot;nussFadeInUp&quot;}\" data-widget_type=\"heading.default\">\n\t\t\t\t\t<h3 class=\"elementor-heading-title elementor-size-default\">Emplacement strat\u00e9gique dans le centre commercial de Wuhan  <\/h3>\t\t\t\t<\/div>\n\t\t\t\t<div class=\"elementor-element elementor-element-6f1b8966 elementor-invisible elementor-widget elementor-widget-text-editor\" data-id=\"6f1b8966\" data-element_type=\"widget\" data-e-type=\"widget\" data-settings=\"{&quot;_animation&quot;:&quot;nussFadeInUp&quot;}\" data-widget_type=\"text-editor.default\">\n\t\t\t\t\t\t\t\t\t<p>Id\u00e9alement situ\u00e9 au c\u0153ur du quartier anim\u00e9 de Wuhan <strong>Quartier des affaires de Jianghan <\/strong>L&#039;h\u00f4tel Shuiyunlan est entour\u00e9 de grands centres commerciaux, de complexes commerciaux et de bureaux gouvernementaux. Que vous soyez en d\u00e9placement pour une r\u00e9union d&#039;affaires ou que vous exploriez les attractions culturelles et historiques de Wuhan, notre h\u00f4tel offre un acc\u00e8s facile aux principaux sites touristiques et aux principaux axes de transport. \u00c0 proximit\u00e9 <strong>Station de m\u00e9tro Jianghan 2nd Road <\/strong> assure une connectivit\u00e9 transparente avec le reste de la ville, tout en <strong>A\u00e9roport international de Wuhan Tianhe <\/strong> et <strong>Gare de Wuhan <\/strong> sont \u00e0 quelques minutes en voiture.<\/p>\t\t\t\t\t\t\t\t<\/div>\n\t\t\t\t\t<\/div>\n\t\t<\/div>\n\t\t\t\t\t<\/div>\n\t\t<\/section>\n\t\t\t\t<section class=\"elementor-section elementor-top-section elementor-element elementor-element-2f0f57d elementor-section-height-min-height elementor-section-stretched elementor-section-full_width elementor-section-items-stretch elementor-section-height-default elementor-section-column-vertical-align-stretch\" data-id=\"2f0f57d\" data-element_type=\"section\" data-e-type=\"section\" data-settings=\"{&quot;stretch_section&quot;:&quot;section-stretched&quot;}\">\n\t\t\t\t\t\t<div class=\"elementor-container elementor-column-gap-no\">\n\t\t\t\t\t<div class=\"elementor-column elementor-col-50 elementor-top-column elementor-element elementor-element-f729403\" data-id=\"f729403\" data-element_type=\"column\" data-e-type=\"column\">\n\t\t\t<div class=\"elementor-widget-wrap elementor-element-populated\">\n\t\t\t\t\t\t<div class=\"elementor-element elementor-element-6bcc674 elementor-invisible elementor-widget elementor-widget-heading\" data-id=\"6bcc674\" data-element_type=\"widget\" data-e-type=\"widget\" data-settings=\"{&quot;_animation&quot;:&quot;nussFadeInUp&quot;}\" data-widget_type=\"heading.default\">\n\t\t\t\t\t<h3 class=\"elementor-heading-title elementor-size-default\">H\u00e9bergement sophistiqu\u00e9 con\u00e7u pour le confort  <\/h3>\t\t\t\t<\/div>\n\t\t\t\t<div class=\"elementor-element elementor-element-94bdd70 elementor-invisible elementor-widget elementor-widget-text-editor\" data-id=\"94bdd70\" data-element_type=\"widget\" data-e-type=\"widget\" data-settings=\"{&quot;_animation&quot;:&quot;nussFadeInUp&quot;}\" data-widget_type=\"text-editor.default\">\n\t\t\t\t\t\t\t\t\t<p data-spm-anchor-id=\"a2ty_o01.29997173.0.i9.1216c921uN85es\">\u00c0 l&#039;h\u00f4tel Shuiyunlan, nous sommes fiers d&#039;offrir <strong>chambres et suites luxueuses et bien am\u00e9nag\u00e9es <\/strong> qui r\u00e9pondent aux besoins des voyageurs modernes. Chaque chambre est soigneusement con\u00e7ue avec un m\u00e9lange de <strong>esth\u00e9tique contemporaine et \u00e9l\u00e9gance traditionnelle <\/strong>, avec literie moelleuse, Wi-Fi haut d\u00e9bit, t\u00e9l\u00e9viseurs \u00e0 \u00e9cran plat, climatisation et vue panoramique sur la ville. Nos h\u00e9bergements r\u00e9partis sur plusieurs \u00e9tages ( <strong>\u00e9tages 1 \u00e0 16 <\/strong>) garantissent aux clients de profiter d&#039;une retraite calme et priv\u00e9e apr\u00e8s une longue journ\u00e9e de r\u00e9unions ou de visites.<\/p>\t\t\t\t\t\t\t\t<\/div>\n\t\t\t\t\t<\/div>\n\t\t<\/div>\n\t\t\t\t<div class=\"elementor-column elementor-col-50 elementor-top-column elementor-element elementor-element-e79c408\" data-id=\"e79c408\" data-element_type=\"column\" data-e-type=\"column\">\n\t\t\t<div class=\"elementor-widget-wrap elementor-element-populated\">\n\t\t\t\t\t\t<div class=\"elementor-element elementor-element-9939c42 elementor-widget__width-initial elementor-widget-mobile__width-inherit elementor-invisible nuss-elementor-loading nuss-slide-in-right elementor-widget elementor-widget-image\" data-id=\"9939c42\" data-element_type=\"widget\" data-e-type=\"widget\" data-settings=\"{&quot;_animation&quot;:&quot;nussSlideInRight&quot;}\" data-widget_type=\"image.default\">\n\t\t\t\t\t\t\t\t\t\t\t\t\t\t\t<img decoding=\"async\" width=\"1280\" height=\"853\" src=\"https:\/\/shuiyunlanhotel.com\/wp-content\/uploads\/2025\/07\/Shuiyunlan-Hotel-95.webp\" class=\"attachment-full size-full wp-image-5647\" alt=\"\" srcset=\"https:\/\/shuiyunlanhotel.com\/wp-content\/uploads\/2025\/07\/Shuiyunlan-Hotel-95.webp 1280w, https:\/\/shuiyunlanhotel.com\/wp-content\/uploads\/2025\/07\/Shuiyunlan-Hotel-95-300x200.webp 300w, https:\/\/shuiyunlanhotel.com\/wp-content\/uploads\/2025\/07\/Shuiyunlan-Hotel-95-1024x682.webp 1024w, https:\/\/shuiyunlanhotel.com\/wp-content\/uploads\/2025\/07\/Shuiyunlan-Hotel-95-768x512.webp 768w\" sizes=\"(max-width: 1280px) 100vw, 1280px\" \/>\t\t\t\t\t\t\t\t\t\t\t\t\t\t\t<\/div>\n\t\t\t\t\t<\/div>\n\t\t<\/div>\n\t\t\t\t\t<\/div>\n\t\t<\/section>\n\t\t\t\t<section class=\"elementor-section elementor-top-section elementor-element elementor-element-d046f50 elementor-section-height-min-height elementor-section-stretched elementor-section-full_width elementor-section-items-stretch elementor-section-height-default elementor-section-column-vertical-align-stretch\" data-id=\"d046f50\" data-element_type=\"section\" data-e-type=\"section\" data-settings=\"{&quot;stretch_section&quot;:&quot;section-stretched&quot;}\">\n\t\t\t\t\t\t<div class=\"elementor-container elementor-column-gap-no\">\n\t\t\t\t\t<div class=\"elementor-column elementor-col-50 elementor-top-column elementor-element elementor-element-3a8d80b\" data-id=\"3a8d80b\" data-element_type=\"column\" data-e-type=\"column\">\n\t\t\t<div class=\"elementor-widget-wrap elementor-element-populated\">\n\t\t\t\t\t\t<div class=\"elementor-element elementor-element-e459c2f elementor-widget__width-initial elementor-widget-mobile__width-inherit elementor-invisible nuss-elementor-loading nuss-slide-in-right elementor-widget elementor-widget-image\" data-id=\"e459c2f\" data-element_type=\"widget\" data-e-type=\"widget\" data-settings=\"{&quot;_animation&quot;:&quot;nussSlideInRight&quot;}\" data-widget_type=\"image.default\">\n\t\t\t\t\t\t\t\t\t\t\t\t\t\t\t<img loading=\"lazy\" decoding=\"async\" width=\"1137\" height=\"853\" src=\"https:\/\/shuiyunlanhotel.com\/wp-content\/uploads\/2025\/07\/Shuiyunlan-Hotel-59.webp\" class=\"attachment-full size-full wp-image-5610\" alt=\"\" srcset=\"https:\/\/shuiyunlanhotel.com\/wp-content\/uploads\/2025\/07\/Shuiyunlan-Hotel-59.webp 1137w, https:\/\/shuiyunlanhotel.com\/wp-content\/uploads\/2025\/07\/Shuiyunlan-Hotel-59-300x225.webp 300w, https:\/\/shuiyunlanhotel.com\/wp-content\/uploads\/2025\/07\/Shuiyunlan-Hotel-59-1024x768.webp 1024w, https:\/\/shuiyunlanhotel.com\/wp-content\/uploads\/2025\/07\/Shuiyunlan-Hotel-59-768x576.webp 768w\" sizes=\"(max-width: 1137px) 100vw, 1137px\" \/>\t\t\t\t\t\t\t\t\t\t\t\t\t\t\t<\/div>\n\t\t\t\t\t<\/div>\n\t\t<\/div>\n\t\t\t\t<div class=\"elementor-column elementor-col-50 elementor-top-column elementor-element elementor-element-04543a0\" data-id=\"04543a0\" data-element_type=\"column\" data-e-type=\"column\">\n\t\t\t<div class=\"elementor-widget-wrap elementor-element-populated\">\n\t\t\t\t\t\t<div class=\"elementor-element elementor-element-9d260cb elementor-invisible elementor-widget elementor-widget-heading\" data-id=\"9d260cb\" data-element_type=\"widget\" data-e-type=\"widget\" data-settings=\"{&quot;_animation&quot;:&quot;nussFadeInUp&quot;}\" data-widget_type=\"heading.default\">\n\t\t\t\t\t<h3 class=\"elementor-heading-title elementor-size-default\">Installations et services exceptionnels  <\/h3>\t\t\t\t<\/div>\n\t\t\t\t<div class=\"elementor-element elementor-element-8ea8d7c elementor-invisible elementor-widget elementor-widget-text-editor\" data-id=\"8ea8d7c\" data-element_type=\"widget\" data-e-type=\"widget\" data-settings=\"{&quot;_animation&quot;:&quot;nussFadeInUp&quot;}\" data-widget_type=\"text-editor.default\">\n\t\t\t\t\t\t\t\t\t<p>Notre h\u00f4tel est bien plus qu&#039;un simple lieu de repos\u00a0: c&#039;est une destination \u00e0 part enti\u00e8re. Nos clients peuvent profiter d&#039;une gamme de services. <strong>\u00e9quipements haut de gamme <\/strong>, y compris:<\/p><ul data-spm-anchor-id=\"a2ty_o01.29997173.0.i11.1216c921uN85es\"><li><strong>R\u00e9ception et services de conciergerie 24h\/24 et 7j\/7 <\/strong><\/li><li><strong>Acc\u00e8s Internet sans fil haut d\u00e9bit <\/strong><\/li><li><strong data-spm-anchor-id=\"a2ty_o01.29997173.0.i14.1216c921uN85es\">Salles de r\u00e9union et de conf\u00e9rence <\/strong><\/li><li><strong>Options de restauration raffin\u00e9e et caf\u00e9 sur place <\/strong><\/li><li><strong>Centre de remise en forme <\/strong><\/li><li><strong>Services de spa et de massage <\/strong><\/li><li><strong>Petit-d\u00e9jeuner gratuit <\/strong><\/li><\/ul><p>Nous proposons \u00e9galement <strong>services de navette a\u00e9roportuaire <\/strong>, consigne \u00e0 bagages et personnel multilingue pour garantir que votre s\u00e9jour soit le plus agr\u00e9able et le plus agr\u00e9able possible.<\/p>\t\t\t\t\t\t\t\t<\/div>\n\t\t\t\t\t<\/div>\n\t\t<\/div>\n\t\t\t\t\t<\/div>\n\t\t<\/section>\n\t\t\t\t<section class=\"elementor-section elementor-top-section elementor-element elementor-element-1d3db8b elementor-section-height-min-height elementor-section-stretched elementor-section-full_width elementor-section-items-stretch elementor-section-height-default elementor-section-column-vertical-align-stretch\" data-id=\"1d3db8b\" data-element_type=\"section\" data-e-type=\"section\" data-settings=\"{&quot;stretch_section&quot;:&quot;section-stretched&quot;}\">\n\t\t\t\t\t\t<div class=\"elementor-container elementor-column-gap-no\">\n\t\t\t\t\t<div class=\"elementor-column elementor-col-50 elementor-top-column elementor-element elementor-element-c4b7ead\" data-id=\"c4b7ead\" data-element_type=\"column\" data-e-type=\"column\">\n\t\t\t<div class=\"elementor-widget-wrap elementor-element-populated\">\n\t\t\t\t\t\t<div class=\"elementor-element elementor-element-d59aade elementor-invisible elementor-widget elementor-widget-heading\" data-id=\"d59aade\" data-element_type=\"widget\" data-e-type=\"widget\" data-settings=\"{&quot;_animation&quot;:&quot;nussFadeInUp&quot;}\" data-widget_type=\"heading.default\">\n\t\t\t\t\t<h3 class=\"elementor-heading-title elementor-size-default\">Une porte d&#039;entr\u00e9e vers la culture et la cuisine de Wuhan  <\/h3>\t\t\t\t<\/div>\n\t\t\t\t<div class=\"elementor-element elementor-element-7f952d3 elementor-invisible elementor-widget elementor-widget-text-editor\" data-id=\"7f952d3\" data-element_type=\"widget\" data-e-type=\"widget\" data-settings=\"{&quot;_animation&quot;:&quot;nussFadeInUp&quot;}\" data-widget_type=\"text-editor.default\">\n\t\t\t\t\t\t\t\t\t<p data-spm-anchor-id=\"a2ty_o01.29997173.0.i17.1216c921uN85es\">S\u00e9journer \u00e0 <strong>H\u00f4tel \u00e0 Shuiyunlan <\/strong> Vous \u00eates id\u00e9alement situ\u00e9 pour explorer le riche patrimoine culturel et culinaire de Wuhan. \u00c0 deux pas de l&#039;h\u00f4tel, vous trouverez des sites touristiques c\u00e9l\u00e8bres tels que\u00a0:<\/p><ul><li><strong>Mus\u00e9e provincial du Hubei <\/strong><\/li><li><strong>Zone panoramique du lac de l&#039;Est <\/strong><\/li><li><strong>Tour de la Grue Jaune <\/strong><\/li><li><strong>Rue pi\u00e9tonne Jianghan Road <\/strong><\/li><li><strong>Pont sur le fleuve Yangtze \u00e0 Wuhan <\/strong><\/li><\/ul><p>Que vous ayez envie de sp\u00e9cialit\u00e9s locales du Hubei ou de cuisine internationale, les environs offrent un large \u00e9ventail de <strong>restaurants, caf\u00e9s et march\u00e9s de rue <\/strong> qui mettent en valeur le meilleur de la culture culinaire de Wuhan.<\/p>\t\t\t\t\t\t\t\t<\/div>\n\t\t\t\t\t<\/div>\n\t\t<\/div>\n\t\t\t\t<div class=\"elementor-column elementor-col-50 elementor-top-column elementor-element elementor-element-b12780b\" data-id=\"b12780b\" data-element_type=\"column\" data-e-type=\"column\">\n\t\t\t<div class=\"elementor-widget-wrap elementor-element-populated\">\n\t\t\t\t\t\t<div class=\"elementor-element elementor-element-9005b7a elementor-widget__width-initial elementor-widget-mobile__width-inherit elementor-invisible nuss-elementor-loading nuss-slide-in-right elementor-widget elementor-widget-image\" data-id=\"9005b7a\" data-element_type=\"widget\" data-e-type=\"widget\" data-settings=\"{&quot;_animation&quot;:&quot;nussSlideInRight&quot;}\" data-widget_type=\"image.default\">\n\t\t\t\t\t\t\t\t\t\t\t\t\t\t\t<img loading=\"lazy\" decoding=\"async\" width=\"1137\" height=\"853\" src=\"https:\/\/shuiyunlanhotel.com\/wp-content\/uploads\/2025\/07\/Shuiyunlan-Hotel-26.webp\" class=\"attachment-full size-full wp-image-5577\" alt=\"\" srcset=\"https:\/\/shuiyunlanhotel.com\/wp-content\/uploads\/2025\/07\/Shuiyunlan-Hotel-26.webp 1137w, https:\/\/shuiyunlanhotel.com\/wp-content\/uploads\/2025\/07\/Shuiyunlan-Hotel-26-300x225.webp 300w, https:\/\/shuiyunlanhotel.com\/wp-content\/uploads\/2025\/07\/Shuiyunlan-Hotel-26-1024x768.webp 1024w, https:\/\/shuiyunlanhotel.com\/wp-content\/uploads\/2025\/07\/Shuiyunlan-Hotel-26-768x576.webp 768w\" sizes=\"(max-width: 1137px) 100vw, 1137px\" \/>\t\t\t\t\t\t\t\t\t\t\t\t\t\t\t<\/div>\n\t\t\t\t\t<\/div>\n\t\t<\/div>\n\t\t\t\t\t<\/div>\n\t\t<\/section>\n\t\t<div class=\"elementor-element elementor-element-5c9d4af e-flex e-con-boxed e-con e-parent\" data-id=\"5c9d4af\" data-element_type=\"container\" data-e-type=\"container\">\n\t\t\t\t\t<div class=\"e-con-inner\">\n\t\t\t\t<div class=\"elementor-element elementor-element-1638a28 elementor-widget elementor-widget-text-editor\" data-id=\"1638a28\" data-element_type=\"widget\" data-e-type=\"widget\" data-widget_type=\"text-editor.default\">\n\t\t\t\t\t\t\t\t\t<h4><strong>Id\u00e9al pour les voyageurs d&#039;affaires et de loisirs <\/strong><\/h4><p data-spm-anchor-id=\"a2ty_o01.29997173.0.i18.1216c921uN85es\">Que vous soyez \u00e0 Wuhan pour un \u00e9v\u00e9nement d&#039;entreprise, des vacances en famille ou une aventure en solo, <strong>H\u00f4tel \u00e0 Shuiyunlan <\/strong> est votre maison id\u00e9ale loin de chez vous. Avec ses <strong>emplacement central, h\u00e9bergement \u00e9l\u00e9gant et service exceptionnel <\/strong>, nous nous effor\u00e7ons de rendre le s\u00e9jour de chaque client m\u00e9morable et confortable.<\/p><h4 data-spm-anchor-id=\"a2ty_o01.29997173.0.i19.1216c921uN85es\"><strong data-spm-anchor-id=\"a2ty_o01.29997173.0.i20.1216c921uN85es\">R\u00e9servez votre s\u00e9jour \u00e0 l&#039;h\u00f4tel Shuiyunlan d\u00e8s aujourd&#039;hui <\/strong><\/h4><p data-spm-anchor-id=\"a2ty_o01.29997173.0.i21.1216c921uN85es\">D\u00e9couvrez le m\u00e9lange parfait de luxe, de commodit\u00e9 et de charme \u00e0 <strong>H\u00f4tel Shuiyunlan \u00e0 Wuhan <\/strong>Que vous recherchiez une retraite paisible ou une base strat\u00e9gique pour explorer la ville, nous vous accueillons \u00e0 bras ouverts et avec un engagement envers l&#039;excellence.<\/p><p data-spm-anchor-id=\"a2ty_o01.29997173.0.i22.1216c921uN85es\"><strong>Adresse: <\/strong><br \/>H\u00f4tel Shuiyunlan (\u6c34\u4e91\u5170\u9152\u5e97)<br \/>1-16F, b\u00e2timent A, b\u00e2timent commercial Yinhai, Jianghan 2nd Road, district de Jianghan, Wuhan, Hubei, Chine<\/p>\t\t\t\t\t\t\t\t<\/div>\n\t\t\t\t\t<\/div>\n\t\t\t\t<\/div>\n\t\t\t\t<\/div>","protected":false},"excerpt":{"rendered":"<p>Welcome to Shuiyunlan Hotel \u2013 A Tranquil Retreat in the Heart of Wuhan Nestled within the vibrant Jianghan District of Wuhan, Hubei Province , Shuiyunlan Hotel (\u6c34\u4e91\u5170\u9152\u5e97) offers a serene escape from the hustle and bustle of the city. Located at 1-16F, Building A, Yinhai Business Building, Jianghan 2nd Road , this elegant hotel blends [&hellip;]<\/p>\n","protected":false},"author":1,"featured_media":0,"parent":0,"menu_order":0,"comment_status":"closed","ping_status":"closed","template":"","meta":{"footnotes":""},"class_list":["post-5266","page","type-page","status-publish","hentry","post-no-thumbnail"],"_links":{"self":[{"href":"https:\/\/shuiyunlanhotel.com\/fr\/wp-json\/wp\/v2\/pages\/5266","targetHints":{"allow":["GET"]}}],"collection":[{"href":"https:\/\/shuiyunlanhotel.com\/fr\/wp-json\/wp\/v2\/pages"}],"about":[{"href":"https:\/\/shuiyunlanhotel.com\/fr\/wp-json\/wp\/v2\/types\/page"}],"author":[{"embeddable":true,"href":"https:\/\/shuiyunlanhotel.com\/fr\/wp-json\/wp\/v2\/users\/1"}],"replies":[{"embeddable":true,"href":"https:\/\/shuiyunlanhotel.com\/fr\/wp-json\/wp\/v2\/comments?post=5266"}],"version-history":[{"count":0,"href":"https:\/\/shuiyunlanhotel.com\/fr\/wp-json\/wp\/v2\/pages\/5266\/revisions"}],"wp:attachment":[{"href":"https:\/\/shuiyunlanhotel.com\/fr\/wp-json\/wp\/v2\/media?parent=5266"}],"curies":[{"name":"wp","href":"https:\/\/api.w.org\/{rel}","templated":true}]}}