{"id":612,"date":"2021-03-26T10:04:13","date_gmt":"2021-03-26T10:04:13","guid":{"rendered":"http:\/\/localhost\/nuss\/?page_id=612"},"modified":"2025-12-04T08:42:33","modified_gmt":"2025-12-04T08:42:33","slug":"restaurant","status":"publish","type":"page","link":"https:\/\/shuiyunlanhotel.com\/fr\/restaurant\/","title":{"rendered":"Restaurant"},"content":{"rendered":"<div data-elementor-type=\"wp-page\" data-elementor-id=\"612\" class=\"elementor elementor-612\">\n\t\t\t\t\t\t<section class=\"elementor-section elementor-top-section elementor-element elementor-element-e2effe8 elementor-section-boxed elementor-section-gap-beside-yes elementor-section-height-default elementor-section-height-default elementor-section-column-vertical-align-stretch\" data-id=\"e2effe8\" data-element_type=\"section\" data-e-type=\"section\">\n\t\t\t\t\t\t<div class=\"elementor-container elementor-column-gap-extended\">\n\t\t\t\t\t<div class=\"elementor-column elementor-col-100 elementor-top-column elementor-element elementor-element-e18f688\" data-id=\"e18f688\" data-element_type=\"column\" data-e-type=\"column\">\n\t\t\t<div class=\"elementor-widget-wrap elementor-element-populated\">\n\t\t\t\t\t\t<div class=\"elementor-element elementor-element-6db146d elementor-widget__width-initial elementor-invisible elementor-widget elementor-widget-text-editor\" data-id=\"6db146d\" data-element_type=\"widget\" data-e-type=\"widget\" data-settings=\"{&quot;_animation&quot;:&quot;nussFadeInUp&quot;}\" data-widget_type=\"text-editor.default\">\n\t\t\t\t\t\t\t\t\tSavourez les saveurs de Wuhan et au-del\u00e0 au restaurant de l&#039;h\u00f4tel Shuiyunlan\t\t\t\t\t\t\t\t<\/div>\n\t\t\t\t\t<\/div>\n\t\t<\/div>\n\t\t\t\t\t<\/div>\n\t\t<\/section>\n\t\t<div class=\"elementor-element elementor-element-37513e8 e-flex e-con-boxed e-con e-parent\" data-id=\"37513e8\" data-element_type=\"container\" data-e-type=\"container\">\n\t\t\t\t\t<div class=\"e-con-inner\">\n\t\t\t\t<div class=\"elementor-element elementor-element-bd1cdbd elementor-widget elementor-widget-text-editor\" data-id=\"bd1cdbd\" data-element_type=\"widget\" data-e-type=\"widget\" data-widget_type=\"text-editor.default\">\n\t\t\t\t\t\t\t\t\t<p data-spm-anchor-id=\"a2ty_o01.29997173.0.i67.1216c921uN85es\">\u00c0 <strong data-spm-anchor-id=\"a2ty_o01.29997173.0.i69.1216c921uN85es\">H\u00f4tel Shuiyunlan (\u6c34\u4e91\u5170\u9152\u5e97) <\/strong>, situ\u00e9 dans le quartier anim\u00e9 <strong>District de Jianghan \u00e0 Wuhan <\/strong> \u00e0 <strong>1-16F, B\u00e2timent A, Immeuble d&#039;affaires Yinhai, Jianghan 2nd Road <\/strong>, notre <strong>restaurant de l&#039;h\u00f4tel <\/strong> est plus qu&#039;un simple endroit o\u00f9 manger : c&#039;est une destination o\u00f9 les clients peuvent se livrer \u00e0 un voyage culinaire qui allie <strong>saveurs locales du Hubei avec une cuisine internationale <\/strong>, le tout dans une ambiance raffin\u00e9e et confortable.<\/p><p>Que vous soyez un <strong>voyageur d&#039;affaires \u00e0 la recherche d&#039;un petit-d\u00e9jeuner tranquille avant une journ\u00e9e charg\u00e9e <\/strong>, un <strong>touriste souhaitant go\u00fbter des plats authentiques de Wuhan <\/strong>, ou un <strong>invit\u00e9 local souhaitant profiter d&#039;un repas relaxant <\/strong>, notre restaurant sur place propose une <strong>ambiance chaleureuse, service attentionn\u00e9 et un menu con\u00e7u pour ravir vos papilles <\/strong>.<\/p><h4><strong>Une exp\u00e9rience culinaire ancr\u00e9e dans la tradition et l&#039;innovation <\/strong><\/h4><p>Notre restaurant \u00e0 l&#039;h\u00f4tel Shuiyunlan est soigneusement con\u00e7u pour refl\u00e9ter le <strong>richesse culturelle de Wuhan et de la r\u00e9gion du Hubei <\/strong>, tout en r\u00e9pondant aux besoins des <strong>les go\u00fbts vari\u00e9s de nos clients internationaux <\/strong>D\u00e8s votre entr\u00e9e, vous serez accueilli par un <strong>salle \u00e0 manger moderne mais \u00e9l\u00e9gante <\/strong>, am\u00e9lior\u00e9 par <strong>un \u00e9clairage doux, des si\u00e8ges confortables et une atmosph\u00e8re apaisante <\/strong> qui rend chaque repas sp\u00e9cial.<\/p><p>Le menu est une c\u00e9l\u00e9bration de <strong>plats locaux authentiques <\/strong> tel que <strong>nouilles s\u00e8ches chaudes (\u70ed\u5e72\u9762), poisson cuit \u00e0 la vapeur du lac Dongting et porc brais\u00e9 \u00e0 la Hubei <\/strong>, \u00e0 c\u00f4t\u00e9 d&#039;une s\u00e9lection de <strong>favoris internationaux <\/strong> y compris <strong>Petits-d\u00e9jeuners occidentaux, plats panasiatiques et plats principaux de style europ\u00e9en <\/strong>Cet \u00e9quilibre parfait garantit que, que vous ayez envie d&#039;un go\u00fbt maison ou d&#039;une nouvelle saveur aventureuse, il y en a pour tous les palais.<\/p><h4><strong>Commencez votre journ\u00e9e avec un petit-d\u00e9jeuner savoureux <\/strong><\/h4><p>Pour notre <strong>voyageurs d&#039;affaires et l\u00e8ve-t\u00f4t <\/strong>, le restaurant propose une <strong>somptueux petit-d\u00e9jeuner buffet <\/strong> pr\u00e9sentant un m\u00e9lange de <strong>Plats chinois et occidentaux <\/strong>, depuis <strong>petits pains cuits \u00e0 la vapeur, congee et dim sum <\/strong> \u00e0 <strong>\u0153ufs brouill\u00e9s, pain grill\u00e9, viennoiseries, fruits et caf\u00e9 ou th\u00e9 fra\u00eechement moulu <\/strong>Le petit-d\u00e9jeuner est non seulement d\u00e9licieux mais \u00e9galement con\u00e7u pour <strong>alimentez votre journ\u00e9e en \u00e9nergie et en confort <\/strong>, que vous vous rendiez \u00e0 une r\u00e9union ou que vous exploriez la ville.<\/p><p data-spm-anchor-id=\"a2ty_o01.29997173.0.i71.1216c921uN85es\">Les clients font souvent l&#039;\u00e9loge du <strong>vari\u00e9t\u00e9 et qualit\u00e9 du petit d\u00e9jeuner <\/strong>, notant que c&#039;est \u00e0 la fois <strong>nutritif et satisfaisant <\/strong>, avec de nombreux clients qui reviennent et qui mettent un point d&#039;honneur \u00e0 profiter du petit-d\u00e9jeuner ici chaque matin.<\/p>\t\t\t\t\t\t\t\t<\/div>\n\t\t\t\t\t<\/div>\n\t\t\t\t<\/div>\n\t\t<div class=\"elementor-element elementor-element-56ea7a3 e-flex e-con-boxed e-con e-parent\" data-id=\"56ea7a3\" data-element_type=\"container\" data-e-type=\"container\">\n\t\t\t\t\t<div class=\"e-con-inner\">\n\t\t\t\t<div class=\"elementor-element elementor-element-4223be1 elementor-widget elementor-widget-nuss-image-gallery\" data-id=\"4223be1\" data-element_type=\"widget\" data-e-type=\"widget\" data-widget_type=\"nuss-image-gallery.default\">\n\t\t\t\t<div class=\"elementor-widget-container\">\n\t\t\t\t\t\t\t<div class=\"nuss-grid-wrapper\" data-grid=\"{&quot;type&quot;:&quot;grid&quot;,&quot;ratio&quot;:null,&quot;columns&quot;:3,&quot;gutter&quot;:30}\">\r\n\t\t\t<div class=\"nuss-grid lazy-grid\">\r\n\t\t\t\t<div class=\"grid-sizer\"><\/div>\r\n\r\n\t\t\t\t\t\t\t\t\t\t\t\t<div class=\"grid-item\">\r\n\t\t\t\t\t\t<div class=\"nuss-box\">\t\t<div class=\"nuss-image image\">\r\n\t\t\t<img decoding=\"async\"  src=\"https:\/\/shuiyunlanhotel.com\/wp-content\/uploads\/2025\/07\/Shuiyunlan-Hotel-34.webp\" alt=\"H\u00f4tel Shuiyunlan (34)\" \/>\t\t<\/div>\r\n\t\t\t\t<\/div>\t\t\t\t\t<\/div>\r\n\t\t\t\t\t\t<div class=\"grid-item\">\r\n\t\t\t\t\t\t<div class=\"nuss-box\">\t\t<div class=\"nuss-image image\">\r\n\t\t\t<img decoding=\"async\"  src=\"https:\/\/shuiyunlanhotel.com\/wp-content\/uploads\/2025\/07\/Shuiyunlan-Hotel-33.webp\" alt=\"H\u00f4tel Shuiyunlan (33)\" \/>\t\t<\/div>\r\n\t\t\t\t<\/div>\t\t\t\t\t<\/div>\r\n\t\t\t\t\t\t<div class=\"grid-item\">\r\n\t\t\t\t\t\t<div class=\"nuss-box\">\t\t<div class=\"nuss-image image\">\r\n\t\t\t<img decoding=\"async\"  src=\"https:\/\/shuiyunlanhotel.com\/wp-content\/uploads\/2025\/07\/Shuiyunlan-Hotel-32.webp\" alt=\"H\u00f4tel Shuiyunlan (32)\" \/>\t\t<\/div>\r\n\t\t\t\t<\/div>\t\t\t\t\t<\/div>\r\n\t\t\t\t\t\t<div class=\"grid-item\">\r\n\t\t\t\t\t\t<div class=\"nuss-box\">\t\t<div class=\"nuss-image image\">\r\n\t\t\t<img decoding=\"async\"  src=\"https:\/\/shuiyunlanhotel.com\/wp-content\/uploads\/2025\/07\/Shuiyunlan-Hotel-28.webp\" alt=\"H\u00f4tel Shuiyunlan (28)\" \/>\t\t<\/div>\r\n\t\t\t\t<\/div>\t\t\t\t\t<\/div>\r\n\t\t\t\t\t\t<div class=\"grid-item\">\r\n\t\t\t\t\t\t<div class=\"nuss-box\">\t\t<div class=\"nuss-image image\">\r\n\t\t\t<img decoding=\"async\"  src=\"https:\/\/shuiyunlanhotel.com\/wp-content\/uploads\/2025\/07\/Shuiyunlan-Hotel-27.webp\" alt=\"H\u00f4tel Shuiyunlan (27)\" \/>\t\t<\/div>\r\n\t\t\t\t<\/div>\t\t\t\t\t<\/div>\r\n\t\t\t\t\t\t<div class=\"grid-item\">\r\n\t\t\t\t\t\t<div class=\"nuss-box\">\t\t<div class=\"nuss-image image\">\r\n\t\t\t<img decoding=\"async\"  src=\"https:\/\/shuiyunlanhotel.com\/wp-content\/uploads\/2025\/07\/Shuiyunlan-Hotel-26.webp\" alt=\"H\u00f4tel Shuiyunlan (26)\" \/>\t\t<\/div>\r\n\t\t\t\t<\/div>\t\t\t\t\t<\/div>\r\n\t\t\t\t\t\t<div class=\"grid-item\">\r\n\t\t\t\t\t\t<div class=\"nuss-box\">\t\t<div class=\"nuss-image image\">\r\n\t\t\t<img decoding=\"async\"  src=\"https:\/\/shuiyunlanhotel.com\/wp-content\/uploads\/2025\/07\/Shuiyunlan-Hotel-24.webp\" alt=\"H\u00f4tel Shuiyunlan (24)\" \/>\t\t<\/div>\r\n\t\t\t\t<\/div>\t\t\t\t\t<\/div>\r\n\t\t\t\t\t\t<div class=\"grid-item\">\r\n\t\t\t\t\t\t<div class=\"nuss-box\">\t\t<div class=\"nuss-image image\">\r\n\t\t\t<img decoding=\"async\"  src=\"https:\/\/shuiyunlanhotel.com\/wp-content\/uploads\/2025\/07\/Shuiyunlan-Hotel-23.webp\" alt=\"H\u00f4tel Shuiyunlan (23)\" \/>\t\t<\/div>\r\n\t\t\t\t<\/div>\t\t\t\t\t<\/div>\r\n\t\t\t\t\t\t\t\r\n\t\t\t<\/div>\r\n\t\t<\/div>\r\n\t\t\t\t\t\t<\/div>\n\t\t\t\t<\/div>\n\t\t\t\t\t<\/div>\n\t\t\t\t<\/div>\n\t\t<div class=\"elementor-element elementor-element-f97a88c e-flex e-con-boxed e-con e-parent\" data-id=\"f97a88c\" data-element_type=\"container\" data-e-type=\"container\">\n\t\t\t\t\t<div class=\"e-con-inner\">\n\t\t\t\t<div class=\"elementor-element elementor-element-28d8050 elementor-widget elementor-widget-text-editor\" data-id=\"28d8050\" data-element_type=\"widget\" data-e-type=\"widget\" data-widget_type=\"text-editor.default\">\n\t\t\t\t\t\t\t\t\t<h4><strong>D\u00e9jeuner et d\u00eener\u00a0: un avant-go\u00fbt de Wuhan avec une touche moderne <\/strong><\/h4><p>Tout au long de la journ\u00e9e, nos chefs pr\u00e9parent <strong>ingr\u00e9dients frais et locaux <\/strong> dans des plats app\u00e9tissants qui refl\u00e8tent la <strong>riche patrimoine culinaire de la province du Hubei <\/strong>Les points forts incluent :<\/p><ul><li><strong>Poisson Wuchang \u00e9pic\u00e9 (\u6b66\u660c\u9c7c) <\/strong> \u2013 Une sp\u00e9cialit\u00e9 locale cuite \u00e0 la vapeur \u00e0 la perfection<\/li><li><strong>Poitrine de porc brais\u00e9e (\u7ea2\u70e7\u8089) <\/strong> \u2013 Cuisson lente et richement parfum\u00e9e<\/li><li><strong>Plateau de tofu v\u00e9g\u00e9tarien <\/strong> \u2013 Parfait pour les convives soucieux de leur sant\u00e9<\/li><li><strong>Saut\u00e9 et nouilles panasiatiques <\/strong> \u2013 Id\u00e9al pour un repas rapide mais satisfaisant<\/li><li><strong>Poulet grill\u00e9, p\u00e2tes et plats continentaux <\/strong> \u2013 Pour ceux qui ont envie de saveurs internationales<\/li><\/ul><p>Notre menu propose \u00e9galement une gamme de <strong>options v\u00e9g\u00e9tariennes, halal et sans gluten <\/strong>, en veillant \u00e0 ce que toutes les pr\u00e9f\u00e9rences alimentaires soient respect\u00e9es et prises en compte.<\/p><h4><strong>Options de repas priv\u00e9s et d&#039;affaires <\/strong><\/h4><p>Pour <strong>d\u00e9jeuners d&#039;entreprise, petites c\u00e9l\u00e9brations ou d\u00eeners intimes <\/strong>, notre restaurant propose <strong>salles \u00e0 manger semi-priv\u00e9es <\/strong> qui fournissent un <strong>cadre calme et professionnel <\/strong>Ces espaces sont id\u00e9aux pour <strong>r\u00e9unions d&#039;affaires, d\u00eeners clients ou r\u00e9unions de famille <\/strong>, offrant un <strong>menu personnalis\u00e9 et service attentionn\u00e9 <\/strong> adapt\u00e9 aux besoins de votre groupe.<\/p><p>Beaucoup de nos clients d&#039;affaires ont lou\u00e9 le restaurant comme \u00e9tant le <strong>lieu id\u00e9al pour des r\u00e9unions informelles avec les clients <\/strong>, avec son <strong>environnement calme, service professionnel et nourriture d\u00e9licieuse <\/strong> contribuant \u00e0 cr\u00e9er une impression positive.<\/p><h4><strong>D\u00e9tendez-vous et d\u00e9compressez avec une boisson signature <\/strong><\/h4><p>En plus de nos repas complets, le restaurant propose \u00e9galement une s\u00e9lection de <strong>boissons rafra\u00eechissantes <\/strong>, y compris:<\/p><ul><li><strong>Th\u00e9s chinois fra\u00eechement infus\u00e9s <\/strong> tel que <strong>oolong, jasmin et pu&#039;er <\/strong><\/li><li><strong>Espresso, cappuccino et autres caf\u00e9s de style occidental <\/strong><\/li><li><strong>Jus de fruits frais et boissons gazeuses <\/strong><\/li><li><strong>Bi\u00e8res artisanales locales et collations l\u00e9g\u00e8res <\/strong> parfait pour une pause en fin d&#039;apr\u00e8s-midi<\/li><\/ul><p data-spm-anchor-id=\"a2ty_o01.29997173.0.i73.1216c921uN85es\">Notre <strong>service de th\u00e9 de l&#039;apr\u00e8s-midi <\/strong> et <strong>menu de collations l\u00e9g\u00e8res <\/strong> sont particuli\u00e8rement populaires aupr\u00e8s des clients qui souhaitent <strong>se d\u00e9tendre apr\u00e8s une longue journ\u00e9e de r\u00e9unions ou de visites <\/strong>, offrant un espace paisible pour se d\u00e9tendre et se ressourcer.<\/p>\t\t\t\t\t\t\t\t<\/div>\n\t\t\t\t\t<\/div>\n\t\t\t\t<\/div>\n\t\t<div class=\"elementor-element elementor-element-221c8af e-flex e-con-boxed e-con e-parent\" data-id=\"221c8af\" data-element_type=\"container\" data-e-type=\"container\">\n\t\t\t\t\t<div class=\"e-con-inner\">\n\t\t\t\t<div class=\"elementor-element elementor-element-09d4111 elementor-widget elementor-widget-nuss-image-gallery\" data-id=\"09d4111\" data-element_type=\"widget\" data-e-type=\"widget\" data-widget_type=\"nuss-image-gallery.default\">\n\t\t\t\t<div class=\"elementor-widget-container\">\n\t\t\t\t\t\t\t<div class=\"nuss-grid-wrapper\" data-grid=\"{&quot;type&quot;:&quot;grid&quot;,&quot;ratio&quot;:null,&quot;columns&quot;:3,&quot;gutter&quot;:30}\">\r\n\t\t\t<div class=\"nuss-grid lazy-grid\">\r\n\t\t\t\t<div class=\"grid-sizer\"><\/div>\r\n\r\n\t\t\t\t\t\t\t\t\t\t\t\t<div class=\"grid-item\">\r\n\t\t\t\t\t\t<div class=\"nuss-box\">\t\t<div class=\"nuss-image image\">\r\n\t\t\t<img decoding=\"async\"  src=\"https:\/\/shuiyunlanhotel.com\/wp-content\/uploads\/2025\/07\/Shuiyunlan-Hotel-40.webp\" alt=\"H\u00f4tel Shuiyunlan (40)\" \/>\t\t<\/div>\r\n\t\t\t\t<\/div>\t\t\t\t\t<\/div>\r\n\t\t\t\t\t\t<div class=\"grid-item\">\r\n\t\t\t\t\t\t<div class=\"nuss-box\">\t\t<div class=\"nuss-image image\">\r\n\t\t\t<img decoding=\"async\"  src=\"https:\/\/shuiyunlanhotel.com\/wp-content\/uploads\/2025\/07\/Shuiyunlan-Hotel-39.webp\" alt=\"H\u00f4tel Shuiyunlan (39)\" \/>\t\t<\/div>\r\n\t\t\t\t<\/div>\t\t\t\t\t<\/div>\r\n\t\t\t\t\t\t<div class=\"grid-item\">\r\n\t\t\t\t\t\t<div class=\"nuss-box\">\t\t<div class=\"nuss-image image\">\r\n\t\t\t<img decoding=\"async\"  src=\"https:\/\/shuiyunlanhotel.com\/wp-content\/uploads\/2025\/07\/Shuiyunlan-Hotel-36.webp\" alt=\"H\u00f4tel Shuiyunlan (36)\" \/>\t\t<\/div>\r\n\t\t\t\t<\/div>\t\t\t\t\t<\/div>\r\n\t\t\t\t\t\t<div class=\"grid-item\">\r\n\t\t\t\t\t\t<div class=\"nuss-box\">\t\t<div class=\"nuss-image image\">\r\n\t\t\t<img decoding=\"async\"  src=\"https:\/\/shuiyunlanhotel.com\/wp-content\/uploads\/2025\/07\/Shuiyunlan-Hotel-31.webp\" alt=\"H\u00f4tel Shuiyunlan (31)\" \/>\t\t<\/div>\r\n\t\t\t\t<\/div>\t\t\t\t\t<\/div>\r\n\t\t\t\t\t\t<div class=\"grid-item\">\r\n\t\t\t\t\t\t<div class=\"nuss-box\">\t\t<div class=\"nuss-image image\">\r\n\t\t\t<img decoding=\"async\"  src=\"https:\/\/shuiyunlanhotel.com\/wp-content\/uploads\/2025\/07\/Shuiyunlan-Hotel-29.webp\" alt=\"H\u00f4tel Shuiyunlan (29)\" \/>\t\t<\/div>\r\n\t\t\t\t<\/div>\t\t\t\t\t<\/div>\r\n\t\t\t\t\t\t<div class=\"grid-item\">\r\n\t\t\t\t\t\t<div class=\"nuss-box\">\t\t<div class=\"nuss-image image\">\r\n\t\t\t<img decoding=\"async\"  src=\"https:\/\/shuiyunlanhotel.com\/wp-content\/uploads\/2025\/07\/Shuiyunlan-Hotel-17.webp\" alt=\"H\u00f4tel Shuiyunlan (17)\" \/>\t\t<\/div>\r\n\t\t\t\t<\/div>\t\t\t\t\t<\/div>\r\n\t\t\t\t\t\t\t\r\n\t\t\t<\/div>\r\n\t\t<\/div>\r\n\t\t\t\t\t\t<\/div>\n\t\t\t\t<\/div>\n\t\t\t\t\t<\/div>\n\t\t\t\t<\/div>\n\t\t<div class=\"elementor-element elementor-element-80e250a e-flex e-con-boxed e-con e-parent\" data-id=\"80e250a\" data-element_type=\"container\" data-e-type=\"container\">\n\t\t\t\t\t<div class=\"e-con-inner\">\n\t\t\t\t<div class=\"elementor-element elementor-element-34df4da elementor-widget elementor-widget-text-editor\" data-id=\"34df4da\" data-element_type=\"widget\" data-e-type=\"widget\" data-widget_type=\"text-editor.default\">\n\t\t\t\t\t\t\t\t\t<h4><strong data-spm-anchor-id=\"a2ty_o01.29997173.0.i74.1216c921uN85es\">Pourquoi nos clients aiment notre restaurant <\/strong><\/h4><p>Bas\u00e9 sur les commentaires et avis r\u00e9els des clients provenant de plateformes telles que <strong>TripAdvisor, Ctrip et Qunar <\/strong>, voici quelques-unes des raisons pour lesquelles notre restaurant se d\u00e9marque :<\/p><p>\u2705 <strong>Plats locaux authentiques avec une pr\u00e9sentation moderne <\/strong><br \/>\u2705 <strong>Qualit\u00e9 alimentaire et portions toujours \u00e9lev\u00e9es <\/strong><br \/>\u2705 <strong>Service amical et attentionn\u00e9 <\/strong><br \/>\u2705 <strong>Environnement de restauration confortable et propre <\/strong><br \/>\u2705 <strong>Excellent rapport qualit\u00e9\/prix <\/strong><br \/>\u2705 <strong>Pratique pour les clients de l&#039;h\u00f4tel et les visiteurs locaux <\/strong><\/p><div class=\"py-2 my-3\"><hr \/><\/div><h3><strong>D\u00e9couvrez les meilleures saveurs de Wuhan au restaurant de l&#039;h\u00f4tel Shuiyunlan <\/strong><\/h3><p>Que vous s\u00e9journiez chez nous ou que vous recherchiez simplement un <strong>endroit savoureux et relaxant pour d\u00eener \u00e0 Wuhan <\/strong>, notre restaurant \u00e0 <strong>H\u00f4tel \u00e0 Shuiyunlan <\/strong> promet un <strong>exp\u00e9rience culinaire inoubliable <\/strong>. De la <strong>de la premi\u00e8re bouch\u00e9e \u00e0 la derni\u00e8re gorg\u00e9e <\/strong>, chaque d\u00e9tail est con\u00e7u pour garantir que votre repas soit non seulement satisfaisant mais m\u00e9morable.<\/p><p data-spm-anchor-id=\"a2ty_o01.29997173.0.i75.1216c921uN85es\">Venez profiter d&#039;un <strong>m\u00e9lange de tradition et de modernit\u00e9 <\/strong>, o\u00f9 <strong>les saveurs locales du Hubei rencontrent les go\u00fbts mondiaux <\/strong>, tout cela dans le <strong>confort et \u00e9l\u00e9gance de notre h\u00f4tel restaurant <\/strong>.<\/p>\t\t\t\t\t\t\t\t<\/div>\n\t\t\t\t\t<\/div>\n\t\t\t\t<\/div>\n\t\t\t\t<\/div>","protected":false},"excerpt":{"rendered":"<p>Savor the Flavors of Wuhan and Beyond at Shuiyunlan Hotel\u2019s In-House Restaurant At Shuiyunlan Hotel (\u6c34\u4e91\u5170\u9152\u5e97) , located in the bustling Jianghan District of Wuhan at 1-16F, Building A, Yinhai Business Building, Jianghan 2nd Road , our hotel restaurant is more than just a place to eat\u2014it\u2019s a destination where guests can indulge in a [&hellip;]<\/p>\n","protected":false},"author":1,"featured_media":0,"parent":0,"menu_order":0,"comment_status":"closed","ping_status":"closed","template":"","meta":{"footnotes":""},"class_list":["post-612","page","type-page","status-publish","hentry","post-no-thumbnail"],"_links":{"self":[{"href":"https:\/\/shuiyunlanhotel.com\/fr\/wp-json\/wp\/v2\/pages\/612","targetHints":{"allow":["GET"]}}],"collection":[{"href":"https:\/\/shuiyunlanhotel.com\/fr\/wp-json\/wp\/v2\/pages"}],"about":[{"href":"https:\/\/shuiyunlanhotel.com\/fr\/wp-json\/wp\/v2\/types\/page"}],"author":[{"embeddable":true,"href":"https:\/\/shuiyunlanhotel.com\/fr\/wp-json\/wp\/v2\/users\/1"}],"replies":[{"embeddable":true,"href":"https:\/\/shuiyunlanhotel.com\/fr\/wp-json\/wp\/v2\/comments?post=612"}],"version-history":[{"count":0,"href":"https:\/\/shuiyunlanhotel.com\/fr\/wp-json\/wp\/v2\/pages\/612\/revisions"}],"wp:attachment":[{"href":"https:\/\/shuiyunlanhotel.com\/fr\/wp-json\/wp\/v2\/media?parent=612"}],"curies":[{"name":"wp","href":"https:\/\/api.w.org\/{rel}","templated":true}]}}