{"id":2104,"date":"2021-03-23T09:33:48","date_gmt":"2021-03-23T09:33:48","guid":{"rendered":"http:\/\/localhost\/nuss\/?page_id=167"},"modified":"2025-12-04T08:42:24","modified_gmt":"2025-12-04T08:42:24","slug":"la-nostra-storia","status":"publish","type":"page","link":"https:\/\/shuiyunlanhotel.com\/it\/our-story\/","title":{"rendered":"La nostra storia"},"content":{"rendered":"<div data-elementor-type=\"wp-page\" data-elementor-id=\"2104\" class=\"elementor elementor-2104\">\n\t\t\t\t\t\t<section class=\"elementor-section elementor-top-section elementor-element elementor-element-8f5bb9d elementor-section-boxed elementor-section-gap-beside-yes elementor-section-height-default elementor-section-height-default elementor-section-column-vertical-align-stretch\" data-id=\"8f5bb9d\" data-element_type=\"section\" data-e-type=\"section\">\n\t\t\t\t\t\t<div class=\"elementor-container elementor-column-gap-extended\">\n\t\t\t\t\t<div class=\"elementor-column elementor-col-100 elementor-top-column elementor-element elementor-element-7ec4215\" data-id=\"7ec4215\" data-element_type=\"column\" data-e-type=\"column\">\n\t\t\t<div class=\"elementor-widget-wrap elementor-element-populated\">\n\t\t\t\t\t\t<div class=\"elementor-element elementor-element-edd9d03 elementor-widget__width-initial elementor-invisible elementor-widget elementor-widget-text-editor\" data-id=\"edd9d03\" data-element_type=\"widget\" data-e-type=\"widget\" data-settings=\"{&quot;_animation&quot;:&quot;nussFadeInUp&quot;}\" data-widget_type=\"text-editor.default\">\n\t\t\t\t\t\t\t\t\tLa nostra storia: il viaggio dietro l&#039;hotel Shuiyunlan a Wuhan  \t\t\t\t\t\t\t\t<\/div>\n\t\t\t\t\t<\/div>\n\t\t<\/div>\n\t\t\t\t\t<\/div>\n\t\t<\/section>\n\t\t<div class=\"elementor-element elementor-element-d2f641e e-flex e-con-boxed e-con e-parent\" data-id=\"d2f641e\" data-element_type=\"container\" data-e-type=\"container\">\n\t\t\t\t\t<div class=\"e-con-inner\">\n\t\t\t\t<div class=\"elementor-element elementor-element-8200e12 elementor-widget elementor-widget-text-editor\" data-id=\"8200e12\" data-element_type=\"widget\" data-e-type=\"widget\" data-widget_type=\"text-editor.default\">\n\t\t\t\t\t\t\t\t\t<p data-spm-anchor-id=\"a2ty_o01.29997173.0.i81.1216c921uN85es\">Ogni grande hotel ha una storia. La nostra inizia con una visione semplice ma potente: <strong>per ridefinire l&#039;ospitalit\u00e0 a Wuhan <\/strong> mescolando <strong>comfort moderno, eleganza culturale e servizio personalizzato <\/strong> in ogni esperienza degli ospiti. A <strong>Shuiyunlan Hotel (\u6c34\u4e91\u5170\u9152\u5e97) <\/strong>, situato a <strong>1-16F, Edificio A, Yinhai Business Building, Jianghan 2nd Road, Distretto di Jianghan, Wuhan, Hubei, Cina <\/strong>, il nostro viaggio \u00e8 fatto di passione, determinazione e profondo apprezzamento per la citt\u00e0 che chiamiamo casa.<\/p><h4><strong>Radicati nella tradizione, progettati per il futuro <\/strong><\/h4><p>L&#039;hotel Shuiyunlan nasce dal desiderio di creare uno spazio dove <strong>la tradizione incontra l&#039;innovazione <\/strong>, dove il ricco patrimonio culturale di <strong>Provincia di Wuhan e Hubei <\/strong> \u00e8 onorato attraverso un design attento, una calda ospitalit\u00e0 e comfort moderni. Fin dall&#039;inizio, il nostro obiettivo non era solo quello di costruire un hotel, ma di <strong>creare una destinazione <\/strong>\u2014un luogo dove i viaggiatori potevano provare entrambi <strong>connesso alla citt\u00e0 e lontano dal suo trambusto quotidiano <\/strong>.<\/p><p>Il nome <strong>\u201cShuiyunlan\u201d (\u6c34\u4e91\u5170) <\/strong> riflette questa filosofia. &quot;Shui&quot; (\u6c34) significa acqua, simbolo di fluidit\u00e0 e armonia. &quot;Yun&quot; (\u4e91) significa nuvola, simbolo di leggerezza e serenit\u00e0. &quot;Lan&quot; (\u5170) si riferisce all&#039;orchidea, simbolo tradizionale di eleganza e integrit\u00e0 nella cultura cinese. Insieme, incarnano la nostra missione: offrire agli ospiti un&#039;esperienza che sia <strong>aggraziato, tranquillo e profondamente radicato nei valori cinesi <\/strong>, mentre abbraccia il <strong>efficienza e raffinatezza dell&#039;ospitalit\u00e0 moderna <\/strong>.<\/p><h4><strong>La visione dietro il marchio <\/strong><\/h4><p>Nel cuore di <strong>Distretto Jianghan di Wuhan <\/strong>, uno dei quartieri pi\u00f9 vivaci e storicamente significativi della citt\u00e0, abbiamo visto l&#039;opportunit\u00e0 di creare qualcosa di veramente speciale. Il distretto di Jianghan \u00e8 stato a lungo il <strong>cuore economico e culturale di Wuhan <\/strong>, nota per i suoi vivaci corridoi commerciali, i monumenti storici e la comunit\u00e0 eterogenea. \u00c8 qui che abbiamo scelto di costruire <strong>Shuiyunlan Hotel <\/strong>\u2014non solo come un posto dove stare, ma come un <strong>ponte culturale tra passato e presente <\/strong>, tra fascino locale e standard globali.<\/p><p>I nostri fondatori, un team di <strong>professionisti esperti nel settore dell&#039;ospitalit\u00e0 e imprenditori locali <\/strong>, sono stati ispirati dall&#039;idea che un hotel dovrebbe essere pi\u00f9 di una semplice stanza con un letto. Dovrebbe essere un <strong>casa lontano da casa <\/strong>, UN <strong>luogo di connessione <\/strong>, e un <strong>riflesso della comunit\u00e0 che serve <\/strong>Con questa convinzione, abbiamo deciso di progettare un hotel che <strong>si distingue non solo per i suoi comfort, ma per la sua anima <\/strong>.<\/p><h4><strong>Dal concetto alla realt\u00e0: creare un&#039;esperienza unica per gli ospiti <\/strong><\/h4><p>La costruzione dello Shuiyunlan Hotel \u00e8 iniziata con una profonda comprensione di ci\u00f2 che i viaggiatori moderni apprezzano veramente. Sapevamo che <strong>pulizia, comfort e praticit\u00e0 <\/strong> erano essenziali, ma credevamo anche che <strong>autenticit\u00e0, calore e attenzione ai dettagli <\/strong> erano altrettanto importanti. Ogni elemento dell&#039;hotel \u00e8 stato attentamente considerato, dall&#039; <strong>design degli interni ispirato all&#039;estetica tradizionale cinese <\/strong>, al <strong>servizi per gli ospiti basati sulla tecnologia <\/strong>, al <strong>ingredienti di provenienza locale utilizzati nel nostro ristorante <\/strong>.<\/p><p>Abbiamo lavorato con <strong>artigiani, architetti e designer locali <\/strong> per garantire che ogni angolo dell&#039;hotel racconti una storia. Il risultato \u00e8 uno spazio che trasmette allo stesso tempo <strong>contemporaneo e senza tempo <\/strong>, Dove <strong>materiali naturali, luci soffuse e motivi culturali <\/strong> si uniscono per creare un <strong>ambiente rilassante e immersivo <\/strong>.<\/p><h4><strong>Un impegno per l&#039;eccellenza nel servizio <\/strong><\/h4><p>Fin dal primo ospite che ha varcato la nostra soglia, siamo rimasti fedeli al nostro impegno per <strong>servizio con sorriso e sincerit\u00e0 <\/strong>Il nostro team \u00e8 formato non solo negli standard dell&#039;ospitalit\u00e0, ma anche nell&#039;arte di <strong>far sentire gli ospiti veramente benvenuti e apprezzati <\/strong>Che si tratti di un caloroso benvenuto al check-in, di un consiglio premuroso per esplorare Wuhan o di uno spuntino a tarda notte servito con un sorriso, crediamo che <strong>i gesti pi\u00f9 piccoli spesso lasciano l&#039;impatto pi\u00f9 grande <\/strong>.<\/p><p>Questa dedizione al servizio ci ha fatto guadagnare <strong>grandi elogi da parte degli ospiti di tutto il mondo <\/strong>e ci ha aiutato a costruire una reputazione come uno dei <strong>gli hotel pi\u00f9 affidabili e incentrati sul cliente a Wuhan <\/strong>.<\/p><h4><strong>Al servizio della comunit\u00e0 e oltre <\/strong><\/h4><p>Sebbene le nostre porte siano aperte ai viaggiatori provenienti da tutta la Cina e da tutto il mondo, siamo anche orgogliosi di essere un membro attivo del <strong>comunit\u00e0 di Wuhan <\/strong>Collaboriamo con <strong>imprese locali, istituzioni culturali e organizzazioni turistiche <\/strong> per promuovere il patrimonio e le attrazioni della citt\u00e0. Ospitiamo <strong>eventi culturali, rassegne gastronomiche locali e incontri comunitari <\/strong>e ci sforziamo di essere un <strong>business responsabile e sostenibile <\/strong>, sostenendo l&#039;occupazione locale e le pratiche ecocompatibili.<\/p><h4><strong>Guardando avanti: il nostro futuro \u00e8 radicato nei nostri valori <\/strong><\/h4><p>Mentre continuiamo a crescere, la nostra missione rimane invariata: offrire un <strong>un&#039;esperienza di ospitalit\u00e0 davvero unica e significativa <\/strong> che riflette lo spirito di Wuhan e il calore della cultura cinese. Che siate in visita per affari, per piacere o semplicemente di passaggio, speriamo che il vostro soggiorno presso <strong>Shuiyunlan Hotel <\/strong> diventa parte della tua storia, una storia piena di <strong>comfort, connessione e ricordi indimenticabili <\/strong>.<\/p><div class=\"py-2 my-3\"><hr \/><\/div><h3>\ud83d\udccd <strong>Vieni a far parte della nostra storia <\/strong><\/h3><p>A <strong>Shuiyunlan Hotel <\/strong>Crediamo che ogni ospite faccia parte del nostro viaggio. Il vostro soggiorno con noi \u00e8 pi\u00f9 di una semplice visita: \u00e8 un momento condiviso in una storia che continua a evolversi.<\/p><p data-spm-anchor-id=\"a2ty_o01.29997173.0.i79.1216c921uN85es\"><strong>Unisciti a noi a Wuhan. <\/strong><br \/><strong>1-16F, Edificio A, Yinhai Business Building, Jianghan 2nd Road, Distretto di Jianghan, Wuhan, Hubei, Cina <\/strong><\/p>\t\t\t\t\t\t\t\t<\/div>\n\t\t\t\t\t<\/div>\n\t\t\t\t<\/div>\n\t\t\t\t<\/div>","protected":false},"excerpt":{"rendered":"<p>Our Story \u2013 The Journey Behind Shuiyunlan Hotel in Wuhan Every great hotel has a story. Ours begins with a simple yet powerful vision: to redefine hospitality in Wuhan by blending modern comfort, cultural elegance, and personalized service into every guest experience. At Shuiyunlan Hotel (\u6c34\u4e91\u5170\u9152\u5e97) , located at 1-16F, Building A, Yinhai Business Building, [&hellip;]<\/p>\n","protected":false},"author":1,"featured_media":0,"parent":0,"menu_order":0,"comment_status":"closed","ping_status":"closed","template":"","meta":{"footnotes":""},"class_list":["post-2104","page","type-page","status-publish","hentry","post-no-thumbnail"],"_links":{"self":[{"href":"https:\/\/shuiyunlanhotel.com\/it\/wp-json\/wp\/v2\/pages\/2104","targetHints":{"allow":["GET"]}}],"collection":[{"href":"https:\/\/shuiyunlanhotel.com\/it\/wp-json\/wp\/v2\/pages"}],"about":[{"href":"https:\/\/shuiyunlanhotel.com\/it\/wp-json\/wp\/v2\/types\/page"}],"author":[{"embeddable":true,"href":"https:\/\/shuiyunlanhotel.com\/it\/wp-json\/wp\/v2\/users\/1"}],"replies":[{"embeddable":true,"href":"https:\/\/shuiyunlanhotel.com\/it\/wp-json\/wp\/v2\/comments?post=2104"}],"version-history":[{"count":0,"href":"https:\/\/shuiyunlanhotel.com\/it\/wp-json\/wp\/v2\/pages\/2104\/revisions"}],"wp:attachment":[{"href":"https:\/\/shuiyunlanhotel.com\/it\/wp-json\/wp\/v2\/media?parent=2104"}],"curies":[{"name":"wp","href":"https:\/\/api.w.org\/{rel}","templated":true}]}}