{"id":5266,"date":"2021-07-18T08:03:35","date_gmt":"2021-07-18T08:03:35","guid":{"rendered":"https:\/\/nuss.uxper.co\/luxury-resort\/?page_id=5266"},"modified":"2025-12-04T08:41:44","modified_gmt":"2025-12-04T08:41:44","slug":"chi-siamo","status":"publish","type":"page","link":"https:\/\/shuiyunlanhotel.com\/it\/about-us\/","title":{"rendered":"Chi siamo"},"content":{"rendered":"<div data-elementor-type=\"wp-page\" data-elementor-id=\"5266\" class=\"elementor elementor-5266\">\n\t\t\t\t\t\t<section class=\"elementor-section elementor-top-section elementor-element elementor-element-10416953 elementor-section-boxed elementor-section-gap-beside-yes elementor-section-height-default elementor-section-height-default elementor-section-column-vertical-align-stretch\" data-id=\"10416953\" data-element_type=\"section\" data-e-type=\"section\">\n\t\t\t\t\t\t<div class=\"elementor-container elementor-column-gap-extended\">\n\t\t\t\t\t<div class=\"elementor-column elementor-col-100 elementor-top-column elementor-element elementor-element-29c6aa8\" data-id=\"29c6aa8\" data-element_type=\"column\" data-e-type=\"column\">\n\t\t\t<div class=\"elementor-widget-wrap elementor-element-populated\">\n\t\t\t\t\t\t<div class=\"elementor-element elementor-element-7be18fe7 elementor-widget__width-initial elementor-invisible elementor-widget elementor-widget-text-editor\" data-id=\"7be18fe7\" data-element_type=\"widget\" data-e-type=\"widget\" data-settings=\"{&quot;_animation&quot;:&quot;nussFadeInUp&quot;}\" data-widget_type=\"text-editor.default\">\n\t\t\t\t\t\t\t\t\tBenvenuti allo Shuiyunlan Hotel: un rifugio tranquillo nel cuore di Wuhan  \t\t\t\t\t\t\t\t<\/div>\n\t\t\t\t\t<\/div>\n\t\t<\/div>\n\t\t\t\t\t<\/div>\n\t\t<\/section>\n\t\t\t\t<section class=\"elementor-section elementor-top-section elementor-element elementor-element-7d18327f elementor-section-boxed elementor-section-gap-beside-yes elementor-section-height-default elementor-section-height-default elementor-section-column-vertical-align-stretch\" data-id=\"7d18327f\" data-element_type=\"section\" data-e-type=\"section\">\n\t\t\t\t\t\t<div class=\"elementor-container elementor-column-gap-extended\">\n\t\t\t\t\t<div class=\"elementor-column elementor-col-50 elementor-top-column elementor-element elementor-element-56533670\" data-id=\"56533670\" data-element_type=\"column\" data-e-type=\"column\">\n\t\t\t<div class=\"elementor-widget-wrap elementor-element-populated\">\n\t\t\t\t\t\t<div class=\"elementor-element elementor-element-19c3f543 elementor-invisible elementor-widget elementor-widget-text-editor\" data-id=\"19c3f543\" data-element_type=\"widget\" data-e-type=\"widget\" data-settings=\"{&quot;_animation&quot;:&quot;nussFadeInUp&quot;}\" data-widget_type=\"text-editor.default\">\n\t\t\t\t\t\t\t\t\t<p data-spm-anchor-id=\"a2ty_o01.29997173.0.i4.1216c921uN85es\">Immerso nel vibrante <strong>Distretto di Jianghan <\/strong> Di <strong>Wuhan, provincia di Hubei <\/strong>, <strong>Shuiyunlan Hotel (\u6c34\u4e91\u5170\u9152\u5e97) <\/strong> offre una fuga serena dal trambusto della citt\u00e0. Situato a <strong>1-16F, Edificio A, Edificio commerciale Yinhai, Jianghan 2nd Road <\/strong>Questo elegante hotel coniuga comfort moderni con la tradizionale ospitalit\u00e0 cinese, rendendolo la destinazione perfetta sia per i viaggiatori d&#039;affari che per i turisti.<\/p>\t\t\t\t\t\t\t\t<\/div>\n\t\t\t\t\t<\/div>\n\t\t<\/div>\n\t\t\t\t<div class=\"elementor-column elementor-col-50 elementor-top-column elementor-element elementor-element-30f14127\" data-id=\"30f14127\" data-element_type=\"column\" data-e-type=\"column\">\n\t\t\t<div class=\"elementor-widget-wrap elementor-element-populated\">\n\t\t\t\t\t\t<div class=\"elementor-element elementor-element-1c8a86c elementor-widget elementor-widget-image\" data-id=\"1c8a86c\" data-element_type=\"widget\" data-e-type=\"widget\" data-widget_type=\"image.default\">\n\t\t\t\t\t\t\t\t\t\t\t\t\t\t\t<img fetchpriority=\"high\" decoding=\"async\" width=\"1024\" height=\"682\" src=\"https:\/\/shuiyunlanhotel.com\/wp-content\/uploads\/2025\/07\/Shuiyunlan-Hotel-94-1024x682.webp\" class=\"attachment-large size-large wp-image-5646\" alt=\"\" srcset=\"https:\/\/shuiyunlanhotel.com\/wp-content\/uploads\/2025\/07\/Shuiyunlan-Hotel-94-1024x682.webp 1024w, https:\/\/shuiyunlanhotel.com\/wp-content\/uploads\/2025\/07\/Shuiyunlan-Hotel-94-300x200.webp 300w, https:\/\/shuiyunlanhotel.com\/wp-content\/uploads\/2025\/07\/Shuiyunlan-Hotel-94-768x512.webp 768w, https:\/\/shuiyunlanhotel.com\/wp-content\/uploads\/2025\/07\/Shuiyunlan-Hotel-94.webp 1280w\" sizes=\"(max-width: 1024px) 100vw, 1024px\" \/>\t\t\t\t\t\t\t\t\t\t\t\t\t\t\t<\/div>\n\t\t\t\t\t<\/div>\n\t\t<\/div>\n\t\t\t\t\t<\/div>\n\t\t<\/section>\n\t\t\t\t<section class=\"elementor-section elementor-top-section elementor-element elementor-element-29fb8578 elementor-section-height-min-height elementor-section-stretched elementor-section-full_width elementor-section-items-stretch elementor-section-height-default elementor-section-column-vertical-align-stretch\" data-id=\"29fb8578\" data-element_type=\"section\" data-e-type=\"section\" data-settings=\"{&quot;stretch_section&quot;:&quot;section-stretched&quot;}\">\n\t\t\t\t\t\t<div class=\"elementor-container elementor-column-gap-no\">\n\t\t\t\t\t<div class=\"elementor-column elementor-col-50 elementor-top-column elementor-element elementor-element-40ac270b\" data-id=\"40ac270b\" data-element_type=\"column\" data-e-type=\"column\">\n\t\t\t<div class=\"elementor-widget-wrap elementor-element-populated\">\n\t\t\t\t\t\t<div class=\"elementor-element elementor-element-20872773 elementor-widget__width-initial elementor-widget-mobile__width-inherit elementor-invisible nuss-elementor-loading nuss-slide-in-right elementor-widget elementor-widget-image\" data-id=\"20872773\" data-element_type=\"widget\" data-e-type=\"widget\" data-settings=\"{&quot;_animation&quot;:&quot;nussSlideInRight&quot;}\" data-widget_type=\"image.default\">\n\t\t\t\t\t\t\t\t\t\t\t\t\t\t\t<img decoding=\"async\" width=\"1280\" height=\"853\" src=\"https:\/\/shuiyunlanhotel.com\/wp-content\/uploads\/2025\/07\/Shuiyunlan-Hotel-97.webp\" class=\"attachment-full size-full wp-image-5649\" alt=\"\" srcset=\"https:\/\/shuiyunlanhotel.com\/wp-content\/uploads\/2025\/07\/Shuiyunlan-Hotel-97.webp 1280w, https:\/\/shuiyunlanhotel.com\/wp-content\/uploads\/2025\/07\/Shuiyunlan-Hotel-97-300x200.webp 300w, https:\/\/shuiyunlanhotel.com\/wp-content\/uploads\/2025\/07\/Shuiyunlan-Hotel-97-1024x682.webp 1024w, https:\/\/shuiyunlanhotel.com\/wp-content\/uploads\/2025\/07\/Shuiyunlan-Hotel-97-768x512.webp 768w\" sizes=\"(max-width: 1280px) 100vw, 1280px\" \/>\t\t\t\t\t\t\t\t\t\t\t\t\t\t\t<\/div>\n\t\t\t\t\t<\/div>\n\t\t<\/div>\n\t\t\t\t<div class=\"elementor-column elementor-col-50 elementor-top-column elementor-element elementor-element-2dac103\" data-id=\"2dac103\" data-element_type=\"column\" data-e-type=\"column\">\n\t\t\t<div class=\"elementor-widget-wrap elementor-element-populated\">\n\t\t\t\t\t\t<div class=\"elementor-element elementor-element-1ab88d95 elementor-invisible elementor-widget elementor-widget-heading\" data-id=\"1ab88d95\" data-element_type=\"widget\" data-e-type=\"widget\" data-settings=\"{&quot;_animation&quot;:&quot;nussFadeInUp&quot;}\" data-widget_type=\"heading.default\">\n\t\t\t\t\t<h3 class=\"elementor-heading-title elementor-size-default\">Posizione strategica nel polo commerciale di Wuhan  <\/h3>\t\t\t\t<\/div>\n\t\t\t\t<div class=\"elementor-element elementor-element-6f1b8966 elementor-invisible elementor-widget elementor-widget-text-editor\" data-id=\"6f1b8966\" data-element_type=\"widget\" data-e-type=\"widget\" data-settings=\"{&quot;_animation&quot;:&quot;nussFadeInUp&quot;}\" data-widget_type=\"text-editor.default\">\n\t\t\t\t\t\t\t\t\t<p>Situato in posizione strategica nel cuore della vivace Wuhan <strong>Distretto commerciale di Jianghan <\/strong>Lo Shuiyunlan Hotel \u00e8 circondato da importanti centri commerciali, centri commerciali e uffici governativi. Che siate in viaggio per un incontro di lavoro o per esplorare le attrazioni culturali e storiche di Wuhan, il nostro hotel offre un facile accesso ai principali punti di riferimento e snodi dei trasporti. Nelle vicinanze <strong>Stazione della metropolitana Jianghan 2nd Road <\/strong> garantisce una connettivit\u00e0 senza interruzioni con il resto della citt\u00e0, mentre <strong>Aeroporto internazionale di Wuhan Tianhe <\/strong> E <strong>Stazione ferroviaria di Wuhan <\/strong> sono raggiungibili in breve tempo in auto.<\/p>\t\t\t\t\t\t\t\t<\/div>\n\t\t\t\t\t<\/div>\n\t\t<\/div>\n\t\t\t\t\t<\/div>\n\t\t<\/section>\n\t\t\t\t<section class=\"elementor-section elementor-top-section elementor-element elementor-element-2f0f57d elementor-section-height-min-height elementor-section-stretched elementor-section-full_width elementor-section-items-stretch elementor-section-height-default elementor-section-column-vertical-align-stretch\" data-id=\"2f0f57d\" data-element_type=\"section\" data-e-type=\"section\" data-settings=\"{&quot;stretch_section&quot;:&quot;section-stretched&quot;}\">\n\t\t\t\t\t\t<div class=\"elementor-container elementor-column-gap-no\">\n\t\t\t\t\t<div class=\"elementor-column elementor-col-50 elementor-top-column elementor-element elementor-element-f729403\" data-id=\"f729403\" data-element_type=\"column\" data-e-type=\"column\">\n\t\t\t<div class=\"elementor-widget-wrap elementor-element-populated\">\n\t\t\t\t\t\t<div class=\"elementor-element elementor-element-6bcc674 elementor-invisible elementor-widget elementor-widget-heading\" data-id=\"6bcc674\" data-element_type=\"widget\" data-e-type=\"widget\" data-settings=\"{&quot;_animation&quot;:&quot;nussFadeInUp&quot;}\" data-widget_type=\"heading.default\">\n\t\t\t\t\t<h3 class=\"elementor-heading-title elementor-size-default\">Alloggi sofisticati progettati per il comfort  <\/h3>\t\t\t\t<\/div>\n\t\t\t\t<div class=\"elementor-element elementor-element-94bdd70 elementor-invisible elementor-widget elementor-widget-text-editor\" data-id=\"94bdd70\" data-element_type=\"widget\" data-e-type=\"widget\" data-settings=\"{&quot;_animation&quot;:&quot;nussFadeInUp&quot;}\" data-widget_type=\"text-editor.default\">\n\t\t\t\t\t\t\t\t\t<p data-spm-anchor-id=\"a2ty_o01.29997173.0.i9.1216c921uN85es\">Allo Shuiyunlan Hotel, siamo orgogliosi di offrire <strong>camere e suite lussuose e ben arredate <\/strong> che soddisfano le esigenze dei viaggiatori moderni. Ogni camera \u00e8 progettata con cura con una miscela di <strong>estetica contemporanea ed eleganza tradizionale <\/strong>, dotate di biancheria da letto di lusso, Wi-Fi ad alta velocit\u00e0, TV a schermo piatto, aria condizionata e vista panoramica sullo skyline della citt\u00e0. I nostri alloggi su pi\u00f9 piani (che si estendono <strong>piani dal 1\u00b0 al 16\u00b0 <\/strong>) garantiscono agli ospiti un rifugio tranquillo e riservato dopo una lunga giornata di riunioni o visite turistiche.<\/p>\t\t\t\t\t\t\t\t<\/div>\n\t\t\t\t\t<\/div>\n\t\t<\/div>\n\t\t\t\t<div class=\"elementor-column elementor-col-50 elementor-top-column elementor-element elementor-element-e79c408\" data-id=\"e79c408\" data-element_type=\"column\" data-e-type=\"column\">\n\t\t\t<div class=\"elementor-widget-wrap elementor-element-populated\">\n\t\t\t\t\t\t<div class=\"elementor-element elementor-element-9939c42 elementor-widget__width-initial elementor-widget-mobile__width-inherit elementor-invisible nuss-elementor-loading nuss-slide-in-right elementor-widget elementor-widget-image\" data-id=\"9939c42\" data-element_type=\"widget\" data-e-type=\"widget\" data-settings=\"{&quot;_animation&quot;:&quot;nussSlideInRight&quot;}\" data-widget_type=\"image.default\">\n\t\t\t\t\t\t\t\t\t\t\t\t\t\t\t<img decoding=\"async\" width=\"1280\" height=\"853\" src=\"https:\/\/shuiyunlanhotel.com\/wp-content\/uploads\/2025\/07\/Shuiyunlan-Hotel-95.webp\" class=\"attachment-full size-full wp-image-5647\" alt=\"\" srcset=\"https:\/\/shuiyunlanhotel.com\/wp-content\/uploads\/2025\/07\/Shuiyunlan-Hotel-95.webp 1280w, https:\/\/shuiyunlanhotel.com\/wp-content\/uploads\/2025\/07\/Shuiyunlan-Hotel-95-300x200.webp 300w, https:\/\/shuiyunlanhotel.com\/wp-content\/uploads\/2025\/07\/Shuiyunlan-Hotel-95-1024x682.webp 1024w, https:\/\/shuiyunlanhotel.com\/wp-content\/uploads\/2025\/07\/Shuiyunlan-Hotel-95-768x512.webp 768w\" sizes=\"(max-width: 1280px) 100vw, 1280px\" \/>\t\t\t\t\t\t\t\t\t\t\t\t\t\t\t<\/div>\n\t\t\t\t\t<\/div>\n\t\t<\/div>\n\t\t\t\t\t<\/div>\n\t\t<\/section>\n\t\t\t\t<section class=\"elementor-section elementor-top-section elementor-element elementor-element-d046f50 elementor-section-height-min-height elementor-section-stretched elementor-section-full_width elementor-section-items-stretch elementor-section-height-default elementor-section-column-vertical-align-stretch\" data-id=\"d046f50\" data-element_type=\"section\" data-e-type=\"section\" data-settings=\"{&quot;stretch_section&quot;:&quot;section-stretched&quot;}\">\n\t\t\t\t\t\t<div class=\"elementor-container elementor-column-gap-no\">\n\t\t\t\t\t<div class=\"elementor-column elementor-col-50 elementor-top-column elementor-element elementor-element-3a8d80b\" data-id=\"3a8d80b\" data-element_type=\"column\" data-e-type=\"column\">\n\t\t\t<div class=\"elementor-widget-wrap elementor-element-populated\">\n\t\t\t\t\t\t<div class=\"elementor-element elementor-element-e459c2f elementor-widget__width-initial elementor-widget-mobile__width-inherit elementor-invisible nuss-elementor-loading nuss-slide-in-right elementor-widget elementor-widget-image\" data-id=\"e459c2f\" data-element_type=\"widget\" data-e-type=\"widget\" data-settings=\"{&quot;_animation&quot;:&quot;nussSlideInRight&quot;}\" data-widget_type=\"image.default\">\n\t\t\t\t\t\t\t\t\t\t\t\t\t\t\t<img loading=\"lazy\" decoding=\"async\" width=\"1137\" height=\"853\" src=\"https:\/\/shuiyunlanhotel.com\/wp-content\/uploads\/2025\/07\/Shuiyunlan-Hotel-59.webp\" class=\"attachment-full size-full wp-image-5610\" alt=\"\" srcset=\"https:\/\/shuiyunlanhotel.com\/wp-content\/uploads\/2025\/07\/Shuiyunlan-Hotel-59.webp 1137w, https:\/\/shuiyunlanhotel.com\/wp-content\/uploads\/2025\/07\/Shuiyunlan-Hotel-59-300x225.webp 300w, https:\/\/shuiyunlanhotel.com\/wp-content\/uploads\/2025\/07\/Shuiyunlan-Hotel-59-1024x768.webp 1024w, https:\/\/shuiyunlanhotel.com\/wp-content\/uploads\/2025\/07\/Shuiyunlan-Hotel-59-768x576.webp 768w\" sizes=\"(max-width: 1137px) 100vw, 1137px\" \/>\t\t\t\t\t\t\t\t\t\t\t\t\t\t\t<\/div>\n\t\t\t\t\t<\/div>\n\t\t<\/div>\n\t\t\t\t<div class=\"elementor-column elementor-col-50 elementor-top-column elementor-element elementor-element-04543a0\" data-id=\"04543a0\" data-element_type=\"column\" data-e-type=\"column\">\n\t\t\t<div class=\"elementor-widget-wrap elementor-element-populated\">\n\t\t\t\t\t\t<div class=\"elementor-element elementor-element-9d260cb elementor-invisible elementor-widget elementor-widget-heading\" data-id=\"9d260cb\" data-element_type=\"widget\" data-e-type=\"widget\" data-settings=\"{&quot;_animation&quot;:&quot;nussFadeInUp&quot;}\" data-widget_type=\"heading.default\">\n\t\t\t\t\t<h3 class=\"elementor-heading-title elementor-size-default\">Strutture e servizi eccezionali  <\/h3>\t\t\t\t<\/div>\n\t\t\t\t<div class=\"elementor-element elementor-element-8ea8d7c elementor-invisible elementor-widget elementor-widget-text-editor\" data-id=\"8ea8d7c\" data-element_type=\"widget\" data-e-type=\"widget\" data-settings=\"{&quot;_animation&quot;:&quot;nussFadeInUp&quot;}\" data-widget_type=\"text-editor.default\">\n\t\t\t\t\t\t\t\t\t<p>Il nostro hotel \u00e8 pi\u00f9 di un semplice luogo di riposo: \u00e8 una destinazione in s\u00e9. Gli ospiti possono godere di una vasta gamma di <strong>servizi premium <\/strong>, tra cui:<\/p><ul data-spm-anchor-id=\"a2ty_o01.29997173.0.i11.1216c921uN85es\"><li><strong>Servizi di reception e portineria 24 ore su 24, 7 giorni su 7 <\/strong><\/li><li><strong>Accesso Internet wireless ad alta velocit\u00e0 <\/strong><\/li><li><strong data-spm-anchor-id=\"a2ty_o01.29997173.0.i14.1216c921uN85es\">Sale riunioni e conferenze <\/strong><\/li><li><strong>Opzioni di ristorazione raffinata e caffetteria interna <\/strong><\/li><li><strong>Centro fitness <\/strong><\/li><li><strong>Servizi di Spa e Massaggi <\/strong><\/li><li><strong>Colazione gratuita <\/strong><\/li><\/ul><p>Offriamo anche <strong>servizi navetta aeroportuali <\/strong>, deposito bagagli e personale multilingue per garantire che il vostro soggiorno sia il pi\u00f9 agevole e piacevole possibile.<\/p>\t\t\t\t\t\t\t\t<\/div>\n\t\t\t\t\t<\/div>\n\t\t<\/div>\n\t\t\t\t\t<\/div>\n\t\t<\/section>\n\t\t\t\t<section class=\"elementor-section elementor-top-section elementor-element elementor-element-1d3db8b elementor-section-height-min-height elementor-section-stretched elementor-section-full_width elementor-section-items-stretch elementor-section-height-default elementor-section-column-vertical-align-stretch\" data-id=\"1d3db8b\" data-element_type=\"section\" data-e-type=\"section\" data-settings=\"{&quot;stretch_section&quot;:&quot;section-stretched&quot;}\">\n\t\t\t\t\t\t<div class=\"elementor-container elementor-column-gap-no\">\n\t\t\t\t\t<div class=\"elementor-column elementor-col-50 elementor-top-column elementor-element elementor-element-c4b7ead\" data-id=\"c4b7ead\" data-element_type=\"column\" data-e-type=\"column\">\n\t\t\t<div class=\"elementor-widget-wrap elementor-element-populated\">\n\t\t\t\t\t\t<div class=\"elementor-element elementor-element-d59aade elementor-invisible elementor-widget elementor-widget-heading\" data-id=\"d59aade\" data-element_type=\"widget\" data-e-type=\"widget\" data-settings=\"{&quot;_animation&quot;:&quot;nussFadeInUp&quot;}\" data-widget_type=\"heading.default\">\n\t\t\t\t\t<h3 class=\"elementor-heading-title elementor-size-default\">Una porta d&#039;accesso alla cultura e alla cucina di Wuhan  <\/h3>\t\t\t\t<\/div>\n\t\t\t\t<div class=\"elementor-element elementor-element-7f952d3 elementor-invisible elementor-widget elementor-widget-text-editor\" data-id=\"7f952d3\" data-element_type=\"widget\" data-e-type=\"widget\" data-settings=\"{&quot;_animation&quot;:&quot;nussFadeInUp&quot;}\" data-widget_type=\"text-editor.default\">\n\t\t\t\t\t\t\t\t\t<p data-spm-anchor-id=\"a2ty_o01.29997173.0.i17.1216c921uN85es\">Soggiornare a <strong>Shuiyunlan Hotel <\/strong> Vi offre la posizione ideale per esplorare il ricco patrimonio culturale e culinario di Wuhan. A breve distanza dall&#039;hotel troverete famose attrazioni come:<\/p><ul><li><strong>Museo provinciale di Hubei <\/strong><\/li><li><strong>Area panoramica di East Lake <\/strong><\/li><li><strong>Torre della Gru Gialla <\/strong><\/li><li><strong>Strada pedonale Jianghan Road <\/strong><\/li><li><strong>Ponte sul fiume Yangtze di Wuhan <\/strong><\/li><\/ul><p>Che tu abbia voglia di prelibatezze locali dell&#039;Hubei o di cucina internazionale, la zona circostante offre una vasta gamma di <strong>ristoranti, caff\u00e8 e mercati di cibo di strada <\/strong> che mettono in mostra il meglio della cultura gastronomica di Wuhan.<\/p>\t\t\t\t\t\t\t\t<\/div>\n\t\t\t\t\t<\/div>\n\t\t<\/div>\n\t\t\t\t<div class=\"elementor-column elementor-col-50 elementor-top-column elementor-element elementor-element-b12780b\" data-id=\"b12780b\" data-element_type=\"column\" data-e-type=\"column\">\n\t\t\t<div class=\"elementor-widget-wrap elementor-element-populated\">\n\t\t\t\t\t\t<div class=\"elementor-element elementor-element-9005b7a elementor-widget__width-initial elementor-widget-mobile__width-inherit elementor-invisible nuss-elementor-loading nuss-slide-in-right elementor-widget elementor-widget-image\" data-id=\"9005b7a\" data-element_type=\"widget\" data-e-type=\"widget\" data-settings=\"{&quot;_animation&quot;:&quot;nussSlideInRight&quot;}\" data-widget_type=\"image.default\">\n\t\t\t\t\t\t\t\t\t\t\t\t\t\t\t<img loading=\"lazy\" decoding=\"async\" width=\"1137\" height=\"853\" src=\"https:\/\/shuiyunlanhotel.com\/wp-content\/uploads\/2025\/07\/Shuiyunlan-Hotel-26.webp\" class=\"attachment-full size-full wp-image-5577\" alt=\"\" srcset=\"https:\/\/shuiyunlanhotel.com\/wp-content\/uploads\/2025\/07\/Shuiyunlan-Hotel-26.webp 1137w, https:\/\/shuiyunlanhotel.com\/wp-content\/uploads\/2025\/07\/Shuiyunlan-Hotel-26-300x225.webp 300w, https:\/\/shuiyunlanhotel.com\/wp-content\/uploads\/2025\/07\/Shuiyunlan-Hotel-26-1024x768.webp 1024w, https:\/\/shuiyunlanhotel.com\/wp-content\/uploads\/2025\/07\/Shuiyunlan-Hotel-26-768x576.webp 768w\" sizes=\"(max-width: 1137px) 100vw, 1137px\" \/>\t\t\t\t\t\t\t\t\t\t\t\t\t\t\t<\/div>\n\t\t\t\t\t<\/div>\n\t\t<\/div>\n\t\t\t\t\t<\/div>\n\t\t<\/section>\n\t\t<div class=\"elementor-element elementor-element-5c9d4af e-flex e-con-boxed e-con e-parent\" data-id=\"5c9d4af\" data-element_type=\"container\" data-e-type=\"container\">\n\t\t\t\t\t<div class=\"e-con-inner\">\n\t\t\t\t<div class=\"elementor-element elementor-element-1638a28 elementor-widget elementor-widget-text-editor\" data-id=\"1638a28\" data-element_type=\"widget\" data-e-type=\"widget\" data-widget_type=\"text-editor.default\">\n\t\t\t\t\t\t\t\t\t<h4><strong>Perfetto per viaggiatori d&#039;affari e di piacere <\/strong><\/h4><p data-spm-anchor-id=\"a2ty_o01.29997173.0.i18.1216c921uN85es\">Che tu sia a Wuhan per un evento aziendale, una vacanza in famiglia o un&#039;avventura da solo, <strong>Shuiyunlan Hotel <\/strong> \u00e8 la tua casa ideale lontano da casa. Con la sua <strong>posizione centrale, sistemazioni eleganti e servizio eccezionale <\/strong>, ci impegniamo a rendere il soggiorno di ogni ospite memorabile e confortevole.<\/p><h4 data-spm-anchor-id=\"a2ty_o01.29997173.0.i19.1216c921uN85es\"><strong data-spm-anchor-id=\"a2ty_o01.29997173.0.i20.1216c921uN85es\">Prenota oggi il tuo soggiorno allo Shuiyunlan Hotel <\/strong><\/h4><p data-spm-anchor-id=\"a2ty_o01.29997173.0.i21.1216c921uN85es\">Provate la perfetta combinazione di lusso, comodit\u00e0 e fascino a <strong>Shuiyunlan Hotel a Wuhan <\/strong>Che stiate cercando un rifugio tranquillo o una base strategica per esplorare la citt\u00e0, vi diamo il benvenuto a braccia aperte e ci impegniamo a raggiungere l&#039;eccellenza.<\/p><p data-spm-anchor-id=\"a2ty_o01.29997173.0.i22.1216c921uN85es\"><strong>Indirizzo: <\/strong><br \/>Shuiyunlan Hotel (\u6c34\u4e91\u5170\u9152\u5e97)<br \/>1-16F, Edificio A, Yinhai Business Building, Jianghan 2nd Road, Distretto di Jianghan, Wuhan, Hubei, Cina<\/p>\t\t\t\t\t\t\t\t<\/div>\n\t\t\t\t\t<\/div>\n\t\t\t\t<\/div>\n\t\t\t\t<\/div>","protected":false},"excerpt":{"rendered":"<p>Welcome to Shuiyunlan Hotel \u2013 A Tranquil Retreat in the Heart of Wuhan Nestled within the vibrant Jianghan District of Wuhan, Hubei Province , Shuiyunlan Hotel (\u6c34\u4e91\u5170\u9152\u5e97) offers a serene escape from the hustle and bustle of the city. Located at 1-16F, Building A, Yinhai Business Building, Jianghan 2nd Road , this elegant hotel blends [&hellip;]<\/p>\n","protected":false},"author":1,"featured_media":0,"parent":0,"menu_order":0,"comment_status":"closed","ping_status":"closed","template":"","meta":{"footnotes":""},"class_list":["post-5266","page","type-page","status-publish","hentry","post-no-thumbnail"],"_links":{"self":[{"href":"https:\/\/shuiyunlanhotel.com\/it\/wp-json\/wp\/v2\/pages\/5266","targetHints":{"allow":["GET"]}}],"collection":[{"href":"https:\/\/shuiyunlanhotel.com\/it\/wp-json\/wp\/v2\/pages"}],"about":[{"href":"https:\/\/shuiyunlanhotel.com\/it\/wp-json\/wp\/v2\/types\/page"}],"author":[{"embeddable":true,"href":"https:\/\/shuiyunlanhotel.com\/it\/wp-json\/wp\/v2\/users\/1"}],"replies":[{"embeddable":true,"href":"https:\/\/shuiyunlanhotel.com\/it\/wp-json\/wp\/v2\/comments?post=5266"}],"version-history":[{"count":0,"href":"https:\/\/shuiyunlanhotel.com\/it\/wp-json\/wp\/v2\/pages\/5266\/revisions"}],"wp:attachment":[{"href":"https:\/\/shuiyunlanhotel.com\/it\/wp-json\/wp\/v2\/media?parent=5266"}],"curies":[{"name":"wp","href":"https:\/\/api.w.org\/{rel}","templated":true}]}}