{"id":612,"date":"2021-03-26T10:04:13","date_gmt":"2021-03-26T10:04:13","guid":{"rendered":"http:\/\/localhost\/nuss\/?page_id=612"},"modified":"2025-12-04T08:42:33","modified_gmt":"2025-12-04T08:42:33","slug":"ristorante","status":"publish","type":"page","link":"https:\/\/shuiyunlanhotel.com\/it\/restaurant\/","title":{"rendered":"Ristorante"},"content":{"rendered":"<div data-elementor-type=\"wp-page\" data-elementor-id=\"612\" class=\"elementor elementor-612\">\n\t\t\t\t\t\t<section class=\"elementor-section elementor-top-section elementor-element elementor-element-e2effe8 elementor-section-boxed elementor-section-gap-beside-yes elementor-section-height-default elementor-section-height-default elementor-section-column-vertical-align-stretch\" data-id=\"e2effe8\" data-element_type=\"section\" data-e-type=\"section\">\n\t\t\t\t\t\t<div class=\"elementor-container elementor-column-gap-extended\">\n\t\t\t\t\t<div class=\"elementor-column elementor-col-100 elementor-top-column elementor-element elementor-element-e18f688\" data-id=\"e18f688\" data-element_type=\"column\" data-e-type=\"column\">\n\t\t\t<div class=\"elementor-widget-wrap elementor-element-populated\">\n\t\t\t\t\t\t<div class=\"elementor-element elementor-element-6db146d elementor-widget__width-initial elementor-invisible elementor-widget elementor-widget-text-editor\" data-id=\"6db146d\" data-element_type=\"widget\" data-e-type=\"widget\" data-settings=\"{&quot;_animation&quot;:&quot;nussFadeInUp&quot;}\" data-widget_type=\"text-editor.default\">\n\t\t\t\t\t\t\t\t\tAssapora i sapori di Wuhan e dintorni nel ristorante interno dell&#039;hotel Shuiyunlan\t\t\t\t\t\t\t\t<\/div>\n\t\t\t\t\t<\/div>\n\t\t<\/div>\n\t\t\t\t\t<\/div>\n\t\t<\/section>\n\t\t<div class=\"elementor-element elementor-element-37513e8 e-flex e-con-boxed e-con e-parent\" data-id=\"37513e8\" data-element_type=\"container\" data-e-type=\"container\">\n\t\t\t\t\t<div class=\"e-con-inner\">\n\t\t\t\t<div class=\"elementor-element elementor-element-bd1cdbd elementor-widget elementor-widget-text-editor\" data-id=\"bd1cdbd\" data-element_type=\"widget\" data-e-type=\"widget\" data-widget_type=\"text-editor.default\">\n\t\t\t\t\t\t\t\t\t<p data-spm-anchor-id=\"a2ty_o01.29997173.0.i67.1216c921uN85es\">A <strong data-spm-anchor-id=\"a2ty_o01.29997173.0.i69.1216c921uN85es\">Shuiyunlan Hotel (\u6c34\u4e91\u5170\u9152\u5e97) <\/strong>, situato nel vivace <strong>Distretto Jianghan di Wuhan <\/strong> A <strong>1-16F, Edificio A, Edificio commerciale Yinhai, Jianghan 2nd Road <\/strong>, Nostro <strong>ristorante dell&#039;hotel <\/strong> \u00e8 pi\u00f9 di un semplice posto dove mangiare: \u00e8 una destinazione dove gli ospiti possono concedersi un viaggio culinario che fonde <strong>sapori locali dell&#039;Hubei con cucina internazionale <\/strong>il tutto in un&#039;atmosfera raffinata e confortevole.<\/p><p>Che tu sia un <strong>viaggiatore d&#039;affari che cerca una colazione tranquilla prima di una giornata impegnativa <\/strong>, UN <strong>turista che vuole assaggiare gli autentici piatti di Wuhan <\/strong>, o un <strong>ospite locale che desidera godersi un pasto rilassante <\/strong>, il nostro ristorante in loco offre un <strong>ambiente caldo, servizio attento e un men\u00f9 pensato per deliziare il vostro palato <\/strong>.<\/p><h4><strong>Un&#039;esperienza culinaria radicata nella tradizione e nell&#039;innovazione <\/strong><\/h4><p>Il nostro ristorante presso l&#039;Hotel Shuiyunlan \u00e8 stato progettato con cura per riflettere il <strong>ricchezza culturale di Wuhan e della regione di Hubei <\/strong>, soddisfacendo anche le esigenze del <strong>gusti diversi dei nostri ospiti internazionali <\/strong>Dal momento in cui entri, sarai accolto da un <strong>sala da pranzo moderna ma elegante <\/strong>, arricchito da <strong>luci soffuse, sedute comode e un&#039;atmosfera rilassante <\/strong> che rende ogni pasto speciale.<\/p><p>Il men\u00f9 \u00e8 una celebrazione di <strong>piatti locali autentici <\/strong> ad esempio <strong>noodles secchi piccanti (\u70ed\u5e72\u9762), pesce al vapore del lago Dongting e maiale brasato in stile Hubei <\/strong>, insieme a una selezione di <strong>preferiti internazionali <\/strong> compreso <strong>Colazioni occidentali, piatti panasiatici e portate principali in stile europeo <\/strong>Questo perfetto equilibrio garantisce che, che tu abbia voglia di un sapore casalingo o di un nuovo, avventuroso sapore, ci sia qualcosa per ogni palato.<\/p><h4><strong>Inizia la giornata con una colazione gustosa <\/strong><\/h4><p>Per il nostro <strong>viaggiatori d&#039;affari e mattinieri <\/strong>, il ristorante offre un <strong>sontuosa colazione a buffet <\/strong> caratterizzato da un mix di <strong>Piatti cinesi e occidentali <\/strong>, da <strong>panini al vapore, congee e dim sum <\/strong> A <strong>uova strapazzate, toast, pasticcini, frutta e caff\u00e8 o t\u00e8 appena fatto <\/strong>La colazione non \u00e8 solo deliziosa ma anche pensata per <strong>dai energia e comfort alla tua giornata <\/strong>, sia che tu stia andando a una riunione o esplorando la citt\u00e0.<\/p><p data-spm-anchor-id=\"a2ty_o01.29997173.0.i71.1216c921uN85es\">Gli ospiti lodano spesso il <strong>variet\u00e0 e qualit\u00e0 della colazione <\/strong>, notando che \u00e8 entrambi <strong>nutriente e soddisfacente <\/strong>, e molti ospiti abituali si impegnano a fare colazione qui ogni mattina.<\/p>\t\t\t\t\t\t\t\t<\/div>\n\t\t\t\t\t<\/div>\n\t\t\t\t<\/div>\n\t\t<div class=\"elementor-element elementor-element-56ea7a3 e-flex e-con-boxed e-con e-parent\" data-id=\"56ea7a3\" data-element_type=\"container\" data-e-type=\"container\">\n\t\t\t\t\t<div class=\"e-con-inner\">\n\t\t\t\t<div class=\"elementor-element elementor-element-4223be1 elementor-widget elementor-widget-nuss-image-gallery\" data-id=\"4223be1\" data-element_type=\"widget\" data-e-type=\"widget\" data-widget_type=\"nuss-image-gallery.default\">\n\t\t\t\t<div class=\"elementor-widget-container\">\n\t\t\t\t\t\t\t<div class=\"nuss-grid-wrapper\" data-grid=\"{&quot;type&quot;:&quot;grid&quot;,&quot;ratio&quot;:null,&quot;columns&quot;:3,&quot;gutter&quot;:30}\">\r\n\t\t\t<div class=\"nuss-grid lazy-grid\">\r\n\t\t\t\t<div class=\"grid-sizer\"><\/div>\r\n\r\n\t\t\t\t\t\t\t\t\t\t\t\t<div class=\"grid-item\">\r\n\t\t\t\t\t\t<div class=\"nuss-box\">\t\t<div class=\"nuss-image image\">\r\n\t\t\t<img decoding=\"async\"  src=\"https:\/\/shuiyunlanhotel.com\/wp-content\/uploads\/2025\/07\/Shuiyunlan-Hotel-34.webp\" alt=\"Shuiyunlan Hotel (34)\" \/>\t\t<\/div>\r\n\t\t\t\t<\/div>\t\t\t\t\t<\/div>\r\n\t\t\t\t\t\t<div class=\"grid-item\">\r\n\t\t\t\t\t\t<div class=\"nuss-box\">\t\t<div class=\"nuss-image image\">\r\n\t\t\t<img decoding=\"async\"  src=\"https:\/\/shuiyunlanhotel.com\/wp-content\/uploads\/2025\/07\/Shuiyunlan-Hotel-33.webp\" alt=\"Shuiyunlan Hotel (33)\" \/>\t\t<\/div>\r\n\t\t\t\t<\/div>\t\t\t\t\t<\/div>\r\n\t\t\t\t\t\t<div class=\"grid-item\">\r\n\t\t\t\t\t\t<div class=\"nuss-box\">\t\t<div class=\"nuss-image image\">\r\n\t\t\t<img decoding=\"async\"  src=\"https:\/\/shuiyunlanhotel.com\/wp-content\/uploads\/2025\/07\/Shuiyunlan-Hotel-32.webp\" alt=\"Shuiyunlan Hotel (32)\" \/>\t\t<\/div>\r\n\t\t\t\t<\/div>\t\t\t\t\t<\/div>\r\n\t\t\t\t\t\t<div class=\"grid-item\">\r\n\t\t\t\t\t\t<div class=\"nuss-box\">\t\t<div class=\"nuss-image image\">\r\n\t\t\t<img decoding=\"async\"  src=\"https:\/\/shuiyunlanhotel.com\/wp-content\/uploads\/2025\/07\/Shuiyunlan-Hotel-28.webp\" alt=\"Shuiyunlan Hotel (28)\" \/>\t\t<\/div>\r\n\t\t\t\t<\/div>\t\t\t\t\t<\/div>\r\n\t\t\t\t\t\t<div class=\"grid-item\">\r\n\t\t\t\t\t\t<div class=\"nuss-box\">\t\t<div class=\"nuss-image image\">\r\n\t\t\t<img decoding=\"async\"  src=\"https:\/\/shuiyunlanhotel.com\/wp-content\/uploads\/2025\/07\/Shuiyunlan-Hotel-27.webp\" alt=\"Shuiyunlan Hotel (27)\" \/>\t\t<\/div>\r\n\t\t\t\t<\/div>\t\t\t\t\t<\/div>\r\n\t\t\t\t\t\t<div class=\"grid-item\">\r\n\t\t\t\t\t\t<div class=\"nuss-box\">\t\t<div class=\"nuss-image image\">\r\n\t\t\t<img decoding=\"async\"  src=\"https:\/\/shuiyunlanhotel.com\/wp-content\/uploads\/2025\/07\/Shuiyunlan-Hotel-26.webp\" alt=\"Shuiyunlan Hotel (26)\" \/>\t\t<\/div>\r\n\t\t\t\t<\/div>\t\t\t\t\t<\/div>\r\n\t\t\t\t\t\t<div class=\"grid-item\">\r\n\t\t\t\t\t\t<div class=\"nuss-box\">\t\t<div class=\"nuss-image image\">\r\n\t\t\t<img decoding=\"async\"  src=\"https:\/\/shuiyunlanhotel.com\/wp-content\/uploads\/2025\/07\/Shuiyunlan-Hotel-24.webp\" alt=\"Shuiyunlan Hotel (24)\" \/>\t\t<\/div>\r\n\t\t\t\t<\/div>\t\t\t\t\t<\/div>\r\n\t\t\t\t\t\t<div class=\"grid-item\">\r\n\t\t\t\t\t\t<div class=\"nuss-box\">\t\t<div class=\"nuss-image image\">\r\n\t\t\t<img decoding=\"async\"  src=\"https:\/\/shuiyunlanhotel.com\/wp-content\/uploads\/2025\/07\/Shuiyunlan-Hotel-23.webp\" alt=\"Shuiyunlan Hotel (23)\" \/>\t\t<\/div>\r\n\t\t\t\t<\/div>\t\t\t\t\t<\/div>\r\n\t\t\t\t\t\t\t\r\n\t\t\t<\/div>\r\n\t\t<\/div>\r\n\t\t\t\t\t\t<\/div>\n\t\t\t\t<\/div>\n\t\t\t\t\t<\/div>\n\t\t\t\t<\/div>\n\t\t<div class=\"elementor-element elementor-element-f97a88c e-flex e-con-boxed e-con e-parent\" data-id=\"f97a88c\" data-element_type=\"container\" data-e-type=\"container\">\n\t\t\t\t\t<div class=\"e-con-inner\">\n\t\t\t\t<div class=\"elementor-element elementor-element-28d8050 elementor-widget elementor-widget-text-editor\" data-id=\"28d8050\" data-element_type=\"widget\" data-e-type=\"widget\" data-widget_type=\"text-editor.default\">\n\t\t\t\t\t\t\t\t\t<h4><strong>Pranzo e cena: un assaggio di Wuhan con un tocco moderno <\/strong><\/h4><p>Durante tutta la giornata i nostri chef preparano <strong>ingredienti freschi di provenienza locale <\/strong> in piatti appetitosi che riflettono la <strong>ricco patrimonio culinario della provincia di Hubei <\/strong>I punti salienti includono:<\/p><ul><li><strong>Pesce Wuchang piccante (\u6b66\u660c\u9c7c) <\/strong> \u2013 Una specialit\u00e0 locale cotta al vapore alla perfezione<\/li><li><strong>Pancetta di maiale brasata (\u7ea2\u70e7\u8089) <\/strong> \u2013 Cottura lenta e sapore ricco<\/li><li><strong>Piatto vegetariano di tofu <\/strong> \u2013 Perfetto per i commensali attenti alla salute<\/li><li><strong>Noodles e saltati in padella panasiatici <\/strong> \u2013 Ideale per un pasto veloce ma soddisfacente<\/li><li><strong>Pollo alla griglia, pasta e piatti continentali <\/strong> \u2013 Per chi ha voglia di sapori internazionali<\/li><\/ul><p>Il nostro men\u00f9 comprende anche una gamma di <strong>opzioni vegetariane, halal e senza glutine <\/strong>, assicurando che tutte le preferenze alimentari siano rispettate e soddisfatte.<\/p><h4><strong>Opzioni per pranzi privati e cene di lavoro <\/strong><\/h4><p>Per <strong>pranzi aziendali, piccole celebrazioni o cene intime <\/strong>, il nostro ristorante offre <strong>sale da pranzo semi-private <\/strong> che forniscono un <strong>ambiente tranquillo e professionale <\/strong>Questi spazi sono ideali per <strong>riunioni di lavoro, cene con i clienti o riunioni di famiglia <\/strong>, offrendo un <strong>men\u00f9 personalizzato e servizio attento <\/strong> su misura per le esigenze del tuo gruppo.<\/p><p>Molti dei nostri ospiti d&#039;affari hanno elogiato il ristorante come il <strong>luogo perfetto per riunioni informali con i clienti <\/strong>, con il suo <strong>ambiente tranquillo, servizio professionale e cibo delizioso <\/strong> contribuendo a creare un&#039;impressione positiva.<\/p><h4><strong>Rilassati e distenditi con una bevanda esclusiva <\/strong><\/h4><p>Oltre ai nostri pasti completi, il ristorante serve anche una selezione di <strong>bevande rinfrescanti <\/strong>, tra cui:<\/p><ul><li><strong>T\u00e8 cinesi appena preparati <\/strong> ad esempio <strong>oolong, gelsomino e pu&#039;er <\/strong><\/li><li><strong>Espresso, cappuccino e altri caff\u00e8 in stile occidentale <\/strong><\/li><li><strong>Succhi di frutta fresca e bevande analcoliche <\/strong><\/li><li><strong>Birre artigianali locali e spuntini leggeri <\/strong> perfetto per una pausa nel tardo pomeriggio<\/li><\/ul><p data-spm-anchor-id=\"a2ty_o01.29997173.0.i73.1216c921uN85es\">Nostro <strong>servizio da t\u00e8 pomeridiano <\/strong> E <strong>men\u00f9 di spuntini leggeri <\/strong> sono particolarmente apprezzati dagli ospiti che desiderano <strong>rilassarsi dopo una lunga giornata di riunioni o visite turistiche <\/strong>, offrendo uno spazio tranquillo in cui rilassarsi e ricaricarsi.<\/p>\t\t\t\t\t\t\t\t<\/div>\n\t\t\t\t\t<\/div>\n\t\t\t\t<\/div>\n\t\t<div class=\"elementor-element elementor-element-221c8af e-flex e-con-boxed e-con e-parent\" data-id=\"221c8af\" data-element_type=\"container\" data-e-type=\"container\">\n\t\t\t\t\t<div class=\"e-con-inner\">\n\t\t\t\t<div class=\"elementor-element elementor-element-09d4111 elementor-widget elementor-widget-nuss-image-gallery\" data-id=\"09d4111\" data-element_type=\"widget\" data-e-type=\"widget\" data-widget_type=\"nuss-image-gallery.default\">\n\t\t\t\t<div class=\"elementor-widget-container\">\n\t\t\t\t\t\t\t<div class=\"nuss-grid-wrapper\" data-grid=\"{&quot;type&quot;:&quot;grid&quot;,&quot;ratio&quot;:null,&quot;columns&quot;:3,&quot;gutter&quot;:30}\">\r\n\t\t\t<div class=\"nuss-grid lazy-grid\">\r\n\t\t\t\t<div class=\"grid-sizer\"><\/div>\r\n\r\n\t\t\t\t\t\t\t\t\t\t\t\t<div class=\"grid-item\">\r\n\t\t\t\t\t\t<div class=\"nuss-box\">\t\t<div class=\"nuss-image image\">\r\n\t\t\t<img decoding=\"async\"  src=\"https:\/\/shuiyunlanhotel.com\/wp-content\/uploads\/2025\/07\/Shuiyunlan-Hotel-40.webp\" alt=\"Shuiyunlan Hotel (40)\" \/>\t\t<\/div>\r\n\t\t\t\t<\/div>\t\t\t\t\t<\/div>\r\n\t\t\t\t\t\t<div class=\"grid-item\">\r\n\t\t\t\t\t\t<div class=\"nuss-box\">\t\t<div class=\"nuss-image image\">\r\n\t\t\t<img decoding=\"async\"  src=\"https:\/\/shuiyunlanhotel.com\/wp-content\/uploads\/2025\/07\/Shuiyunlan-Hotel-39.webp\" alt=\"Shuiyunlan Hotel (39)\" \/>\t\t<\/div>\r\n\t\t\t\t<\/div>\t\t\t\t\t<\/div>\r\n\t\t\t\t\t\t<div class=\"grid-item\">\r\n\t\t\t\t\t\t<div class=\"nuss-box\">\t\t<div class=\"nuss-image image\">\r\n\t\t\t<img decoding=\"async\"  src=\"https:\/\/shuiyunlanhotel.com\/wp-content\/uploads\/2025\/07\/Shuiyunlan-Hotel-36.webp\" alt=\"Shuiyunlan Hotel (36)\" \/>\t\t<\/div>\r\n\t\t\t\t<\/div>\t\t\t\t\t<\/div>\r\n\t\t\t\t\t\t<div class=\"grid-item\">\r\n\t\t\t\t\t\t<div class=\"nuss-box\">\t\t<div class=\"nuss-image image\">\r\n\t\t\t<img decoding=\"async\"  src=\"https:\/\/shuiyunlanhotel.com\/wp-content\/uploads\/2025\/07\/Shuiyunlan-Hotel-31.webp\" alt=\"Shuiyunlan Hotel (31)\" \/>\t\t<\/div>\r\n\t\t\t\t<\/div>\t\t\t\t\t<\/div>\r\n\t\t\t\t\t\t<div class=\"grid-item\">\r\n\t\t\t\t\t\t<div class=\"nuss-box\">\t\t<div class=\"nuss-image image\">\r\n\t\t\t<img decoding=\"async\"  src=\"https:\/\/shuiyunlanhotel.com\/wp-content\/uploads\/2025\/07\/Shuiyunlan-Hotel-29.webp\" alt=\"Shuiyunlan Hotel (29)\" \/>\t\t<\/div>\r\n\t\t\t\t<\/div>\t\t\t\t\t<\/div>\r\n\t\t\t\t\t\t<div class=\"grid-item\">\r\n\t\t\t\t\t\t<div class=\"nuss-box\">\t\t<div class=\"nuss-image image\">\r\n\t\t\t<img decoding=\"async\"  src=\"https:\/\/shuiyunlanhotel.com\/wp-content\/uploads\/2025\/07\/Shuiyunlan-Hotel-17.webp\" alt=\"Shuiyunlan Hotel (17)\" \/>\t\t<\/div>\r\n\t\t\t\t<\/div>\t\t\t\t\t<\/div>\r\n\t\t\t\t\t\t\t\r\n\t\t\t<\/div>\r\n\t\t<\/div>\r\n\t\t\t\t\t\t<\/div>\n\t\t\t\t<\/div>\n\t\t\t\t\t<\/div>\n\t\t\t\t<\/div>\n\t\t<div class=\"elementor-element elementor-element-80e250a e-flex e-con-boxed e-con e-parent\" data-id=\"80e250a\" data-element_type=\"container\" data-e-type=\"container\">\n\t\t\t\t\t<div class=\"e-con-inner\">\n\t\t\t\t<div class=\"elementor-element elementor-element-34df4da elementor-widget elementor-widget-text-editor\" data-id=\"34df4da\" data-element_type=\"widget\" data-e-type=\"widget\" data-widget_type=\"text-editor.default\">\n\t\t\t\t\t\t\t\t\t<h4><strong data-spm-anchor-id=\"a2ty_o01.29997173.0.i74.1216c921uN85es\">Perch\u00e9 gli ospiti amano il nostro ristorante <\/strong><\/h4><p>Basato su feedback reali degli ospiti e recensioni da piattaforme come <strong>TripAdvisor, Ctrip e Qunar <\/strong>Ecco alcuni dei motivi per cui il nostro ristorante si distingue:<\/p><p>\u2705 <strong>Piatti locali autentici con presentazione moderna <\/strong><br \/>\u2705 <strong>Qualit\u00e0 del cibo e dimensioni delle porzioni costantemente elevate <\/strong><br \/>\u2705 <strong>Servizio cordiale e attento <\/strong><br \/>\u2705 <strong>Ambiente da pranzo confortevole e pulito <\/strong><br \/>\u2705 <strong>Ottimo rapporto qualit\u00e0-prezzo <\/strong><br \/>\u2705 <strong>Comodo sia per gli ospiti dell&#039;hotel che per i visitatori locali <\/strong><\/p><div class=\"py-2 my-3\"><hr \/><\/div><h3><strong>Scopri i migliori sapori di Wuhan al ristorante dell&#039;hotel Shuiyunlan <\/strong><\/h3><p>Che tu stia soggiornando con noi o che tu stia semplicemente cercando un <strong>posto gustoso e rilassante dove cenare a Wuhan <\/strong>, il nostro ristorante a <strong>Shuiyunlan Hotel <\/strong> promette un <strong>esperienza culinaria indimenticabile <\/strong>. Dal <strong>dal primo morso all&#039;ultimo sorso <\/strong>, ogni dettaglio \u00e8 curato nei minimi dettagli per garantire che il tuo pasto non sia solo soddisfacente, ma anche memorabile.<\/p><p data-spm-anchor-id=\"a2ty_o01.29997173.0.i75.1216c921uN85es\">Vieni a goderti un <strong>mix di tradizione e modernit\u00e0 <\/strong>, Dove <strong>i sapori locali dell&#039;Hubei incontrano i gusti globali <\/strong>, tutto all&#039;interno del <strong>comfort ed eleganza del nostro ristorante dell&#039;hotel <\/strong>.<\/p>\t\t\t\t\t\t\t\t<\/div>\n\t\t\t\t\t<\/div>\n\t\t\t\t<\/div>\n\t\t\t\t<\/div>","protected":false},"excerpt":{"rendered":"<p>Savor the Flavors of Wuhan and Beyond at Shuiyunlan Hotel\u2019s In-House Restaurant At Shuiyunlan Hotel (\u6c34\u4e91\u5170\u9152\u5e97) , located in the bustling Jianghan District of Wuhan at 1-16F, Building A, Yinhai Business Building, Jianghan 2nd Road , our hotel restaurant is more than just a place to eat\u2014it\u2019s a destination where guests can indulge in a [&hellip;]<\/p>\n","protected":false},"author":1,"featured_media":0,"parent":0,"menu_order":0,"comment_status":"closed","ping_status":"closed","template":"","meta":{"footnotes":""},"class_list":["post-612","page","type-page","status-publish","hentry","post-no-thumbnail"],"_links":{"self":[{"href":"https:\/\/shuiyunlanhotel.com\/it\/wp-json\/wp\/v2\/pages\/612","targetHints":{"allow":["GET"]}}],"collection":[{"href":"https:\/\/shuiyunlanhotel.com\/it\/wp-json\/wp\/v2\/pages"}],"about":[{"href":"https:\/\/shuiyunlanhotel.com\/it\/wp-json\/wp\/v2\/types\/page"}],"author":[{"embeddable":true,"href":"https:\/\/shuiyunlanhotel.com\/it\/wp-json\/wp\/v2\/users\/1"}],"replies":[{"embeddable":true,"href":"https:\/\/shuiyunlanhotel.com\/it\/wp-json\/wp\/v2\/comments?post=612"}],"version-history":[{"count":0,"href":"https:\/\/shuiyunlanhotel.com\/it\/wp-json\/wp\/v2\/pages\/612\/revisions"}],"wp:attachment":[{"href":"https:\/\/shuiyunlanhotel.com\/it\/wp-json\/wp\/v2\/media?parent=612"}],"curies":[{"name":"wp","href":"https:\/\/api.w.org\/{rel}","templated":true}]}}